{"id":1067,"date":"2020-11-25T17:27:19","date_gmt":"2020-11-25T16:27:19","guid":{"rendered":"https:\/\/www.pharmacieonline.lu\/produit\/steovit-forte-citron-1000mg-800u-84-cpr\/"},"modified":"2026-04-28T10:40:20","modified_gmt":"2026-04-28T08:40:20","slug":"steovit-forte-citron-1000mg-800u-84-cpr","status":"publish","type":"product","link":"https:\/\/www.pharmacieonline.lu\/de\/produit\/steovit-forte-citron-1000mg-800u-84-cpr\/","title":{"rendered":"STEOVIT FORTE CITRON 1000MG\/800U 84 CPR"},"content":{"rendered":"<p>Indikation<\/p>\n<p>Vitamin D-Calcium-Mangel<\/p>\n<p>Pr\u00e4vention und Behandlung bei \u00e4lteren Menschen<\/p>\n<p>Osteoporose<\/p>\n<p>Vitamin-Kalzium-Aufnahme kombiniert mit einer spezifischen Behandlung von Osteoporose bei Patienten mit einem Risiko f\u00fcr Vitamin D und Kalziummangel<\/p>\n<p>Verwenden<br \/>\nErwachsene und \u00e4ltere Menschen<br \/>\n1 Tablette pro Tag<\/p>\n<p>Die Tabletten k\u00f6nnen gekaut oder gelutscht werden<\/p>","protected":false},"excerpt":{"rendered":"<p>Indikation Vitamin D-Calcium-Mangel Pr\u00e4vention und Behandlung bei \u00e4lteren Menschen Osteoporose Vitamin-Kalzium-Aufnahme kombiniert mit einer spezifischen Behandlung von Osteoporose bei Patienten mit einem Risiko f\u00fcr Vitamin D und Kalziummangel Verwenden Erwachsene und \u00e4ltere Menschen 1 Tablette pro Tag Die Tabletten k\u00f6nnen gekaut oder gelutscht werden<\/p>\n","protected":false},"featured_media":3860,"template":"","meta":{"_acf_changed":false,"footnotes":""},"product_brand":[],"product_cat":[43,766],"product_tag":[],"class_list":{"0":"post-1067","1":"product","2":"type-product","3":"status-publish","4":"has-post-thumbnail","6":"product_cat-medicaments-en-vente-libre","7":"product_cat-vitamines","9":"first","10":"instock","11":"taxable","12":"shipping-taxable","13":"purchasable","14":"product-type-simple"},"acf":[],"_links":{"self":[{"href":"https:\/\/www.pharmacieonline.lu\/de\/wp-json\/wp\/v2\/product\/1067","targetHints":{"allow":["GET"]}}],"collection":[{"href":"https:\/\/www.pharmacieonline.lu\/de\/wp-json\/wp\/v2\/product"}],"about":[{"href":"https:\/\/www.pharmacieonline.lu\/de\/wp-json\/wp\/v2\/types\/product"}],"version-history":[{"count":0,"href":"https:\/\/www.pharmacieonline.lu\/de\/wp-json\/wp\/v2\/product\/1067\/revisions"}],"wp:featuredmedia":[{"embeddable":true,"href":"https:\/\/www.pharmacieonline.lu\/de\/wp-json\/wp\/v2\/media\/3860"}],"wp:attachment":[{"href":"https:\/\/www.pharmacieonline.lu\/de\/wp-json\/wp\/v2\/media?parent=1067"}],"wp:term":[{"taxonomy":"product_brand","embeddable":true,"href":"https:\/\/www.pharmacieonline.lu\/de\/wp-json\/wp\/v2\/product_brand?post=1067"},{"taxonomy":"product_cat","embeddable":true,"href":"https:\/\/www.pharmacieonline.lu\/de\/wp-json\/wp\/v2\/product_cat?post=1067"},{"taxonomy":"product_tag","embeddable":true,"href":"https:\/\/www.pharmacieonline.lu\/de\/wp-json\/wp\/v2\/product_tag?post=1067"}],"curies":[{"name":"wp","href":"https:\/\/api.w.org\/{rel}","templated":true}]}}