{"id":1071,"date":"2020-11-25T17:27:19","date_gmt":"2020-11-25T16:27:19","guid":{"rendered":"https:\/\/www.pharmacieonline.lu\/produit\/fortimel-compact-fraise-4125-ml\/"},"modified":"2026-04-28T06:25:14","modified_gmt":"2026-04-28T04:25:14","slug":"fortimel-compact-fraise-4125-ml","status":"publish","type":"product","link":"https:\/\/www.pharmacieonline.lu\/de\/produit\/fortimel-compact-fraise-4125-ml\/","title":{"rendered":"FORTIMEL COMPACT FRAISE 4*125 ML"},"content":{"rendered":"<p>Fortimel Compact ist ein hyperenergetisches, vollst\u00e4ndiges orales Nahrungserg\u00e4nzungsmittel. Gluten-frei.<\/p>\n<p>Indikation<br \/>\nFortimel Compact Fibre ist ein Nahrungsmittel f\u00fcr medizinische Zwecke<\/p>\n<p>besondere Ern\u00e4hrungsbed\u00fcrfnisse bei krankheitsbedingter Unterern\u00e4hrung.<\/p>\n<p>Anwendung<br \/>\nVorzugsweise an einem k\u00fchlen, trockenen Ort lagern. Vor Gebrauch gut sch\u00fctteln. Einsatzbereit. Vorzugsweise frisch verzehren. Nach dem \u00d6ffnen kann die geschlossene Flasche im K\u00fchlschrank aufbewahrt werden (max. 24 Stunden). Denken Sie daran, genug zu trinken.<\/p>\n<p>Komposition<br \/>\nWasser, Glukosesirup, Milchproteine, Pflanzen\u00f6le (Raps, Sonnenblume), Ballaststoffe (Oligofructose, Galacto-Oligosacharid (aus Milch), Pektin, Fructo-Oligosacharide), Trehalose *, Kaliumcitrat, Emulgator (Sojalecithin), Geschmack, Magnesiumorthophosphat, Cholinchlorid, Kaliumchlorid, Farbe (Carmins\u00e4ure), Natriumcitrat, Natrium-L-Ascorbat, Eisenlactat, Zinksulfat, Nikotinamid, DL-\u03b1-Tocoferylacetat, Retinolacetat, Kupfergluconat, Natriumselenit, Mangansulfat, Chrom Chlorid, Calcium-D-pantothenat, D-Biotin, Cholecalciferol, Thiaminhydrochlorid, Pteroylmonoglutamins\u00e4ure, Pyridoxinhydrochlorid, Natriummolybdat, Natriumfluorid, Riboflavin, Kaliumiodid, Phytomenadion, Cyanocobalamin. * Trehalose ist eine Glukosequelle.<\/p>","protected":false},"excerpt":{"rendered":"<p>Fortimel Compact ist ein hyperenergetisches, vollst\u00e4ndiges orales Nahrungserg\u00e4nzungsmittel. Gluten-frei. Indikation Fortimel Compact Fibre ist ein Nahrungsmittel f\u00fcr medizinische Zwecke besondere Ern\u00e4hrungsbed\u00fcrfnisse bei krankheitsbedingter Unterern\u00e4hrung. Anwendung Vorzugsweise an einem k\u00fchlen, trockenen Ort lagern. Vor Gebrauch gut sch\u00fctteln. Einsatzbereit. Vorzugsweise frisch verzehren. Nach dem \u00d6ffnen kann die geschlossene Flasche im K\u00fchlschrank aufbewahrt werden (max. 24 Stunden). Denken [&hellip;]<\/p>\n","protected":false},"featured_media":3867,"template":"","meta":{"_acf_changed":false,"footnotes":""},"product_brand":[],"product_cat":[767,45,953],"product_tag":[],"class_list":{"0":"post-1071","1":"product","2":"type-product","3":"status-publish","4":"has-post-thumbnail","6":"product_cat-denutrition","7":"product_cat-materiel-medical","8":"product_cat-complements-alimentaires","10":"first","11":"outofstock","12":"taxable","13":"shipping-taxable","14":"purchasable","15":"product-type-simple"},"acf":[],"_links":{"self":[{"href":"https:\/\/www.pharmacieonline.lu\/de\/wp-json\/wp\/v2\/product\/1071","targetHints":{"allow":["GET"]}}],"collection":[{"href":"https:\/\/www.pharmacieonline.lu\/de\/wp-json\/wp\/v2\/product"}],"about":[{"href":"https:\/\/www.pharmacieonline.lu\/de\/wp-json\/wp\/v2\/types\/product"}],"version-history":[{"count":0,"href":"https:\/\/www.pharmacieonline.lu\/de\/wp-json\/wp\/v2\/product\/1071\/revisions"}],"wp:featuredmedia":[{"embeddable":true,"href":"https:\/\/www.pharmacieonline.lu\/de\/wp-json\/wp\/v2\/media\/3867"}],"wp:attachment":[{"href":"https:\/\/www.pharmacieonline.lu\/de\/wp-json\/wp\/v2\/media?parent=1071"}],"wp:term":[{"taxonomy":"product_brand","embeddable":true,"href":"https:\/\/www.pharmacieonline.lu\/de\/wp-json\/wp\/v2\/product_brand?post=1071"},{"taxonomy":"product_cat","embeddable":true,"href":"https:\/\/www.pharmacieonline.lu\/de\/wp-json\/wp\/v2\/product_cat?post=1071"},{"taxonomy":"product_tag","embeddable":true,"href":"https:\/\/www.pharmacieonline.lu\/de\/wp-json\/wp\/v2\/product_tag?post=1071"}],"curies":[{"name":"wp","href":"https:\/\/api.w.org\/{rel}","templated":true}]}}