{"id":1083,"date":"2020-11-25T17:27:19","date_gmt":"2020-11-25T16:27:19","guid":{"rendered":"https:\/\/www.pharmacieonline.lu\/produit\/avene-cold-cream-creme-100-ml\/"},"modified":"2026-04-29T01:40:40","modified_gmt":"2026-04-28T23:40:40","slug":"avene-cold-cream-creme-100-ml","status":"publish","type":"product","link":"https:\/\/www.pharmacieonline.lu\/de\/produit\/avene-cold-cream-creme-100-ml\/","title":{"rendered":"AVENE COLD CREAM CREME 100 ML"},"content":{"rendered":"<p>N\u00e4hrt, hydratisiert * und sch\u00fctzt Ihre Haut vor \u00e4u\u00dferen Einfl\u00fcssen.<\/p>\n<p>* Obere Hautschichten.<\/p>\n<p>Verwendet:<br \/>\nReinigen Sie zuerst Ihre Haut.<br \/>\nWenden Sie diese Behandlung zweimal t\u00e4glich an und massieren Sie sie sanft ein, um in die Creme einzudringen.<\/p>\n<p>Komposition:<br \/>\nMINERAL\u00d6L (PARAFFINUM LIQUIDUM). AVENE THERMAL SPRING WATER (AVENE AQUA). Bienenwachs (CERA ALBA). GLYCERYLSTEARAT. CETYLALKOHOL. BHT. C20-40 PARETH-10. CAPRYLYL GLYCOL. CETYLPHOSPHAT. DUFT (PARFUM). POLYACRYLAT-13. POLYISOBUTEN. POLYSORBAT 20. NATRIUMHYDROXID. SORBITAN ISOSTEARATE. TRIETHANOLAMIN. WASSER (AQUA).<\/p>","protected":false},"excerpt":{"rendered":"<p>N\u00e4hrt, hydratisiert * und sch\u00fctzt Ihre Haut vor \u00e4u\u00dferen Einfl\u00fcssen. * Obere Hautschichten. Verwendet: Reinigen Sie zuerst Ihre Haut. Wenden Sie diese Behandlung zweimal t\u00e4glich an und massieren Sie sie sanft ein, um in die Creme einzudringen. Komposition: MINERAL\u00d6L (PARAFFINUM LIQUIDUM). AVENE THERMAL SPRING WATER (AVENE AQUA). Bienenwachs (CERA ALBA). GLYCERYLSTEARAT. CETYLALKOHOL. BHT. C20-40 PARETH-10. [&hellip;]<\/p>\n","protected":false},"featured_media":12499,"template":"","meta":{"_acf_changed":false,"footnotes":""},"product_brand":[],"product_cat":[47,42,54,56],"product_tag":[],"class_list":{"0":"post-1083","1":"product","2":"type-product","3":"status-publish","4":"has-post-thumbnail","6":"product_cat-dermocosmetique","7":"product_cat-para-pharmacie","8":"product_cat-soins-du-visage","9":"product_cat-soins-du-corps","11":"first","12":"instock","13":"taxable","14":"shipping-taxable","15":"purchasable","16":"product-type-simple"},"acf":[],"_links":{"self":[{"href":"https:\/\/www.pharmacieonline.lu\/de\/wp-json\/wp\/v2\/product\/1083","targetHints":{"allow":["GET"]}}],"collection":[{"href":"https:\/\/www.pharmacieonline.lu\/de\/wp-json\/wp\/v2\/product"}],"about":[{"href":"https:\/\/www.pharmacieonline.lu\/de\/wp-json\/wp\/v2\/types\/product"}],"version-history":[{"count":0,"href":"https:\/\/www.pharmacieonline.lu\/de\/wp-json\/wp\/v2\/product\/1083\/revisions"}],"wp:featuredmedia":[{"embeddable":true,"href":"https:\/\/www.pharmacieonline.lu\/de\/wp-json\/wp\/v2\/media\/12499"}],"wp:attachment":[{"href":"https:\/\/www.pharmacieonline.lu\/de\/wp-json\/wp\/v2\/media?parent=1083"}],"wp:term":[{"taxonomy":"product_brand","embeddable":true,"href":"https:\/\/www.pharmacieonline.lu\/de\/wp-json\/wp\/v2\/product_brand?post=1083"},{"taxonomy":"product_cat","embeddable":true,"href":"https:\/\/www.pharmacieonline.lu\/de\/wp-json\/wp\/v2\/product_cat?post=1083"},{"taxonomy":"product_tag","embeddable":true,"href":"https:\/\/www.pharmacieonline.lu\/de\/wp-json\/wp\/v2\/product_tag?post=1083"}],"curies":[{"name":"wp","href":"https:\/\/api.w.org\/{rel}","templated":true}]}}