{"id":1087,"date":"2020-11-25T17:27:19","date_gmt":"2020-11-25T16:27:19","guid":{"rendered":"https:\/\/www.pharmacieonline.lu\/produit\/medela-brusthuetchen-contact-medium-a-2\/"},"modified":"2026-04-07T05:55:32","modified_gmt":"2026-04-07T03:55:32","slug":"medela-brusthuetchen-contact-medium-a-2","status":"publish","type":"product","link":"https:\/\/www.pharmacieonline.lu\/de\/produit\/medela-brusthuetchen-contact-medium-a-2\/","title":{"rendered":"MEDELA BRUSTHUETCHEN CONTACT MEDIUM A 2"},"content":{"rendered":"<p>Sie erm\u00f6glichen es Ihnen, Ihr Baby trotz dieser Schwierigkeiten zu stillen. Kontaktbrustspitzen sollen Ihre Brustwarzen w\u00e4hrend des Stillens sch\u00fctzen und dem Baby dabei helfen, die Brustwarze zu greifen. Sein spezieller Schnitt sorgt f\u00fcr maximalen Hautkontakt. Die Kontaktbrustspitzen sind in drei Gr\u00f6\u00dfen erh\u00e4ltlich und werden in einer praktischen Aufbewahrungsbox geliefert.<\/p>","protected":false},"excerpt":{"rendered":"<p>Sie erm\u00f6glichen es Ihnen, Ihr Baby trotz dieser Schwierigkeiten zu stillen. Kontaktbrustspitzen sollen Ihre Brustwarzen w\u00e4hrend des Stillens sch\u00fctzen und dem Baby dabei helfen, die Brustwarze zu greifen. Sein spezieller Schnitt sorgt f\u00fcr maximalen Hautkontakt. Die Kontaktbrustspitzen sind in drei Gr\u00f6\u00dfen erh\u00e4ltlich und werden in einer praktischen Aufbewahrungsbox geliefert.<\/p>\n","protected":false},"featured_media":3849,"template":"","meta":{"_acf_changed":false,"footnotes":""},"product_brand":[],"product_cat":[139,44,111],"product_tag":[],"class_list":{"0":"post-1087","1":"product","2":"type-product","3":"status-publish","4":"has-post-thumbnail","6":"product_cat-accessoires-dallaitement","7":"product_cat-bebe-maman","8":"product_cat-maman-grossesse","10":"first","11":"instock","12":"taxable","13":"shipping-taxable","14":"purchasable","15":"product-type-simple"},"acf":[],"_links":{"self":[{"href":"https:\/\/www.pharmacieonline.lu\/de\/wp-json\/wp\/v2\/product\/1087","targetHints":{"allow":["GET"]}}],"collection":[{"href":"https:\/\/www.pharmacieonline.lu\/de\/wp-json\/wp\/v2\/product"}],"about":[{"href":"https:\/\/www.pharmacieonline.lu\/de\/wp-json\/wp\/v2\/types\/product"}],"version-history":[{"count":0,"href":"https:\/\/www.pharmacieonline.lu\/de\/wp-json\/wp\/v2\/product\/1087\/revisions"}],"wp:featuredmedia":[{"embeddable":true,"href":"https:\/\/www.pharmacieonline.lu\/de\/wp-json\/wp\/v2\/media\/3849"}],"wp:attachment":[{"href":"https:\/\/www.pharmacieonline.lu\/de\/wp-json\/wp\/v2\/media?parent=1087"}],"wp:term":[{"taxonomy":"product_brand","embeddable":true,"href":"https:\/\/www.pharmacieonline.lu\/de\/wp-json\/wp\/v2\/product_brand?post=1087"},{"taxonomy":"product_cat","embeddable":true,"href":"https:\/\/www.pharmacieonline.lu\/de\/wp-json\/wp\/v2\/product_cat?post=1087"},{"taxonomy":"product_tag","embeddable":true,"href":"https:\/\/www.pharmacieonline.lu\/de\/wp-json\/wp\/v2\/product_tag?post=1087"}],"curies":[{"name":"wp","href":"https:\/\/api.w.org\/{rel}","templated":true}]}}