{"id":1089,"date":"2020-11-25T17:27:19","date_gmt":"2020-11-25T16:27:19","guid":{"rendered":"https:\/\/www.pharmacieonline.lu\/produit\/diarsanyl-pate-orale-24-ml-vet\/"},"modified":"2026-04-27T13:55:30","modified_gmt":"2026-04-27T11:55:30","slug":"diarsanyl-pate-orale-24-ml-vet","status":"publish","type":"product","link":"https:\/\/www.pharmacieonline.lu\/de\/produit\/diarsanyl-pate-orale-24-ml-vet\/","title":{"rendered":"DIARSANYL+ PATE ORALE 24 ML VET"},"content":{"rendered":"<p>Nahrungserg\u00e4nzungsmittel f\u00fcr Hunde und Katzen zur Begrenzung der Symptome bei akutem Durchfall.<\/p>\n<p>Oralem Weg.<br \/>\nBedeckt die Verdauungsschleimhaut mit einem Schutzfilm.<\/p>\n<p>\u00dcber 3 Tage in folgenden Dosen verabreichen:<br \/>\n&#8211; Katzen, Hunde unter 7 kg:<br \/>\n2 ml pro Tag in 2 Dosen, d. H. 1 Kerbe (1 ml) der 10 ml-Dosierspritze morgens und abends f\u00fcr 3 bis 15 Tage.<br \/>\n&#8211; Hunde von 7 bis 18 kg:<br \/>\n4 ml pro Tag in 2 Dosen, d. H. 1 Kerbe (2 ml) der 24 ml-Dosierspritze morgens und abends f\u00fcr 3 bis 15 Tage.<br \/>\n&#8211; Hunde von 18 bis 30 kg:<br \/>\n8 ml pro Tag in 2 Dosen, d. H. 2 Kerben (4 ml) der 24 ml-Dosierspritze morgens und abends f\u00fcr 3 bis 15 Tage.<br \/>\n&#8211; Hunde \u00fcber 30 kg, Fohlen, K\u00e4lber:<br \/>\n20 ml pro Tag in 2 Dosen, d. H. 1 Kerbe (10 ml) der 60 ml Dosierspritze morgens und abends f\u00fcr 3 bis 15 Tage.<\/p>\n<p>Setzen Sie die Spitze der Spritze in H\u00f6he der Lippenwinkel des Tieres in den Mund.<br \/>\nSpritzenkolben einschieben. Die Kerbe des Kolbens sollte in die Spritze passen.<\/p>\n<p>Dank Montmorillonit stellt Diarsanyl die Integrit\u00e4t der Darmbarriere wieder her<br \/>\nDie in der Formulierung enthaltenen Pr\u00e4biotika gleichen die Darmflora wieder aus, verbessern die Absorptionskapazit\u00e4t des Dickdarms und erh\u00f6hen die Aufnahme von Mineralien und die Produktion von Vitaminen.<br \/>\nDextrose und Elektrolyte liefern Mineralien und verdauliche Inhaltsstoffe.<\/p>","protected":false},"excerpt":{"rendered":"<p>Nahrungserg\u00e4nzungsmittel f\u00fcr Hunde und Katzen zur Begrenzung der Symptome bei akutem Durchfall. Oralem Weg. Bedeckt die Verdauungsschleimhaut mit einem Schutzfilm. \u00dcber 3 Tage in folgenden Dosen verabreichen: &#8211; Katzen, Hunde unter 7 kg: 2 ml pro Tag in 2 Dosen, d. H. 1 Kerbe (1 ml) der 10 ml-Dosierspritze morgens und abends f\u00fcr 3 bis [&hellip;]<\/p>\n","protected":false},"featured_media":3837,"template":"","meta":{"_acf_changed":false,"footnotes":""},"product_brand":[],"product_cat":[151,150,152,156,46],"product_tag":[],"class_list":{"0":"post-1089","1":"product","2":"type-product","3":"status-publish","4":"has-post-thumbnail","6":"product_cat-chiens","7":"product_cat-chats","8":"product_cat-soins","9":"product_cat-soins-chiens","10":"product_cat-veterinaire","12":"first","13":"outofstock","14":"taxable","15":"shipping-taxable","16":"purchasable","17":"product-type-simple"},"acf":[],"_links":{"self":[{"href":"https:\/\/www.pharmacieonline.lu\/de\/wp-json\/wp\/v2\/product\/1089","targetHints":{"allow":["GET"]}}],"collection":[{"href":"https:\/\/www.pharmacieonline.lu\/de\/wp-json\/wp\/v2\/product"}],"about":[{"href":"https:\/\/www.pharmacieonline.lu\/de\/wp-json\/wp\/v2\/types\/product"}],"version-history":[{"count":0,"href":"https:\/\/www.pharmacieonline.lu\/de\/wp-json\/wp\/v2\/product\/1089\/revisions"}],"wp:featuredmedia":[{"embeddable":true,"href":"https:\/\/www.pharmacieonline.lu\/de\/wp-json\/wp\/v2\/media\/3837"}],"wp:attachment":[{"href":"https:\/\/www.pharmacieonline.lu\/de\/wp-json\/wp\/v2\/media?parent=1089"}],"wp:term":[{"taxonomy":"product_brand","embeddable":true,"href":"https:\/\/www.pharmacieonline.lu\/de\/wp-json\/wp\/v2\/product_brand?post=1089"},{"taxonomy":"product_cat","embeddable":true,"href":"https:\/\/www.pharmacieonline.lu\/de\/wp-json\/wp\/v2\/product_cat?post=1089"},{"taxonomy":"product_tag","embeddable":true,"href":"https:\/\/www.pharmacieonline.lu\/de\/wp-json\/wp\/v2\/product_tag?post=1089"}],"curies":[{"name":"wp","href":"https:\/\/api.w.org\/{rel}","templated":true}]}}