{"id":1113,"date":"2020-11-25T17:27:20","date_gmt":"2020-11-25T16:27:20","guid":{"rendered":"https:\/\/www.pharmacieonline.lu\/produit\/energie-taurine-power-30-cpr-efferv\/"},"modified":"2026-04-30T08:25:55","modified_gmt":"2026-04-30T06:25:55","slug":"energie-taurine-power-30-cpr-efferv","status":"publish","type":"product","link":"https:\/\/www.pharmacieonline.lu\/de\/produit\/energie-taurine-power-30-cpr-efferv\/","title":{"rendered":"ENERGIE TAURINE POWER 30 CPR EFFERV."},"content":{"rendered":"<p>Die Formel von ENERGIE TAURINE POWER besteht aus einer Kombination von Wirkstoffen, die synergetisch wirken: Taurin: eine Aminos\u00e4ure, die vom K\u00f6rper auf nat\u00fcrliche Weise produziert wird; Koffein: erh\u00e4lt die Aufmerksamkeitsf\u00e4higkeit aufrecht und stimuliert die Funktion der Muskeln; Vitamin C, das Anti-M\u00fcdigkeit-Vitamin schlechthin f\u00fcr eine schnelle Energieerzeugung; L-Carnitin: f\u00f6rdert die sofortige Energieerzeugung; Magnesium und Vitamine der Gruppe B, die am Energiestoffwechsel und am neuronalen Gleichgewicht f\u00fcr langfristige Energie beteiligt sind<\/p>\n<p>Indikation<br \/>\nEnergie Taurine Power ist die ideale Erg\u00e4nzung in Zeiten intensiver Aktivit\u00e4t. Es ist reich an Taurin und liefert dank der synergistischen Wirkung stimulierender Inhaltsstoffe sofort Energie f\u00fcr eine verst\u00e4rkende Wirkung.<\/p>\n<p>Anwendung<br \/>\n1 Brausetablette pro Tag morgens oder abends (f\u00fcr Nachtschw\u00e4rmer) vor dem Essen in einem 200 ml Glas Wasser aufl\u00f6sen.<\/p>\n<p>Komposition<br \/>\nS\u00e4ureregulatoren (Zitronens\u00e4ure, Natriumbicarbonat, Natriumcarbonat), Glucose, Magnesiumcarbonat, Oligofructose, Taurin, S\u00fc\u00dfstoffe (Natriumcyclamat, Aspartam, Kaliumacesulfam), Vitamin C (L-Ascorbins\u00e4ure), Koffein, Farben (Rote Beete rot, Tr\u00e4ger) : Maltodextrin, Riboflavin-5&#8242;-phosphat), Aromen (Orange, Mandarine, Zitrone), L-Carnitin, Vitamine B3 (Nikotinamid), B5 (D-Calciumpantothenat), B6 \u200b\u200b(Hydrochloridpyridoxin), B12 (Cyanocobalamin) .<\/p>","protected":false},"excerpt":{"rendered":"<p>Die Formel von ENERGIE TAURINE POWER besteht aus einer Kombination von Wirkstoffen, die synergetisch wirken: Taurin: eine Aminos\u00e4ure, die vom K\u00f6rper auf nat\u00fcrliche Weise produziert wird; Koffein: erh\u00e4lt die Aufmerksamkeitsf\u00e4higkeit aufrecht und stimuliert die Funktion der Muskeln; Vitamin C, das Anti-M\u00fcdigkeit-Vitamin schlechthin f\u00fcr eine schnelle Energieerzeugung; L-Carnitin: f\u00f6rdert die sofortige Energieerzeugung; Magnesium und Vitamine der [&hellip;]<\/p>\n","protected":false},"featured_media":3822,"template":"","meta":{"_acf_changed":false,"footnotes":""},"product_brand":[],"product_cat":[42,766,953],"product_tag":[],"class_list":{"0":"post-1113","1":"product","2":"type-product","3":"status-publish","4":"has-post-thumbnail","6":"product_cat-para-pharmacie","7":"product_cat-vitamines","8":"product_cat-complements-alimentaires","10":"first","11":"instock","12":"taxable","13":"shipping-taxable","14":"purchasable","15":"product-type-simple"},"acf":[],"_links":{"self":[{"href":"https:\/\/www.pharmacieonline.lu\/de\/wp-json\/wp\/v2\/product\/1113","targetHints":{"allow":["GET"]}}],"collection":[{"href":"https:\/\/www.pharmacieonline.lu\/de\/wp-json\/wp\/v2\/product"}],"about":[{"href":"https:\/\/www.pharmacieonline.lu\/de\/wp-json\/wp\/v2\/types\/product"}],"version-history":[{"count":0,"href":"https:\/\/www.pharmacieonline.lu\/de\/wp-json\/wp\/v2\/product\/1113\/revisions"}],"wp:featuredmedia":[{"embeddable":true,"href":"https:\/\/www.pharmacieonline.lu\/de\/wp-json\/wp\/v2\/media\/3822"}],"wp:attachment":[{"href":"https:\/\/www.pharmacieonline.lu\/de\/wp-json\/wp\/v2\/media?parent=1113"}],"wp:term":[{"taxonomy":"product_brand","embeddable":true,"href":"https:\/\/www.pharmacieonline.lu\/de\/wp-json\/wp\/v2\/product_brand?post=1113"},{"taxonomy":"product_cat","embeddable":true,"href":"https:\/\/www.pharmacieonline.lu\/de\/wp-json\/wp\/v2\/product_cat?post=1113"},{"taxonomy":"product_tag","embeddable":true,"href":"https:\/\/www.pharmacieonline.lu\/de\/wp-json\/wp\/v2\/product_tag?post=1113"}],"curies":[{"name":"wp","href":"https:\/\/api.w.org\/{rel}","templated":true}]}}