{"id":1119,"date":"2020-11-25T17:27:20","date_gmt":"2020-11-25T16:27:20","guid":{"rendered":"https:\/\/www.pharmacieonline.lu\/produit\/pures-diffusion-cplx-zen-30-ml\/"},"modified":"2026-04-03T07:55:35","modified_gmt":"2026-04-03T05:55:35","slug":"pures-diffusion-cplx-zen-30-ml","status":"publish","type":"product","link":"https:\/\/www.pharmacieonline.lu\/de\/produit\/pures-diffusion-cplx-zen-30-ml\/","title":{"rendered":"PURES DIFFUSION CPLX ZEN 30 ML"},"content":{"rendered":"<p>10 \u00e4therische \u00d6le (Shiu-Holz, Cajeput, r\u00f6mische Kamille, offizieller Lavendel, Lavandin Grosso, Majoran, Orange, Palmarosa, Petitgrain Bigarade, Santal Amyris) mit beruhigenden, beruhigenden, entspannenden und beruhigenden Tugenden f\u00f6rdern auf nat\u00fcrliche Weise Entspannung, Entspannung und Schlaf. Hergestellt in Frankreich.<\/p>\n<p>Anwendung<br \/>\nZur Verwendung mit einem Puressentiel\u00ae-Diffusor. F\u00fcr kleine Orte einige Tropfen auf eine Untertasse in der N\u00e4he einer W\u00e4rmequelle geben. Wichtig ist, dass ein \u00e4therisches \u00d6l niemals zu stark verbrannt oder erhitzt wird, da es sonst seine Hauptverbindungen zerst\u00f6rt.<\/p>\n<p>Komposition<br \/>\n10 \u00e4therische \u00d6le (Shiu-Holz, Cajeput, r\u00f6mische Kamille, offizieller Lavendel, Lavandin Grosso, Majoran, Orange, Palmarosa, Petitgrain Bigarade, Sandelholz Amyris)<\/p>","protected":false},"excerpt":{"rendered":"<p>10 \u00e4therische \u00d6le (Shiu-Holz, Cajeput, r\u00f6mische Kamille, offizieller Lavendel, Lavandin Grosso, Majoran, Orange, Palmarosa, Petitgrain Bigarade, Santal Amyris) mit beruhigenden, beruhigenden, entspannenden und beruhigenden Tugenden f\u00f6rdern auf nat\u00fcrliche Weise Entspannung, Entspannung und Schlaf. Hergestellt in Frankreich. Anwendung Zur Verwendung mit einem Puressentiel\u00ae-Diffusor. F\u00fcr kleine Orte einige Tropfen auf eine Untertasse in der N\u00e4he einer W\u00e4rmequelle [&hellip;]<\/p>\n","protected":false},"featured_media":3784,"template":"","meta":{"_acf_changed":false,"footnotes":""},"product_brand":[],"product_cat":[42,79,782],"product_tag":[],"class_list":{"0":"post-1119","1":"product","2":"type-product","3":"status-publish","4":"has-post-thumbnail","6":"product_cat-para-pharmacie","7":"product_cat-aromatherapie","8":"product_cat-vegan","10":"first","11":"instock","12":"taxable","13":"shipping-taxable","14":"purchasable","15":"product-type-simple"},"acf":[],"_links":{"self":[{"href":"https:\/\/www.pharmacieonline.lu\/de\/wp-json\/wp\/v2\/product\/1119","targetHints":{"allow":["GET"]}}],"collection":[{"href":"https:\/\/www.pharmacieonline.lu\/de\/wp-json\/wp\/v2\/product"}],"about":[{"href":"https:\/\/www.pharmacieonline.lu\/de\/wp-json\/wp\/v2\/types\/product"}],"version-history":[{"count":0,"href":"https:\/\/www.pharmacieonline.lu\/de\/wp-json\/wp\/v2\/product\/1119\/revisions"}],"wp:featuredmedia":[{"embeddable":true,"href":"https:\/\/www.pharmacieonline.lu\/de\/wp-json\/wp\/v2\/media\/3784"}],"wp:attachment":[{"href":"https:\/\/www.pharmacieonline.lu\/de\/wp-json\/wp\/v2\/media?parent=1119"}],"wp:term":[{"taxonomy":"product_brand","embeddable":true,"href":"https:\/\/www.pharmacieonline.lu\/de\/wp-json\/wp\/v2\/product_brand?post=1119"},{"taxonomy":"product_cat","embeddable":true,"href":"https:\/\/www.pharmacieonline.lu\/de\/wp-json\/wp\/v2\/product_cat?post=1119"},{"taxonomy":"product_tag","embeddable":true,"href":"https:\/\/www.pharmacieonline.lu\/de\/wp-json\/wp\/v2\/product_tag?post=1119"}],"curies":[{"name":"wp","href":"https:\/\/api.w.org\/{rel}","templated":true}]}}