{"id":1122,"date":"2020-11-25T17:27:20","date_gmt":"2020-11-25T16:27:20","guid":{"rendered":"https:\/\/www.pharmacieonline.lu\/produit\/cardioaspirine-100-mg-84-cpr\/"},"modified":"2026-04-24T00:25:28","modified_gmt":"2026-04-23T22:25:28","slug":"cardioaspirine-100-mg-84-cpr","status":"publish","type":"product","link":"https:\/\/www.pharmacieonline.lu\/de\/produit\/cardioaspirine-100-mg-84-cpr\/","title":{"rendered":"CARDIOASPIRINE 100 MG 84 CPR"},"content":{"rendered":"<p>Indikation<\/p>\n<p>Therapeutisch<br \/>\nAkute Behandlung f\u00fcr: Myokardinfarkt, instabile Angina pectoris, Bypass-Operation der Koronararterien, Koronarangioplastie und Bypass zur extrarenalen Reinigung (= Dialyse-Shunt)<\/p>\n<p>Prophylaxe<br \/>\nSekund\u00e4rprophylaxe nach Myokardinfarkt, nach vor\u00fcbergehender isch\u00e4mischer Attacke (TIA) oder anderen zerebrovaskul\u00e4ren Unf\u00e4llen (Schlaganfall) sowie bei Kawasaki-Syndrom<br \/>\nPrim\u00e4rprophylaxe des Myokardinfarkts in bestimmten Risikogruppen (ausgepr\u00e4gte Familienanamnese von Atherosklerose; Diabetes mellitus; Gicht; Hypertonie; Dyslipid\u00e4mie)<\/p>\n<p>Anwendung<br \/>\nAkute Behandlung<br \/>\n1 bis 3 Tabletten \u00fcber den Tag verteilt<br \/>\n1. Dosis bei akutem Myokardinfarkt: zwischen 3 und 6 Tabletten<\/p>\n<p>Prophylaxe<br \/>\n1 bis 2 Tablette (n) pro Tag<br \/>\nIm Falle des Kawazaki-Syndroms<br \/>\nFieberphase: 30 mg \/ kg \/ Tag<br \/>\nVon der 2. bis zur 3. Woche: 5 mg \/ kg \/ Tag<\/p>\n<p>Schlucken Sie die Tabletten mit etwas Wasser, ohne sie zu schneiden<br \/>\nAm besten nach dem Essen<br \/>\nDann trinke noch ein Glas Wasser oder noch ein Getr\u00e4nk<br \/>\nAkuter Myokardinfarkt: Kauen oder zerdr\u00fccken Sie die Tabletten f\u00fcr die Anfangsdosis<br \/>\nKawazaki-Syndrom: Wenn die Tabletten je nach Dosis geteilt werden m\u00fcssen, ber\u00fccksichtigen Sie, dass die Magenschleimhaut nicht gesch\u00fctzt ist<\/p>","protected":false},"excerpt":{"rendered":"<p>Indikation Therapeutisch Akute Behandlung f\u00fcr: Myokardinfarkt, instabile Angina pectoris, Bypass-Operation der Koronararterien, Koronarangioplastie und Bypass zur extrarenalen Reinigung (= Dialyse-Shunt) Prophylaxe Sekund\u00e4rprophylaxe nach Myokardinfarkt, nach vor\u00fcbergehender isch\u00e4mischer Attacke (TIA) oder anderen zerebrovaskul\u00e4ren Unf\u00e4llen (Schlaganfall) sowie bei Kawasaki-Syndrom Prim\u00e4rprophylaxe des Myokardinfarkts in bestimmten Risikogruppen (ausgepr\u00e4gte Familienanamnese von Atherosklerose; Diabetes mellitus; Gicht; Hypertonie; Dyslipid\u00e4mie) Anwendung Akute Behandlung [&hellip;]<\/p>\n","protected":false},"featured_media":3814,"template":"","meta":{"_acf_changed":false,"footnotes":""},"product_brand":[],"product_cat":[43],"product_tag":[],"class_list":{"0":"post-1122","1":"product","2":"type-product","3":"status-publish","4":"has-post-thumbnail","6":"product_cat-medicaments-en-vente-libre","8":"first","9":"instock","10":"taxable","11":"shipping-taxable","12":"purchasable","13":"product-type-simple"},"acf":[],"_links":{"self":[{"href":"https:\/\/www.pharmacieonline.lu\/de\/wp-json\/wp\/v2\/product\/1122","targetHints":{"allow":["GET"]}}],"collection":[{"href":"https:\/\/www.pharmacieonline.lu\/de\/wp-json\/wp\/v2\/product"}],"about":[{"href":"https:\/\/www.pharmacieonline.lu\/de\/wp-json\/wp\/v2\/types\/product"}],"version-history":[{"count":0,"href":"https:\/\/www.pharmacieonline.lu\/de\/wp-json\/wp\/v2\/product\/1122\/revisions"}],"wp:featuredmedia":[{"embeddable":true,"href":"https:\/\/www.pharmacieonline.lu\/de\/wp-json\/wp\/v2\/media\/3814"}],"wp:attachment":[{"href":"https:\/\/www.pharmacieonline.lu\/de\/wp-json\/wp\/v2\/media?parent=1122"}],"wp:term":[{"taxonomy":"product_brand","embeddable":true,"href":"https:\/\/www.pharmacieonline.lu\/de\/wp-json\/wp\/v2\/product_brand?post=1122"},{"taxonomy":"product_cat","embeddable":true,"href":"https:\/\/www.pharmacieonline.lu\/de\/wp-json\/wp\/v2\/product_cat?post=1122"},{"taxonomy":"product_tag","embeddable":true,"href":"https:\/\/www.pharmacieonline.lu\/de\/wp-json\/wp\/v2\/product_tag?post=1122"}],"curies":[{"name":"wp","href":"https:\/\/api.w.org\/{rel}","templated":true}]}}