{"id":1126,"date":"2020-11-25T17:27:20","date_gmt":"2020-11-25T16:27:20","guid":{"rendered":"https:\/\/www.pharmacieonline.lu\/produit\/gastrolyte-banane-6-sach\/"},"modified":"2026-04-28T12:40:22","modified_gmt":"2026-04-28T10:40:22","slug":"gastrolyte-banane-6-sach","status":"publish","type":"product","link":"https:\/\/www.pharmacieonline.lu\/de\/produit\/gastrolyte-banane-6-sach\/","title":{"rendered":"GASTROLYTE BANANE 6 SACH"},"content":{"rendered":"<p>Gastrolyte O.R.S. Orange ist eine L\u00f6sung aus Glukose, Salzen und Reis. Es ist eine sofortige Zubereitung mit einem angenehmen Bananengeschmack, die die Eigenschaften von Reiswasser besitzt. Es ist ein O.R.S. (= Orale Rehydrationssalze), um einen guten Fl\u00fcssigkeitshaushalt zu unterst\u00fctzen.<\/p>\n<p>Indikation<br \/>\nGastrolyte O.R.S. Banane + Reis ist eine sofortige Zubereitung mit einem angenehmen Bananengeschmack, die die Eigenschaften von Reiswasser besitzt. Es ist ein O.R.S. (= Orale Rehydrationssalze), um einen guten Fl\u00fcssigkeitshaushalt zu unterst\u00fctzen.<\/p>\n<p>Verwendung<br \/>\nGie\u00dfen Sie den Inhalt des Beutels in ein gro\u00dfes Glas Wasser (250 ml). Gut mischen und den Inhalt des Glases trinken. Bewahren Sie die L\u00f6sung nicht l\u00e4nger als 24 Stunden im K\u00fchlschrank auf. &#8211; Bei S\u00e4uglingen von 3 Monaten bis 1 Jahr: Bei einem Verlust von weniger als 10% werden 150 bis 250 ml \/ kg \/ 24 h dieses Pr\u00e4parats verabreicht. Die H\u00e4lfte des Volumens soll in den ersten 8 Stunden, die andere H\u00e4lfte in den folgenden 16 Stunden verabreicht werden. Die verabreichte Menge kann aufgeteilt werden (5 bis 10 ml alle 5 Minuten) und wird schrittweise erh\u00f6ht, bis das Kind normal trinken kann. Wenn der Zustand des Kindes innerhalb der ersten 24 Stunden erf\u00fcllt ist, sollte nach und nach Milch f\u00fcr das Kind hinzugef\u00fcgt werden. Zum Beispiel: * 1. Tag: 100% Gastrolyte O.R.S. Banane + Reis * 2. Tag: 75% Gastrolyte O.R.S. Banane + Reis + 25% Lebensmittel * 3. Tag: 50% Gastrolyte ORSBanana + Reis + 50% Lebensmittel * 4. Tag: 25% Gastrolyte ORSBanana + Reis + 25% Lebensmittel &#8211; Bei Kindern \u00fcber einem Jahr: L &#8218;maximal 4 Beutel wird am ersten Tag gegeben, verteilt auf 24 Stunden, aufl\u00f6sen und trinken lassen. In den folgenden Tagen muss eine Di\u00e4t mit gekochtem Gem\u00fcse, Fleisch oder Fisch neu gestartet werden. Gastrolyte O.R.S. Banane + Reis wird schrittweise reduziert. &#8211; Bei Erwachsenen: Maximal: 4 bis 5 Beutel pro Tag f\u00fcr 3 Tage, verbunden mit einer angepassten leichten Di\u00e4t.<\/p>\n<p>Komposition<br \/>\nAromen von vorgekochtem Reispulver, Glucose, Natriumchlorid, Trinatriumcitrat, Kaliumchlorid, Banane und Vanille<\/p>","protected":false},"excerpt":{"rendered":"<p>Gastrolyte O.R.S. Orange ist eine L\u00f6sung aus Glukose, Salzen und Reis. Es ist eine sofortige Zubereitung mit einem angenehmen Bananengeschmack, die die Eigenschaften von Reiswasser besitzt. Es ist ein O.R.S. (= Orale Rehydrationssalze), um einen guten Fl\u00fcssigkeitshaushalt zu unterst\u00fctzen. Indikation Gastrolyte O.R.S. Banane + Reis ist eine sofortige Zubereitung mit einem angenehmen Bananengeschmack, die die [&hellip;]<\/p>\n","protected":false},"featured_media":3813,"template":"","meta":{"_acf_changed":false,"footnotes":""},"product_brand":[],"product_cat":[43,44,953,77],"product_tag":[],"class_list":{"0":"post-1126","1":"product","2":"type-product","3":"status-publish","4":"has-post-thumbnail","6":"product_cat-medicaments-en-vente-libre","7":"product_cat-bebe-maman","8":"product_cat-complements-alimentaires","9":"product_cat-diarrhees-flore-intestinale","11":"first","12":"instock","13":"taxable","14":"shipping-taxable","15":"purchasable","16":"product-type-simple"},"acf":[],"_links":{"self":[{"href":"https:\/\/www.pharmacieonline.lu\/de\/wp-json\/wp\/v2\/product\/1126","targetHints":{"allow":["GET"]}}],"collection":[{"href":"https:\/\/www.pharmacieonline.lu\/de\/wp-json\/wp\/v2\/product"}],"about":[{"href":"https:\/\/www.pharmacieonline.lu\/de\/wp-json\/wp\/v2\/types\/product"}],"version-history":[{"count":0,"href":"https:\/\/www.pharmacieonline.lu\/de\/wp-json\/wp\/v2\/product\/1126\/revisions"}],"wp:featuredmedia":[{"embeddable":true,"href":"https:\/\/www.pharmacieonline.lu\/de\/wp-json\/wp\/v2\/media\/3813"}],"wp:attachment":[{"href":"https:\/\/www.pharmacieonline.lu\/de\/wp-json\/wp\/v2\/media?parent=1126"}],"wp:term":[{"taxonomy":"product_brand","embeddable":true,"href":"https:\/\/www.pharmacieonline.lu\/de\/wp-json\/wp\/v2\/product_brand?post=1126"},{"taxonomy":"product_cat","embeddable":true,"href":"https:\/\/www.pharmacieonline.lu\/de\/wp-json\/wp\/v2\/product_cat?post=1126"},{"taxonomy":"product_tag","embeddable":true,"href":"https:\/\/www.pharmacieonline.lu\/de\/wp-json\/wp\/v2\/product_tag?post=1126"}],"curies":[{"name":"wp","href":"https:\/\/api.w.org\/{rel}","templated":true}]}}