{"id":1163,"date":"2020-11-25T17:27:21","date_gmt":"2020-11-25T16:27:21","guid":{"rendered":"https:\/\/www.pharmacieonline.lu\/produit\/clearblue-visual-stick-2-tests\/"},"modified":"2026-04-28T23:40:19","modified_gmt":"2026-04-28T21:40:19","slug":"clearblue-visual-stick-2-tests","status":"publish","type":"product","link":"https:\/\/www.pharmacieonline.lu\/de\/produit\/clearblue-visual-stick-2-tests\/","title":{"rendered":"CLEARBLUE VISUAL STICK 2 TESTS"},"content":{"rendered":"<p>Ein Ergebnis in nur einer Minute Der Clearblue Plus-Schwangerschaftstest wurde so konzipiert, dass er am einfachsten zu verwenden ist und Ihnen die Genauigkeit bietet, die Sie von Clearblue erwarten, mit einem Ergebnis in nur einer Minute<\/p>\n<p>Anwendung<br \/>\nVor dem Test Wenn Sie an oder vor Ihrem F\u00e4lligkeitsdatum getestet werden, verwenden Sie zu jeder Tageszeit Urin. Wenn Sie den Test vor Ihrem F\u00e4lligkeitsdatum durchf\u00fchren, verwenden Sie den ersten Urin des Tages. Wenn Sie zum Testen bereit sind, nehmen Sie den Teststab aus der Verpackung und entfernen Sie die blaue Kappe. Verwenden Sie den Test sofort. Durchf\u00fchren des Tests Halten Sie den saugf\u00e4higen Tupfer nach unten unter den Urinstrom oder tauchen Sie ihn nur 5 Sekunden lang in eine Urinprobe, die Sie in einem sauberen, trockenen Beh\u00e4lter aufbewahrt haben. Der Stiel \u00e4ndert sofort seine Farbe und wird rosa, wodurch seine Impr\u00e4gnierung mit Urin best\u00e4tigt wird. Halten Sie diesen Stab 5 Sekunden lang im Urin. WICHTIG Stab zeigt nach oben \/ unten Halten Sie den saugf\u00e4higen Stab nach unten oder legen Sie den Teststab flach, w\u00e4hrend Sie auf das Ergebnis warten.<\/p>\n<p>Warten Sie 3 Minuten. Im Verlauf des Tests werden blaue Linien angezeigt.<\/p>\n<p>Ergebnisse Nach 3 Minuten werden die Ergebnisse in dem daf\u00fcr vorgesehenen Fenster angezeigt. Ergebnisse<\/p>\n<p>Beim Lesen des Ergebnisses sollte im Beispielfenster eine blaue Linie angezeigt werden. Diese Zeile best\u00e4tigt den erfolgreichen Abschluss des Tests. Wenn diese Zeile nicht innerhalb von 10 Minuten angezeigt wird, hat der Test nicht funktioniert. Es spielt keine Rolle, ob eine der Linien, die das &#8222;+&#8220; &#8211; Zeichen bilden, dunkler oder dunkler ist, das Ergebnis ist &#8222;schwanger&#8220;. Das Testergebnis ist innerhalb von 10 Minuten lesbar. Ber\u00fccksichtigen Sie dar\u00fcber hinaus eine m\u00f6gliche \u00c4nderung der Anzeige nicht.<\/p>","protected":false},"excerpt":{"rendered":"<p>Ein Ergebnis in nur einer Minute Der Clearblue Plus-Schwangerschaftstest wurde so konzipiert, dass er am einfachsten zu verwenden ist und Ihnen die Genauigkeit bietet, die Sie von Clearblue erwarten, mit einem Ergebnis in nur einer Minute Anwendung Vor dem Test Wenn Sie an oder vor Ihrem F\u00e4lligkeitsdatum getestet werden, verwenden Sie zu jeder Tageszeit Urin. [&hellip;]<\/p>\n","protected":false},"featured_media":3733,"template":"","meta":{"_acf_changed":false,"footnotes":""},"product_brand":[],"product_cat":[44,135,111],"product_tag":[],"class_list":{"0":"post-1163","1":"product","2":"type-product","3":"status-publish","4":"has-post-thumbnail","6":"product_cat-bebe-maman","7":"product_cat-test-ovulation-grossesse","8":"product_cat-maman-grossesse","10":"first","11":"instock","12":"taxable","13":"shipping-taxable","14":"purchasable","15":"product-type-simple"},"acf":[],"_links":{"self":[{"href":"https:\/\/www.pharmacieonline.lu\/de\/wp-json\/wp\/v2\/product\/1163","targetHints":{"allow":["GET"]}}],"collection":[{"href":"https:\/\/www.pharmacieonline.lu\/de\/wp-json\/wp\/v2\/product"}],"about":[{"href":"https:\/\/www.pharmacieonline.lu\/de\/wp-json\/wp\/v2\/types\/product"}],"version-history":[{"count":0,"href":"https:\/\/www.pharmacieonline.lu\/de\/wp-json\/wp\/v2\/product\/1163\/revisions"}],"wp:featuredmedia":[{"embeddable":true,"href":"https:\/\/www.pharmacieonline.lu\/de\/wp-json\/wp\/v2\/media\/3733"}],"wp:attachment":[{"href":"https:\/\/www.pharmacieonline.lu\/de\/wp-json\/wp\/v2\/media?parent=1163"}],"wp:term":[{"taxonomy":"product_brand","embeddable":true,"href":"https:\/\/www.pharmacieonline.lu\/de\/wp-json\/wp\/v2\/product_brand?post=1163"},{"taxonomy":"product_cat","embeddable":true,"href":"https:\/\/www.pharmacieonline.lu\/de\/wp-json\/wp\/v2\/product_cat?post=1163"},{"taxonomy":"product_tag","embeddable":true,"href":"https:\/\/www.pharmacieonline.lu\/de\/wp-json\/wp\/v2\/product_tag?post=1163"}],"curies":[{"name":"wp","href":"https:\/\/api.w.org\/{rel}","templated":true}]}}