{"id":1174,"date":"2020-11-25T17:27:21","date_gmt":"2020-11-25T16:27:21","guid":{"rendered":"https:\/\/www.pharmacieonline.lu\/produit\/lemsip-500-mg-10-sach\/"},"modified":"2026-04-21T02:25:17","modified_gmt":"2026-04-21T00:25:17","slug":"lemsip-500-mg-10-sach","status":"publish","type":"product","link":"https:\/\/www.pharmacieonline.lu\/de\/produit\/lemsip-500-mg-10-sach\/","title":{"rendered":"LEMSIP 500 MG 10 SACH"},"content":{"rendered":"<p><\/p>\n<p>Douleur et fi\u00e8vre.<\/p>\n<p>Adultes et enfants &gt; 12 ans<\/p>\n<ul>\n<li>1-2 sachets toutes les 4 \u00e0 6 h<\/li>\n<li>Max. 6 sachets \/jour<\/li>\n<\/ul>\n<p>Mode d&#8217;administration<\/p>\n<ul>\n<li>Bien m\u00e9langer la poudre dans un verre d&#8217;eau ti\u00e8de ou chaude et sucrer si n\u00e9cessaire<\/li>\n<\/ul>\n<p><\/p>","protected":false},"excerpt":{"rendered":"<p>Douleur et fi\u00e8vre. Adultes et enfants &gt; 12 ans 1-2 sachets toutes les 4 \u00e0 6 h Max. 6 sachets \/jour Mode d&#8217;administration Bien m\u00e9langer la poudre dans un verre d&#8217;eau ti\u00e8de ou chaude et sucrer si n\u00e9cessaire<\/p>\n","protected":false},"featured_media":3758,"template":"","meta":{"_acf_changed":false,"footnotes":""},"product_brand":[],"product_cat":[43,94,93,86],"product_tag":[],"class_list":{"0":"post-1174","1":"product","2":"type-product","3":"status-publish","4":"has-post-thumbnail","6":"product_cat-medicaments-en-vente-libre","7":"product_cat-maux","8":"product_cat-fievre","9":"product_cat-grippe","11":"first","12":"outofstock","13":"taxable","14":"shipping-taxable","15":"purchasable","16":"product-type-simple"},"acf":[],"_links":{"self":[{"href":"https:\/\/www.pharmacieonline.lu\/de\/wp-json\/wp\/v2\/product\/1174","targetHints":{"allow":["GET"]}}],"collection":[{"href":"https:\/\/www.pharmacieonline.lu\/de\/wp-json\/wp\/v2\/product"}],"about":[{"href":"https:\/\/www.pharmacieonline.lu\/de\/wp-json\/wp\/v2\/types\/product"}],"version-history":[{"count":0,"href":"https:\/\/www.pharmacieonline.lu\/de\/wp-json\/wp\/v2\/product\/1174\/revisions"}],"wp:featuredmedia":[{"embeddable":true,"href":"https:\/\/www.pharmacieonline.lu\/de\/wp-json\/wp\/v2\/media\/3758"}],"wp:attachment":[{"href":"https:\/\/www.pharmacieonline.lu\/de\/wp-json\/wp\/v2\/media?parent=1174"}],"wp:term":[{"taxonomy":"product_brand","embeddable":true,"href":"https:\/\/www.pharmacieonline.lu\/de\/wp-json\/wp\/v2\/product_brand?post=1174"},{"taxonomy":"product_cat","embeddable":true,"href":"https:\/\/www.pharmacieonline.lu\/de\/wp-json\/wp\/v2\/product_cat?post=1174"},{"taxonomy":"product_tag","embeddable":true,"href":"https:\/\/www.pharmacieonline.lu\/de\/wp-json\/wp\/v2\/product_tag?post=1174"}],"curies":[{"name":"wp","href":"https:\/\/api.w.org\/{rel}","templated":true}]}}