{"id":1187,"date":"2020-11-25T17:27:21","date_gmt":"2020-11-25T16:27:21","guid":{"rendered":"https:\/\/www.pharmacieonline.lu\/produit\/kaliptus-baby-baume-50-ml\/"},"modified":"2026-04-27T11:55:34","modified_gmt":"2026-04-27T09:55:34","slug":"kaliptus-baby-baume-50-ml","status":"publish","type":"product","link":"https:\/\/www.pharmacieonline.lu\/de\/produit\/kaliptus-baby-baume-50-ml\/","title":{"rendered":"KALIP&#8217;TUS BABY BAUME 50 ML"},"content":{"rendered":"<p>Beruhigen Sie Ihr Baby auf nat\u00fcrliche Weise, indem Sie diesen Balsam auftragen, der ausschlie\u00dflich nat\u00fcrliche Bestandteile enth\u00e4lt. Ab 1 Monat.<\/p>\n<p>Indikation<br \/>\nKalip&#8217;tus\u00ae Baby Balm erm\u00f6glicht es Ihnen, frei zu atmen und erh\u00f6ht den Widerstand auf nat\u00fcrliche Weise (ab 1 Monat).<\/p>\n<p>Verwendung<br \/>\nTragen Sie zwei Haseln\u00fcsse Balsam auf die Brust und \/ oder den R\u00fccken des Babys auf. Wiederholen Sie die Anwendung nicht mehr als 2 Mal t\u00e4glich f\u00fcr Babys, die mindestens 1 Monat alt sind, und nicht mehr als 5 Mal t\u00e4glich f\u00fcr Babys, die mindestens 3 Monate alt sind.<\/p>\n<p>Vorsichtsma\u00dfnahmen f\u00fcr die Verwendung:<br \/>\nNicht schlucken. Es wird empfohlen, diesen Babybalsam bei Kindern ab 1 Monat nicht ohne \u00e4rztlichen Rat zu verwenden. Nicht bei Allergikern anwenden, ohne zuvor einen Hauttest durchgef\u00fchrt zu haben. Vermeiden Sie jeglichen Kontakt mit den Augen und den Schleimh\u00e4uten. Darf nicht in die H\u00e4nde von Kindern gelangen.<\/p>\n<p>Tragen Sie zwei Haseln\u00fcsse Balsam auf die Brust und \/ oder den R\u00fccken des Babys auf. Wiederholen Sie die Anwendung nicht mehr als 2 Mal t\u00e4glich f\u00fcr Babys, die mindestens 1 Monat alt sind, und nicht mehr als 5 Mal t\u00e4glich f\u00fcr Babys, die mindestens 3 Monate alt sind.<\/p>\n<p>Vorsichtsma\u00dfnahmen f\u00fcr die Verwendung:<br \/>\nNicht schlucken. Es wird empfohlen, diesen Babybalsam bei Kindern ab 1 Monat nicht ohne \u00e4rztlichen Rat zu verwenden. Nicht bei Allergikern anwenden, ohne zuvor einen Hauttest durchgef\u00fchrt zu haben. Vermeiden Sie jeglichen Kontakt mit den Augen und den Schleimh\u00e4uten. Darf nicht in die H\u00e4nde von Kindern gelangen.<\/p>\n<p>Komposition<br \/>\nAqua, Capryl- \/ Capric-Triglycerid, Ethylhexylstearat, Glycerin, Pinus Sylvestris-Blatt\u00f6l, Saccharose-Polystearat, Glycerylstearat, Zimt-Camphora-Blatt\u00f6l, Eukalyptus Radiata-Blatt- \/ Stamm\u00f6l, Phenoxyethanol, Vanillin, hydriertes Polyisobutoydod , Solidodiumstearatglutamat, Carbomer, Ethylhexylglycerin, Limonen, Citral, Geraniol.<\/p>\n<p>Aktive Substanzen:<br \/>\nDie \u00e4therischen \u00d6le von Eucalyptus Radiata, Waldkiefer und Ravintsare.<\/p>\n<p>Aqua, Capryl- \/ Capric-Triglycerid, Ethylhexylstearat, Glycerin, Pinus Sylvestris-Blatt\u00f6l, Saccharose-Polystearat, Glycerylstearat, Zimt-Camphora-Blatt\u00f6l, Eukalyptus Radiata-Blatt- \/ Stamm\u00f6l, Phenoxyethanol, Vanillin, hydriertes Polyisobutoydod , Solidodiumstearatglutamat, Carbomer, Ethylhexylglycerin, Limonen, Citral, Geraniol.<\/p>\n<p>Aktive Substanzen:<br \/>\nDie \u00e4therischen \u00d6le von Eucalyptus Radiata, Waldkiefer und Ravintsare.<\/p>","protected":false},"excerpt":{"rendered":"<p>Beruhigen Sie Ihr Baby auf nat\u00fcrliche Weise, indem Sie diesen Balsam auftragen, der ausschlie\u00dflich nat\u00fcrliche Bestandteile enth\u00e4lt. Ab 1 Monat. Indikation Kalip&#8217;tus\u00ae Baby Balm erm\u00f6glicht es Ihnen, frei zu atmen und erh\u00f6ht den Widerstand auf nat\u00fcrliche Weise (ab 1 Monat). Verwendung Tragen Sie zwei Haseln\u00fcsse Balsam auf die Brust und \/ oder den R\u00fccken des [&hellip;]<\/p>\n","protected":false},"featured_media":3748,"template":"","meta":{"_acf_changed":false,"footnotes":""},"product_brand":[],"product_cat":[130,44,113],"product_tag":[],"class_list":{"0":"post-1187","1":"product","2":"type-product","3":"status-publish","4":"has-post-thumbnail","6":"product_cat-troubles-respiratoires","7":"product_cat-bebe-maman","8":"product_cat-sante-bebe","10":"first","11":"outofstock","12":"taxable","13":"shipping-taxable","14":"purchasable","15":"product-type-simple"},"acf":[],"_links":{"self":[{"href":"https:\/\/www.pharmacieonline.lu\/de\/wp-json\/wp\/v2\/product\/1187","targetHints":{"allow":["GET"]}}],"collection":[{"href":"https:\/\/www.pharmacieonline.lu\/de\/wp-json\/wp\/v2\/product"}],"about":[{"href":"https:\/\/www.pharmacieonline.lu\/de\/wp-json\/wp\/v2\/types\/product"}],"version-history":[{"count":0,"href":"https:\/\/www.pharmacieonline.lu\/de\/wp-json\/wp\/v2\/product\/1187\/revisions"}],"wp:featuredmedia":[{"embeddable":true,"href":"https:\/\/www.pharmacieonline.lu\/de\/wp-json\/wp\/v2\/media\/3748"}],"wp:attachment":[{"href":"https:\/\/www.pharmacieonline.lu\/de\/wp-json\/wp\/v2\/media?parent=1187"}],"wp:term":[{"taxonomy":"product_brand","embeddable":true,"href":"https:\/\/www.pharmacieonline.lu\/de\/wp-json\/wp\/v2\/product_brand?post=1187"},{"taxonomy":"product_cat","embeddable":true,"href":"https:\/\/www.pharmacieonline.lu\/de\/wp-json\/wp\/v2\/product_cat?post=1187"},{"taxonomy":"product_tag","embeddable":true,"href":"https:\/\/www.pharmacieonline.lu\/de\/wp-json\/wp\/v2\/product_tag?post=1187"}],"curies":[{"name":"wp","href":"https:\/\/api.w.org\/{rel}","templated":true}]}}