{"id":1191,"date":"2020-11-25T17:27:21","date_gmt":"2020-11-25T16:27:21","guid":{"rendered":"https:\/\/www.pharmacieonline.lu\/produit\/nuxe-men-baume-ap-ras-multi-fonct-50-ml\/"},"modified":"2026-04-03T23:55:30","modified_gmt":"2026-04-03T21:55:30","slug":"nuxe-men-baume-ap-ras-multi-fonct-50-ml","status":"publish","type":"product","link":"https:\/\/www.pharmacieonline.lu\/de\/produit\/nuxe-men-baume-ap-ras-multi-fonct-50-ml\/","title":{"rendered":"NUXE MEN BAUME AP-RAS MULTI-FONCT 50 ML"},"content":{"rendered":"<p>Dieser After Shave Balm mit Extrakten aus Eiche und Charme lindert Irritationen und beruhigt Rasiermesserverbrennungen, spendet 24 Stunden lang intensiv Feuchtigkeit und reduziert Anzeichen von M\u00fcdigkeit und Stress. Holziger und w\u00fcrziger m\u00e4nnlicher Duft.<\/p>\n<p>Verwendung<br \/>\nTragen Sie NUXE Men Multi-Function After Shave Balm morgens nach der Rasur und \/ oder abends auf. Ideal nach dem Multifunktions-Rasiergel f\u00fcr noch mehr Komfort und Weichheit. Kann auch als t\u00e4gliche Pflege auf das gesamte Gesicht aufgetragen werden.<\/p>\n<p>Komposition<br \/>\nEnth\u00e4lt mindestens 77% der Inhaltsstoffe nat\u00fcrlichen Ursprungs (einschlie\u00dflich Eichenrinde und Knospe)<br \/>\nCharm, Sandelholz, Baobab Leaf Mucilages, Araucaria Seed, Rosskastanie etc &#8230;)<br \/>\nFrei von Parabenen.<br \/>\nNicht komedogen.<\/p>","protected":false},"excerpt":{"rendered":"<p>Dieser After Shave Balm mit Extrakten aus Eiche und Charme lindert Irritationen und beruhigt Rasiermesserverbrennungen, spendet 24 Stunden lang intensiv Feuchtigkeit und reduziert Anzeichen von M\u00fcdigkeit und Stress. Holziger und w\u00fcrziger m\u00e4nnlicher Duft. Verwendung Tragen Sie NUXE Men Multi-Function After Shave Balm morgens nach der Rasur und \/ oder abends auf. Ideal nach dem Multifunktions-Rasiergel [&hellip;]<\/p>\n","protected":false},"featured_media":3734,"template":"","meta":{"_acf_changed":false,"footnotes":""},"product_brand":[],"product_cat":[47,42,55,782],"product_tag":[822],"class_list":{"0":"post-1191","1":"product","2":"type-product","3":"status-publish","4":"has-post-thumbnail","6":"product_cat-dermocosmetique","7":"product_cat-para-pharmacie","8":"product_cat-soins-pour-lhomme","9":"product_cat-vegan","10":"product_tag-nuxe-promo","12":"first","13":"instock","14":"taxable","15":"shipping-taxable","16":"purchasable","17":"product-type-simple"},"acf":[],"_links":{"self":[{"href":"https:\/\/www.pharmacieonline.lu\/de\/wp-json\/wp\/v2\/product\/1191","targetHints":{"allow":["GET"]}}],"collection":[{"href":"https:\/\/www.pharmacieonline.lu\/de\/wp-json\/wp\/v2\/product"}],"about":[{"href":"https:\/\/www.pharmacieonline.lu\/de\/wp-json\/wp\/v2\/types\/product"}],"version-history":[{"count":0,"href":"https:\/\/www.pharmacieonline.lu\/de\/wp-json\/wp\/v2\/product\/1191\/revisions"}],"wp:featuredmedia":[{"embeddable":true,"href":"https:\/\/www.pharmacieonline.lu\/de\/wp-json\/wp\/v2\/media\/3734"}],"wp:attachment":[{"href":"https:\/\/www.pharmacieonline.lu\/de\/wp-json\/wp\/v2\/media?parent=1191"}],"wp:term":[{"taxonomy":"product_brand","embeddable":true,"href":"https:\/\/www.pharmacieonline.lu\/de\/wp-json\/wp\/v2\/product_brand?post=1191"},{"taxonomy":"product_cat","embeddable":true,"href":"https:\/\/www.pharmacieonline.lu\/de\/wp-json\/wp\/v2\/product_cat?post=1191"},{"taxonomy":"product_tag","embeddable":true,"href":"https:\/\/www.pharmacieonline.lu\/de\/wp-json\/wp\/v2\/product_tag?post=1191"}],"curies":[{"name":"wp","href":"https:\/\/api.w.org\/{rel}","templated":true}]}}