{"id":1217,"date":"2020-11-25T17:27:22","date_gmt":"2020-11-25T16:27:22","guid":{"rendered":"https:\/\/www.pharmacieonline.lu\/produit\/nutriton-instant-135-g\/"},"modified":"2026-04-29T01:40:43","modified_gmt":"2026-04-28T23:40:43","slug":"nutriton-instant-135-g","status":"publish","type":"product","link":"https:\/\/www.pharmacieonline.lu\/de\/produit\/nutriton-instant-135-g\/","title":{"rendered":"NUTRITON INSTANT 135 G"},"content":{"rendered":"<p>Basierend auf 120 Jahren Forschung in der S\u00e4uglingsern\u00e4hrung haben unsere Nutricia-Experten Nutrilon\u00ae-Formeln entwickelt. Nutrilon\u00ae Nutriton wurde speziell f\u00fcr das Aufsto\u00dfen entwickelt. Nutrilon\u00ae Nutriton ist ein Verdickungspulver, das haupts\u00e4chlich Johannisbrotkernmehl enth\u00e4lt.<\/p>\n<p>Wenn Sie Nutrilon\u00ae Nutriton verwenden m\u00f6chten, wenden Sie sich an Ihren Kinderarzt, Ihre Hebamme, einen Arzt oder eine Krankenschwester oder einen Apotheker.<\/p>\n<p>Indikation<br \/>\nF\u00fcr Ern\u00e4hrungsbed\u00fcrfnisse bei Aufsto\u00dfen Zur Muttermilch oder Formel hinzuf\u00fcgen<\/p>\n<p>Nutrilon\u00ae Nutriton ist ein Lebensmittel f\u00fcr spezielle medizinische Zwecke, das der Muttermilch oder Milchnahrung oder einem anderen Lebensmittel von Geburt an hinzugef\u00fcgt wird, um den Ern\u00e4hrungsbedarf im Falle eines Aufsto\u00dfen zu decken. Kann nicht die einzige Nahrungsquelle sein. Nutrilon\u00ae Nutriton ist nicht f\u00fcr Fr\u00fchgeborene und \/ oder Babys mit niedrigem Geburtsgewicht geeignet. Verwenden Sie Nutrilon\u00ae Nutriton nur unter Aufsicht eines Arztes. Nutrilon\u00ae Nutriton macht die Zubereitung dicker, passen Sie die Zitze bei Bedarf an. Stillen ist die ideale Di\u00e4t f\u00fcr Babys.<\/p>\n<p>Verwendung<br \/>\nWichtig: Befolgen Sie immer die Anweisungen auf der Verpackung. Eine unsachgem\u00e4\u00dfe Vorbereitung und \/ oder Lagerung kann zu Gesundheitsrisiken f\u00fcr Ihr Baby f\u00fchren.<\/p>\n<p>Komposition<br \/>\nNutrilon\u00ae Nutriton ist ein Verdickungspulver, das haupts\u00e4chlich Johannisbrotkernmehl enth\u00e4lt.<\/p>","protected":false},"excerpt":{"rendered":"<p>Basierend auf 120 Jahren Forschung in der S\u00e4uglingsern\u00e4hrung haben unsere Nutricia-Experten Nutrilon\u00ae-Formeln entwickelt. Nutrilon\u00ae Nutriton wurde speziell f\u00fcr das Aufsto\u00dfen entwickelt. Nutrilon\u00ae Nutriton ist ein Verdickungspulver, das haupts\u00e4chlich Johannisbrotkernmehl enth\u00e4lt. Wenn Sie Nutrilon\u00ae Nutriton verwenden m\u00f6chten, wenden Sie sich an Ihren Kinderarzt, Ihre Hebamme, einen Arzt oder eine Krankenschwester oder einen Apotheker. Indikation F\u00fcr Ern\u00e4hrungsbed\u00fcrfnisse [&hellip;]<\/p>\n","protected":false},"featured_media":3680,"template":"","meta":{"_acf_changed":false,"footnotes":""},"product_brand":[],"product_cat":[117,119,44],"product_tag":[],"class_list":{"0":"post-1217","1":"product","2":"type-product","3":"status-publish","4":"has-post-thumbnail","6":"product_cat-alimentation","7":"product_cat-laits","8":"product_cat-bebe-maman","10":"first","11":"instock","12":"taxable","13":"shipping-taxable","14":"purchasable","15":"product-type-simple"},"acf":[],"_links":{"self":[{"href":"https:\/\/www.pharmacieonline.lu\/de\/wp-json\/wp\/v2\/product\/1217","targetHints":{"allow":["GET"]}}],"collection":[{"href":"https:\/\/www.pharmacieonline.lu\/de\/wp-json\/wp\/v2\/product"}],"about":[{"href":"https:\/\/www.pharmacieonline.lu\/de\/wp-json\/wp\/v2\/types\/product"}],"version-history":[{"count":0,"href":"https:\/\/www.pharmacieonline.lu\/de\/wp-json\/wp\/v2\/product\/1217\/revisions"}],"wp:featuredmedia":[{"embeddable":true,"href":"https:\/\/www.pharmacieonline.lu\/de\/wp-json\/wp\/v2\/media\/3680"}],"wp:attachment":[{"href":"https:\/\/www.pharmacieonline.lu\/de\/wp-json\/wp\/v2\/media?parent=1217"}],"wp:term":[{"taxonomy":"product_brand","embeddable":true,"href":"https:\/\/www.pharmacieonline.lu\/de\/wp-json\/wp\/v2\/product_brand?post=1217"},{"taxonomy":"product_cat","embeddable":true,"href":"https:\/\/www.pharmacieonline.lu\/de\/wp-json\/wp\/v2\/product_cat?post=1217"},{"taxonomy":"product_tag","embeddable":true,"href":"https:\/\/www.pharmacieonline.lu\/de\/wp-json\/wp\/v2\/product_tag?post=1217"}],"curies":[{"name":"wp","href":"https:\/\/api.w.org\/{rel}","templated":true}]}}