{"id":1234,"date":"2020-11-25T17:27:22","date_gmt":"2020-11-25T16:27:22","guid":{"rendered":"https:\/\/www.pharmacieonline.lu\/produit\/vichy-deo-bille-24h-ss-sels-alu-50-ml\/"},"modified":"2026-04-03T12:25:21","modified_gmt":"2026-04-03T10:25:21","slug":"vichy-deo-bille-24h-ss-sels-alu-50-ml","status":"publish","type":"product","link":"https:\/\/www.pharmacieonline.lu\/de\/produit\/vichy-deo-bille-24h-ss-sels-alu-50-ml\/","title":{"rendered":"VICHY DEO BILLE 24H SS SELS ALU 50 ML"},"content":{"rendered":"<p>Das 24-Stunden-Deodorant zum Trocknen ohne Aluminiumsalze.<\/p>\n<p>Indikation<br \/>\nF\u00fcr Frauen, die eine echte Deodorant-Wirksamkeit ohne Aluminiumsalze suchen. Geeignet f\u00fcr auch empfindliche Haut.<\/p>\n<p>Verwenden<br \/>\nT\u00e4glich auf saubere, trockene Achselh\u00f6hlen auftragen.<\/p>\n<p>Komposition<br \/>\nPerlit.<br \/>\nOhne Aluminiumsalze.<br \/>\nFrei von Parabenen.<br \/>\nAlkoholfrei.<\/p>","protected":false},"excerpt":{"rendered":"<p>Das 24-Stunden-Deodorant zum Trocknen ohne Aluminiumsalze. Indikation F\u00fcr Frauen, die eine echte Deodorant-Wirksamkeit ohne Aluminiumsalze suchen. Geeignet f\u00fcr auch empfindliche Haut. Verwenden T\u00e4glich auf saubere, trockene Achselh\u00f6hlen auftragen. Komposition Perlit. Ohne Aluminiumsalze. Frei von Parabenen. Alkoholfrei.<\/p>\n","protected":false},"featured_media":3711,"template":"","meta":{"_acf_changed":false,"footnotes":""},"product_brand":[],"product_cat":[47,42,905],"product_tag":[],"class_list":{"0":"post-1234","1":"product","2":"type-product","3":"status-publish","4":"has-post-thumbnail","6":"product_cat-dermocosmetique","7":"product_cat-para-pharmacie","8":"product_cat-deodorants","10":"first","11":"outofstock","12":"taxable","13":"shipping-taxable","14":"purchasable","15":"product-type-simple"},"acf":[],"_links":{"self":[{"href":"https:\/\/www.pharmacieonline.lu\/de\/wp-json\/wp\/v2\/product\/1234","targetHints":{"allow":["GET"]}}],"collection":[{"href":"https:\/\/www.pharmacieonline.lu\/de\/wp-json\/wp\/v2\/product"}],"about":[{"href":"https:\/\/www.pharmacieonline.lu\/de\/wp-json\/wp\/v2\/types\/product"}],"version-history":[{"count":0,"href":"https:\/\/www.pharmacieonline.lu\/de\/wp-json\/wp\/v2\/product\/1234\/revisions"}],"wp:featuredmedia":[{"embeddable":true,"href":"https:\/\/www.pharmacieonline.lu\/de\/wp-json\/wp\/v2\/media\/3711"}],"wp:attachment":[{"href":"https:\/\/www.pharmacieonline.lu\/de\/wp-json\/wp\/v2\/media?parent=1234"}],"wp:term":[{"taxonomy":"product_brand","embeddable":true,"href":"https:\/\/www.pharmacieonline.lu\/de\/wp-json\/wp\/v2\/product_brand?post=1234"},{"taxonomy":"product_cat","embeddable":true,"href":"https:\/\/www.pharmacieonline.lu\/de\/wp-json\/wp\/v2\/product_cat?post=1234"},{"taxonomy":"product_tag","embeddable":true,"href":"https:\/\/www.pharmacieonline.lu\/de\/wp-json\/wp\/v2\/product_tag?post=1234"}],"curies":[{"name":"wp","href":"https:\/\/api.w.org\/{rel}","templated":true}]}}