{"id":1246,"date":"2020-11-25T17:27:22","date_gmt":"2020-11-25T16:27:22","guid":{"rendered":"https:\/\/www.pharmacieonline.lu\/produit\/nuxe-reve-miel-gel-net-surgras-vis-corps\/"},"modified":"2026-04-03T12:25:17","modified_gmt":"2026-04-03T10:25:17","slug":"nuxe-reve-miel-gel-net-surgras-vis-corps","status":"publish","type":"product","link":"https:\/\/www.pharmacieonline.lu\/de\/produit\/nuxe-reve-miel-gel-net-surgras-vis-corps\/","title":{"rendered":"NUXE REVE MIEL GEL NET SURGRAS VIS\/CORPS"},"content":{"rendered":"<p>Indikation<br \/>\nTeufel, der Gesichts- und K\u00f6rpersurgras w\u00e4scht.<\/p>\n<p>Verwendung<br \/>\nTragen Sie morgens und \/ oder abends eine kleine Menge des Gesichts- und K\u00f6rper-Surgras-Reinigungsgels auf die feuchte Haut von Gesicht und K\u00f6rper auf. Nutzen Sie den gro\u00dfz\u00fcgigen Schaum und sp\u00fclen Sie ihn dann aus.<\/p>\n<p>Komposition<br \/>\nEnth\u00e4lt mindestens 88% Inhaltsstoffe nat\u00fcrlichen Ursprungs<br \/>\nHonig<br \/>\nSonnenblume<br \/>\nFrei von Parabenen.<br \/>\nEin kokonierender Honig \/ Kamille-Duft.<\/p>","protected":false},"excerpt":{"rendered":"<p>Indikation Teufel, der Gesichts- und K\u00f6rpersurgras w\u00e4scht. Verwendung Tragen Sie morgens und \/ oder abends eine kleine Menge des Gesichts- und K\u00f6rper-Surgras-Reinigungsgels auf die feuchte Haut von Gesicht und K\u00f6rper auf. Nutzen Sie den gro\u00dfz\u00fcgigen Schaum und sp\u00fclen Sie ihn dann aus. Komposition Enth\u00e4lt mindestens 88% Inhaltsstoffe nat\u00fcrlichen Ursprungs Honig Sonnenblume Frei von Parabenen. Ein [&hellip;]<\/p>\n","protected":false},"featured_media":44816,"template":"","meta":{"_acf_changed":false,"footnotes":""},"product_brand":[],"product_cat":[47,42,761,112],"product_tag":[822],"class_list":{"0":"post-1246","1":"product","2":"type-product","3":"status-publish","4":"has-post-thumbnail","6":"product_cat-dermocosmetique","7":"product_cat-para-pharmacie","8":"product_cat-demaquillant-eau-micellaire-tonique","9":"product_cat-douche-bain","10":"product_tag-nuxe-promo","12":"first","13":"instock","14":"taxable","15":"shipping-taxable","16":"purchasable","17":"product-type-simple"},"acf":[],"_links":{"self":[{"href":"https:\/\/www.pharmacieonline.lu\/de\/wp-json\/wp\/v2\/product\/1246","targetHints":{"allow":["GET"]}}],"collection":[{"href":"https:\/\/www.pharmacieonline.lu\/de\/wp-json\/wp\/v2\/product"}],"about":[{"href":"https:\/\/www.pharmacieonline.lu\/de\/wp-json\/wp\/v2\/types\/product"}],"version-history":[{"count":0,"href":"https:\/\/www.pharmacieonline.lu\/de\/wp-json\/wp\/v2\/product\/1246\/revisions"}],"wp:featuredmedia":[{"embeddable":true,"href":"https:\/\/www.pharmacieonline.lu\/de\/wp-json\/wp\/v2\/media\/44816"}],"wp:attachment":[{"href":"https:\/\/www.pharmacieonline.lu\/de\/wp-json\/wp\/v2\/media?parent=1246"}],"wp:term":[{"taxonomy":"product_brand","embeddable":true,"href":"https:\/\/www.pharmacieonline.lu\/de\/wp-json\/wp\/v2\/product_brand?post=1246"},{"taxonomy":"product_cat","embeddable":true,"href":"https:\/\/www.pharmacieonline.lu\/de\/wp-json\/wp\/v2\/product_cat?post=1246"},{"taxonomy":"product_tag","embeddable":true,"href":"https:\/\/www.pharmacieonline.lu\/de\/wp-json\/wp\/v2\/product_tag?post=1246"}],"curies":[{"name":"wp","href":"https:\/\/api.w.org\/{rel}","templated":true}]}}