{"id":12937,"date":"2021-01-21T16:34:22","date_gmt":"2021-01-21T15:34:22","guid":{"rendered":"https:\/\/www.pharmacieonline.lu\/?post_type=product&#038;p=12937"},"modified":"2026-04-07T22:25:17","modified_gmt":"2026-04-07T20:25:17","slug":"vichy-liftactiv-supreme-spf30-jour-50ml","status":"publish","type":"product","link":"https:\/\/www.pharmacieonline.lu\/de\/produit\/vichy-liftactiv-supreme-spf30-jour-50ml\/","title":{"rendered":"VICHY LIFTACTIV SUPREME SPF30 JOUR 50ML"},"content":{"rendered":"<p>DOPPELTES ANTI-WRINKLE UND PLUMPING-MASSNAHMEN:<\/p>\n<p>T\u00e4gliche Anti-Aging-Behandlung mit Breitband-UVA \/ UVB-Schutz (SPF30), die auf vorhandene Falten abzielt und der Haut hilft, sich vor der Bildung neuer Falten durch UVA zu sch\u00fctzen. Mit Hyalurons\u00e4ure mit progressiver F\u00fcllwirkung werden Falten gegl\u00e4ttet und die Festigkeit verst\u00e4rkt.<\/p>\n<p>GLATTE FALTEN<br \/>\nVerst\u00e4rkt die Festigkeit<\/p>\n<p>AQUA \/ WASSER &#8211; GLYCERIN &#8211; Octocrylen &#8211; NIACINAMID &#8211; RHAMNOSE &#8211; ALKOHOLDENAT &#8211; Homosalat &#8211; ETHYLHEXYLSALICYLAT &#8211; Butylmethoxydibenzoylmethan &#8211; PROPYLENGLYCOL &#8211; Poly C10-30 ALKYL ACRYL &#8211; SODIUM Acetylated HYALURONATE &#8211; TRISODIUM Ethylendiamindisuccinat&#8211; Tocopherol &#8211; Cetylalkohol &#8211; Behenylalkohol &#8211; Caprylyl Glycol &#8211; DISODIUM ETHYLENE DICOCAMIDE PEG-15 Disulfat &#8211; Ethylhexylglycerin &#8211; Glyceryl Stearate &#8211; Glyceryl Stearate Citrate &#8211; SILICA &#8211; Natriumacrylat CROSSPOLYMER-2 &#8211; Sodium Polyacrylate &#8211; PHENOXYETHANOL &#8211; PARFUM \/ DUFT<\/p>","protected":false},"excerpt":{"rendered":"<p>DOPPELTES ANTI-WRINKLE UND PLUMPING-MASSNAHMEN: T\u00e4gliche Anti-Aging-Behandlung mit Breitband-UVA \/ UVB-Schutz (SPF30), die auf vorhandene Falten abzielt und der Haut hilft, sich vor der Bildung neuer Falten durch UVA zu sch\u00fctzen. Mit Hyalurons\u00e4ure mit progressiver F\u00fcllwirkung werden Falten gegl\u00e4ttet und die Festigkeit verst\u00e4rkt. GLATTE FALTEN Verst\u00e4rkt die Festigkeit AQUA \/ WASSER &#8211; GLYCERIN &#8211; Octocrylen &#8211; [&hellip;]<\/p>\n","protected":false},"featured_media":12944,"template":"","meta":{"_acf_changed":false,"footnotes":""},"product_brand":[],"product_cat":[47,42,54],"product_tag":[],"class_list":{"0":"post-12937","1":"product","2":"type-product","3":"status-publish","4":"has-post-thumbnail","6":"product_cat-dermocosmetique","7":"product_cat-para-pharmacie","8":"product_cat-soins-du-visage","10":"first","11":"outofstock","12":"taxable","13":"shipping-taxable","14":"purchasable","15":"product-type-simple"},"acf":[],"_links":{"self":[{"href":"https:\/\/www.pharmacieonline.lu\/de\/wp-json\/wp\/v2\/product\/12937","targetHints":{"allow":["GET"]}}],"collection":[{"href":"https:\/\/www.pharmacieonline.lu\/de\/wp-json\/wp\/v2\/product"}],"about":[{"href":"https:\/\/www.pharmacieonline.lu\/de\/wp-json\/wp\/v2\/types\/product"}],"version-history":[{"count":0,"href":"https:\/\/www.pharmacieonline.lu\/de\/wp-json\/wp\/v2\/product\/12937\/revisions"}],"wp:featuredmedia":[{"embeddable":true,"href":"https:\/\/www.pharmacieonline.lu\/de\/wp-json\/wp\/v2\/media\/12944"}],"wp:attachment":[{"href":"https:\/\/www.pharmacieonline.lu\/de\/wp-json\/wp\/v2\/media?parent=12937"}],"wp:term":[{"taxonomy":"product_brand","embeddable":true,"href":"https:\/\/www.pharmacieonline.lu\/de\/wp-json\/wp\/v2\/product_brand?post=12937"},{"taxonomy":"product_cat","embeddable":true,"href":"https:\/\/www.pharmacieonline.lu\/de\/wp-json\/wp\/v2\/product_cat?post=12937"},{"taxonomy":"product_tag","embeddable":true,"href":"https:\/\/www.pharmacieonline.lu\/de\/wp-json\/wp\/v2\/product_tag?post=12937"}],"curies":[{"name":"wp","href":"https:\/\/api.w.org\/{rel}","templated":true}]}}