{"id":12946,"date":"2021-01-21T16:41:04","date_gmt":"2021-01-21T15:41:04","guid":{"rendered":"https:\/\/www.pharmacieonline.lu\/?post_type=product&#038;p=12946"},"modified":"2026-04-10T08:25:57","modified_gmt":"2026-04-10T06:25:57","slug":"vichy-liftactiv-suprem-ha-fill-serum30ml","status":"publish","type":"product","link":"https:\/\/www.pharmacieonline.lu\/de\/produit\/vichy-liftactiv-suprem-ha-fill-serum30ml\/","title":{"rendered":"VICHY LIFTACTIV SUPREM HA FILL SERUM30ML"},"content":{"rendered":"<p>Innovatives Anti-Aging-Serum, das gegen alle Arten von Falten wirkt und das Volumen der Haut sowohl im Gesicht als auch um die Augen wiederherstellt. Eine t\u00e4gliche Korrektur mit einer dosierten und konzentrierten Formel f\u00fcr sichtbare Ergebnisse, die sich mit der Zeit allm\u00e4hlich verbessern.<\/p>\n<p>* Basierend auf der konzentrierten Hyalurons\u00e4ureformel, die zweimal t\u00e4glich angewendet wird<\/p>\n<p>&nbsp;<\/p>\n<p>AQUA \/ WATER &#8211; GLYCERIN &#8211; Hydroxyethylpiperazin ethansulfons\u00e4ure &#8211; Natriumhyaluronat &#8211; PEG-60 hydriertes Rizinus\u00f6l &#8211; Secale Saatgetreide EXTRACT \/ RYE SEED EXTRACT &#8211; Calciumpantothenat &#8211; Dipeptide Diaminobutyroyl benzylamid DIACETATE &#8211; PHENOXYETHANOL &#8211; Chlorphenesin &#8211; ASCORBYL Glucoside &#8211; EDTA &#8211; Pentylenglycol<\/p>","protected":false},"excerpt":{"rendered":"<p>Innovatives Anti-Aging-Serum, das gegen alle Arten von Falten wirkt und das Volumen der Haut sowohl im Gesicht als auch um die Augen wiederherstellt. Eine t\u00e4gliche Korrektur mit einer dosierten und konzentrierten Formel f\u00fcr sichtbare Ergebnisse, die sich mit der Zeit allm\u00e4hlich verbessern. * Basierend auf der konzentrierten Hyalurons\u00e4ureformel, die zweimal t\u00e4glich angewendet wird &nbsp; AQUA [&hellip;]<\/p>\n","protected":false},"featured_media":12948,"template":"","meta":{"_acf_changed":false,"footnotes":""},"product_brand":[],"product_cat":[47,42,54],"product_tag":[],"class_list":{"0":"post-12946","1":"product","2":"type-product","3":"status-publish","4":"has-post-thumbnail","6":"product_cat-dermocosmetique","7":"product_cat-para-pharmacie","8":"product_cat-soins-du-visage","10":"first","11":"instock","12":"taxable","13":"shipping-taxable","14":"purchasable","15":"product-type-simple"},"acf":[],"_links":{"self":[{"href":"https:\/\/www.pharmacieonline.lu\/de\/wp-json\/wp\/v2\/product\/12946","targetHints":{"allow":["GET"]}}],"collection":[{"href":"https:\/\/www.pharmacieonline.lu\/de\/wp-json\/wp\/v2\/product"}],"about":[{"href":"https:\/\/www.pharmacieonline.lu\/de\/wp-json\/wp\/v2\/types\/product"}],"version-history":[{"count":0,"href":"https:\/\/www.pharmacieonline.lu\/de\/wp-json\/wp\/v2\/product\/12946\/revisions"}],"wp:featuredmedia":[{"embeddable":true,"href":"https:\/\/www.pharmacieonline.lu\/de\/wp-json\/wp\/v2\/media\/12948"}],"wp:attachment":[{"href":"https:\/\/www.pharmacieonline.lu\/de\/wp-json\/wp\/v2\/media?parent=12946"}],"wp:term":[{"taxonomy":"product_brand","embeddable":true,"href":"https:\/\/www.pharmacieonline.lu\/de\/wp-json\/wp\/v2\/product_brand?post=12946"},{"taxonomy":"product_cat","embeddable":true,"href":"https:\/\/www.pharmacieonline.lu\/de\/wp-json\/wp\/v2\/product_cat?post=12946"},{"taxonomy":"product_tag","embeddable":true,"href":"https:\/\/www.pharmacieonline.lu\/de\/wp-json\/wp\/v2\/product_tag?post=12946"}],"curies":[{"name":"wp","href":"https:\/\/api.w.org\/{rel}","templated":true}]}}