{"id":1314,"date":"2020-11-25T17:27:24","date_gmt":"2020-11-25T16:27:24","guid":{"rendered":"https:\/\/www.pharmacieonline.lu\/produit\/pures-he-palmarosa-bio-10-ml\/"},"modified":"2026-04-02T02:25:25","modified_gmt":"2026-04-02T00:25:25","slug":"pures-he-palmarosa-bio-10-ml","status":"publish","type":"product","link":"https:\/\/www.pharmacieonline.lu\/de\/produit\/pures-he-palmarosa-bio-10-ml\/","title":{"rendered":"PURES HE PALMAROSA BIO 10 ML"},"content":{"rendered":"<p>Cymbopogon martinii var. motia<\/p>\n<p>Verwendung<br \/>\nVon Kindern fern halten. Nahrungserg\u00e4nzungsmittel.<\/p>\n<p>Ersetzt nicht eine abwechslungsreiche und ausgewogene Ern\u00e4hrung und einen gesunden Lebensstil.<\/p>\n<p>Beachten Sie die empfohlenen Dosen.<\/p>\n<p>Vorsichtshalber nicht bei Kindern unter 7 Jahren, schwangeren oder stillenden Frauen anwenden.<\/p>\n<p>Vor Licht, Luft und Hitze sch\u00fctzen.<\/p>\n<p>Nehmen Sie maximal 2 Tropfen dreimal t\u00e4glich auf eine neutrale Puressentiel-Tablette (oder 1 Teel\u00f6ffel Honig, Oliven\u00f6l oder 1\/4 Zucker). Nicht rein ohne Unterst\u00fctzung verwenden oder mit Wasser mischen.<\/p>\n<p>Fragen Sie Ihren Apotheker um Rat.<\/p>\n<p>\u00c4quivalenz: 1 ml&gt; 31 Tropfen<\/p>\n<p>Komposition<br \/>\nInhaltsstoff: \u00e4therisches \u00d6l von Cymbopogon martinii * Chemotyp: Geraniol, Geranylacetat Familie: Poaceae<\/p>\n<p>Produzierendes Organ: Luftteile<\/p>","protected":false},"excerpt":{"rendered":"<p>Cymbopogon martinii var. motia Verwendung Von Kindern fern halten. Nahrungserg\u00e4nzungsmittel. Ersetzt nicht eine abwechslungsreiche und ausgewogene Ern\u00e4hrung und einen gesunden Lebensstil. Beachten Sie die empfohlenen Dosen. Vorsichtshalber nicht bei Kindern unter 7 Jahren, schwangeren oder stillenden Frauen anwenden. Vor Licht, Luft und Hitze sch\u00fctzen. Nehmen Sie maximal 2 Tropfen dreimal t\u00e4glich auf eine neutrale Puressentiel-Tablette [&hellip;]<\/p>\n","protected":false},"featured_media":3605,"template":"","meta":{"_acf_changed":false,"footnotes":""},"product_brand":[],"product_cat":[42,79,782],"product_tag":[],"class_list":{"0":"post-1314","1":"product","2":"type-product","3":"status-publish","4":"has-post-thumbnail","6":"product_cat-para-pharmacie","7":"product_cat-aromatherapie","8":"product_cat-vegan","10":"first","11":"instock","12":"taxable","13":"shipping-taxable","14":"purchasable","15":"product-type-simple"},"acf":[],"_links":{"self":[{"href":"https:\/\/www.pharmacieonline.lu\/de\/wp-json\/wp\/v2\/product\/1314","targetHints":{"allow":["GET"]}}],"collection":[{"href":"https:\/\/www.pharmacieonline.lu\/de\/wp-json\/wp\/v2\/product"}],"about":[{"href":"https:\/\/www.pharmacieonline.lu\/de\/wp-json\/wp\/v2\/types\/product"}],"version-history":[{"count":0,"href":"https:\/\/www.pharmacieonline.lu\/de\/wp-json\/wp\/v2\/product\/1314\/revisions"}],"wp:featuredmedia":[{"embeddable":true,"href":"https:\/\/www.pharmacieonline.lu\/de\/wp-json\/wp\/v2\/media\/3605"}],"wp:attachment":[{"href":"https:\/\/www.pharmacieonline.lu\/de\/wp-json\/wp\/v2\/media?parent=1314"}],"wp:term":[{"taxonomy":"product_brand","embeddable":true,"href":"https:\/\/www.pharmacieonline.lu\/de\/wp-json\/wp\/v2\/product_brand?post=1314"},{"taxonomy":"product_cat","embeddable":true,"href":"https:\/\/www.pharmacieonline.lu\/de\/wp-json\/wp\/v2\/product_cat?post=1314"},{"taxonomy":"product_tag","embeddable":true,"href":"https:\/\/www.pharmacieonline.lu\/de\/wp-json\/wp\/v2\/product_tag?post=1314"}],"curies":[{"name":"wp","href":"https:\/\/api.w.org\/{rel}","templated":true}]}}