{"id":1319,"date":"2020-11-25T17:27:24","date_gmt":"2020-11-25T16:27:24","guid":{"rendered":"https:\/\/www.pharmacieonline.lu\/produit\/pures-he-thym-a-linalol-bio-5-ml\/"},"modified":"2026-04-03T09:55:33","modified_gmt":"2026-04-03T07:55:33","slug":"pures-he-thym-a-linalol-bio-5-ml","status":"publish","type":"product","link":"https:\/\/www.pharmacieonline.lu\/de\/produit\/pures-he-thym-a-linalol-bio-5-ml\/","title":{"rendered":"PURES HE THYM A LINALOL BIO 5 ML"},"content":{"rendered":"<p>Bio-Thymian Thymol \u00e4therisches \u00d6l<\/p>\n<p>Der Geruch von Thymian, grasig und w\u00fcrzig, ist so angenehm, dass die Pflanze ihren Namen vom griechischen Wurzelthyo &#8222;Geruch gut, duftend&#8220; erhielt.<\/p>\n<p>Verwendung von \u00e4therischem Bio-Thymian-Thymol-\u00d6l Nehmen Sie maximal 1 Tropfen \u00e4therisches Thymian-Thymol-\u00d6l zweimal t\u00e4glich auf eine neutrale Puressentiel-Tablette (oder 1 Teel\u00f6ffel Honig, Oliven\u00f6l oder 1\/4 Zucker). Verwenden Sie kein reines \u00e4therisches Thymian-Thymol-\u00d6l ohne Unterst\u00fctzung oder gemischt mit Wasser.<br \/>\nFragen Sie Ihren Apotheker um Rat.<br \/>\n\u00c4quivalenz: 1 ml = 32 Tropfen.<\/p>","protected":false},"excerpt":{"rendered":"<p>Bio-Thymian Thymol \u00e4therisches \u00d6l Der Geruch von Thymian, grasig und w\u00fcrzig, ist so angenehm, dass die Pflanze ihren Namen vom griechischen Wurzelthyo &#8222;Geruch gut, duftend&#8220; erhielt. Verwendung von \u00e4therischem Bio-Thymian-Thymol-\u00d6l Nehmen Sie maximal 1 Tropfen \u00e4therisches Thymian-Thymol-\u00d6l zweimal t\u00e4glich auf eine neutrale Puressentiel-Tablette (oder 1 Teel\u00f6ffel Honig, Oliven\u00f6l oder 1\/4 Zucker). Verwenden Sie kein reines [&hellip;]<\/p>\n","protected":false},"featured_media":3617,"template":"","meta":{"_acf_changed":false,"footnotes":""},"product_brand":[],"product_cat":[42,79,782],"product_tag":[],"class_list":{"0":"post-1319","1":"product","2":"type-product","3":"status-publish","4":"has-post-thumbnail","6":"product_cat-para-pharmacie","7":"product_cat-aromatherapie","8":"product_cat-vegan","10":"first","11":"instock","12":"taxable","13":"shipping-taxable","14":"purchasable","15":"product-type-simple"},"acf":[],"_links":{"self":[{"href":"https:\/\/www.pharmacieonline.lu\/de\/wp-json\/wp\/v2\/product\/1319","targetHints":{"allow":["GET"]}}],"collection":[{"href":"https:\/\/www.pharmacieonline.lu\/de\/wp-json\/wp\/v2\/product"}],"about":[{"href":"https:\/\/www.pharmacieonline.lu\/de\/wp-json\/wp\/v2\/types\/product"}],"version-history":[{"count":0,"href":"https:\/\/www.pharmacieonline.lu\/de\/wp-json\/wp\/v2\/product\/1319\/revisions"}],"wp:featuredmedia":[{"embeddable":true,"href":"https:\/\/www.pharmacieonline.lu\/de\/wp-json\/wp\/v2\/media\/3617"}],"wp:attachment":[{"href":"https:\/\/www.pharmacieonline.lu\/de\/wp-json\/wp\/v2\/media?parent=1319"}],"wp:term":[{"taxonomy":"product_brand","embeddable":true,"href":"https:\/\/www.pharmacieonline.lu\/de\/wp-json\/wp\/v2\/product_brand?post=1319"},{"taxonomy":"product_cat","embeddable":true,"href":"https:\/\/www.pharmacieonline.lu\/de\/wp-json\/wp\/v2\/product_cat?post=1319"},{"taxonomy":"product_tag","embeddable":true,"href":"https:\/\/www.pharmacieonline.lu\/de\/wp-json\/wp\/v2\/product_tag?post=1319"}],"curies":[{"name":"wp","href":"https:\/\/api.w.org\/{rel}","templated":true}]}}