{"id":1320,"date":"2020-11-25T17:27:24","date_gmt":"2020-11-25T16:27:24","guid":{"rendered":"https:\/\/www.pharmacieonline.lu\/produit\/pures-he-ylang-ylang-bio-5-ml\/"},"modified":"2026-04-02T10:25:35","modified_gmt":"2026-04-02T08:25:35","slug":"pures-he-ylang-ylang-bio-5-ml","status":"publish","type":"product","link":"https:\/\/www.pharmacieonline.lu\/de\/produit\/pures-he-ylang-ylang-bio-5-ml\/","title":{"rendered":"PURES HE YLANG YLANG BIO 5 ML"},"content":{"rendered":"<p>Cananga odorata<\/p>\n<p>Verwenden<br \/>\nVon Kindern fern halten. Nicht rein verwenden.<\/p>\n<p>Vorsichtshalber nicht bei Kindern unter 7 Jahren, schwangeren oder stillenden Frauen anwenden.<\/p>\n<p>Vor Licht, Luft und Hitze sch\u00fctzen.<\/p>\n<p>Externe Verwendung.<\/p>\n<p>100% der gesamten Zutaten stammen aus biologischem Anbau. \u00d6kologische und organische Kosmetik, zertifiziert von ECOCERT Greenlife gem\u00e4\u00df dem ECOCERT-Standard, verf\u00fcgbar auf cosmetiques.ecocert.com<\/p>\n<p>Zur Verwendung im Bad, verd\u00fcnnt in der neutralen Basis f\u00fcr Bad und Dusche Puressentiel oder zur Massage, Behandlung von Gesicht, Haaren und K\u00f6rper, verd\u00fcnnt in neutralem \u00d6l Puressentiel mit 7 Pflanzen\u00f6len.<\/p>\n<p>Fragen Sie Ihren Apotheker um Rat.<\/p>\n<p>\u00c4quivalenz: 1 ml&gt; 30 Tropfen.<\/p>\n<p>Komposition<br \/>\nInhaltsstoff Cananga Odorata Bl\u00fcten\u00f6l *, Benzylbenzoat, Linalool, Benzylsalicylat, Zimtalkohol, Farnesol, Isoeugenol, Geraniol, Benzylalkohol, Eugenol, Limonen, Citral Chemotyp: Benzylacetat, Linalool, Germacren-d Familie: Anonaceae<\/p>\n<p>* Aus \u00f6kologischem Landbau<\/p>\n<p>Produzierendes Organ: Blumen<\/p>","protected":false},"excerpt":{"rendered":"<p>Cananga odorata Verwenden Von Kindern fern halten. Nicht rein verwenden. Vorsichtshalber nicht bei Kindern unter 7 Jahren, schwangeren oder stillenden Frauen anwenden. Vor Licht, Luft und Hitze sch\u00fctzen. Externe Verwendung. 100% der gesamten Zutaten stammen aus biologischem Anbau. \u00d6kologische und organische Kosmetik, zertifiziert von ECOCERT Greenlife gem\u00e4\u00df dem ECOCERT-Standard, verf\u00fcgbar auf cosmetiques.ecocert.com Zur Verwendung im [&hellip;]<\/p>\n","protected":false},"featured_media":3567,"template":"","meta":{"_acf_changed":false,"footnotes":""},"product_brand":[],"product_cat":[42,79,782],"product_tag":[],"class_list":{"0":"post-1320","1":"product","2":"type-product","3":"status-publish","4":"has-post-thumbnail","6":"product_cat-para-pharmacie","7":"product_cat-aromatherapie","8":"product_cat-vegan","10":"first","11":"instock","12":"taxable","13":"shipping-taxable","14":"purchasable","15":"product-type-simple"},"acf":[],"_links":{"self":[{"href":"https:\/\/www.pharmacieonline.lu\/de\/wp-json\/wp\/v2\/product\/1320","targetHints":{"allow":["GET"]}}],"collection":[{"href":"https:\/\/www.pharmacieonline.lu\/de\/wp-json\/wp\/v2\/product"}],"about":[{"href":"https:\/\/www.pharmacieonline.lu\/de\/wp-json\/wp\/v2\/types\/product"}],"version-history":[{"count":0,"href":"https:\/\/www.pharmacieonline.lu\/de\/wp-json\/wp\/v2\/product\/1320\/revisions"}],"wp:featuredmedia":[{"embeddable":true,"href":"https:\/\/www.pharmacieonline.lu\/de\/wp-json\/wp\/v2\/media\/3567"}],"wp:attachment":[{"href":"https:\/\/www.pharmacieonline.lu\/de\/wp-json\/wp\/v2\/media?parent=1320"}],"wp:term":[{"taxonomy":"product_brand","embeddable":true,"href":"https:\/\/www.pharmacieonline.lu\/de\/wp-json\/wp\/v2\/product_brand?post=1320"},{"taxonomy":"product_cat","embeddable":true,"href":"https:\/\/www.pharmacieonline.lu\/de\/wp-json\/wp\/v2\/product_cat?post=1320"},{"taxonomy":"product_tag","embeddable":true,"href":"https:\/\/www.pharmacieonline.lu\/de\/wp-json\/wp\/v2\/product_tag?post=1320"}],"curies":[{"name":"wp","href":"https:\/\/api.w.org\/{rel}","templated":true}]}}