{"id":1322,"date":"2020-11-25T17:27:24","date_gmt":"2020-11-25T16:27:24","guid":{"rendered":"https:\/\/www.pharmacieonline.lu\/produit\/urgo-sensitive-stretch-1-m-6-cm\/"},"modified":"2026-04-03T10:25:20","modified_gmt":"2026-04-03T08:25:20","slug":"urgo-sensitive-stretch-1-m-6-cm","status":"publish","type":"product","link":"https:\/\/www.pharmacieonline.lu\/de\/produit\/urgo-sensitive-stretch-1-m-6-cm\/","title":{"rendered":"URGO SENSITIVE STRETCH 1 M * 6 CM"},"content":{"rendered":"<p>Indikation<br \/>\nURGO Sensitive &#8211; Stretch-Verb\u00e4nde bieten eine dehnbare und bequeme Unterst\u00fctzung. Durch die Mikrobeatmung lassen sie Haut und Wunde atmen und gew\u00e4hrleisten dank der mit Benzalkoniumchlorid impr\u00e4gnierten Kompresse den antimikrobiellen Schutz kleiner Wunden. Ihre Antihaft-Kompresse haftet nicht an der Wunde.<\/p>\n<p>Verwendung<br \/>\nDie Wunde und ihren Bereich gr\u00fcndlich reinigen, desinfizieren, sp\u00fclen und trocknen. Den Verband anlegen. Erneuern Sie den Verband mindestens zweimal t\u00e4glich.<\/p>\n<p>Komposition<br \/>\nMit Benzalkoniumchlorid (960 mg \/ m2) impr\u00e4gnierte Kompression<\/p>","protected":false},"excerpt":{"rendered":"<p>Indikation URGO Sensitive &#8211; Stretch-Verb\u00e4nde bieten eine dehnbare und bequeme Unterst\u00fctzung. Durch die Mikrobeatmung lassen sie Haut und Wunde atmen und gew\u00e4hrleisten dank der mit Benzalkoniumchlorid impr\u00e4gnierten Kompresse den antimikrobiellen Schutz kleiner Wunden. Ihre Antihaft-Kompresse haftet nicht an der Wunde. Verwendung Die Wunde und ihren Bereich gr\u00fcndlich reinigen, desinfizieren, sp\u00fclen und trocknen. Den Verband anlegen. [&hellip;]<\/p>\n","protected":false},"featured_media":3572,"template":"","meta":{"_acf_changed":false,"footnotes":""},"product_brand":[],"product_cat":[775,789,45],"product_tag":[],"class_list":{"0":"post-1322","1":"product","2":"type-product","3":"status-publish","4":"has-post-thumbnail","6":"product_cat-premiers-soins-plaies-brulures","7":"product_cat-pansements","8":"product_cat-materiel-medical","10":"first","11":"instock","12":"taxable","13":"shipping-taxable","14":"purchasable","15":"product-type-simple"},"acf":[],"_links":{"self":[{"href":"https:\/\/www.pharmacieonline.lu\/de\/wp-json\/wp\/v2\/product\/1322","targetHints":{"allow":["GET"]}}],"collection":[{"href":"https:\/\/www.pharmacieonline.lu\/de\/wp-json\/wp\/v2\/product"}],"about":[{"href":"https:\/\/www.pharmacieonline.lu\/de\/wp-json\/wp\/v2\/types\/product"}],"version-history":[{"count":0,"href":"https:\/\/www.pharmacieonline.lu\/de\/wp-json\/wp\/v2\/product\/1322\/revisions"}],"wp:featuredmedia":[{"embeddable":true,"href":"https:\/\/www.pharmacieonline.lu\/de\/wp-json\/wp\/v2\/media\/3572"}],"wp:attachment":[{"href":"https:\/\/www.pharmacieonline.lu\/de\/wp-json\/wp\/v2\/media?parent=1322"}],"wp:term":[{"taxonomy":"product_brand","embeddable":true,"href":"https:\/\/www.pharmacieonline.lu\/de\/wp-json\/wp\/v2\/product_brand?post=1322"},{"taxonomy":"product_cat","embeddable":true,"href":"https:\/\/www.pharmacieonline.lu\/de\/wp-json\/wp\/v2\/product_cat?post=1322"},{"taxonomy":"product_tag","embeddable":true,"href":"https:\/\/www.pharmacieonline.lu\/de\/wp-json\/wp\/v2\/product_tag?post=1322"}],"curies":[{"name":"wp","href":"https:\/\/api.w.org\/{rel}","templated":true}]}}