{"id":1327,"date":"2020-11-25T17:27:24","date_gmt":"2020-11-25T16:27:24","guid":{"rendered":"https:\/\/www.pharmacieonline.lu\/produit\/pures-he-estragon-5-ml\/"},"modified":"2026-04-02T00:25:52","modified_gmt":"2026-04-01T22:25:52","slug":"pures-he-estragon-5-ml","status":"publish","type":"product","link":"https:\/\/www.pharmacieonline.lu\/de\/produit\/pures-he-estragon-5-ml\/","title":{"rendered":"PURES HE ESTRAGON 5 ML"},"content":{"rendered":"<p>ESTRAGON \u00c4THERISCHES \u00d6L<\/p>\n<p>Verwendung<br \/>\nNehmen Sie maximal 2 Tropfen dreimal t\u00e4glich auf eine neutrale Puressentiel-Tablette (oder 1 Teel\u00f6ffel Honig, Oliven\u00f6l oder 1\/4 Zucker). Verwenden Sie reines Produkt nicht ohne Unterst\u00fctzung oder gemischt mit Wasser. F\u00fcr andere Ratschl\u00e4ge wenden Sie sich an Ihren Apotheker. \u00c4quivalenz: 1 ml =&gt; 36 Tropfen Au\u00dfer Reichweite von Kindern aufbewahren &#8211; Nahrungserg\u00e4nzungsmittel &#8211; Ersetzt keine abwechslungsreiche und ausgewogene Ern\u00e4hrung und einen gesunden Lebensstil &#8211; Beachten Sie die empfohlenen Dosen. Vorsichtshalber nicht bei Kindern unter 7 Jahren, schwangeren oder stillenden Frauen anwenden.<\/p>\n<p>Vor Licht, Luft und Hitze sch\u00fctzen.<\/p>\n<p>Komposition<br \/>\n\u00c4THERISCHES \u00d6L VON ARTEMISIA DRACUNCULUSCHEMOTYPE: ESTRAGOLE, B-OCIMENE FAMILIE: ASTERACEA PRODUCER ORGAN: AERIAL TEILE<\/p>","protected":false},"excerpt":{"rendered":"<p>ESTRAGON \u00c4THERISCHES \u00d6L Verwendung Nehmen Sie maximal 2 Tropfen dreimal t\u00e4glich auf eine neutrale Puressentiel-Tablette (oder 1 Teel\u00f6ffel Honig, Oliven\u00f6l oder 1\/4 Zucker). Verwenden Sie reines Produkt nicht ohne Unterst\u00fctzung oder gemischt mit Wasser. F\u00fcr andere Ratschl\u00e4ge wenden Sie sich an Ihren Apotheker. \u00c4quivalenz: 1 ml =&gt; 36 Tropfen Au\u00dfer Reichweite von Kindern aufbewahren &#8211; [&hellip;]<\/p>\n","protected":false},"featured_media":3592,"template":"","meta":{"_acf_changed":false,"footnotes":""},"product_brand":[],"product_cat":[42,79,782],"product_tag":[],"class_list":{"0":"post-1327","1":"product","2":"type-product","3":"status-publish","4":"has-post-thumbnail","6":"product_cat-para-pharmacie","7":"product_cat-aromatherapie","8":"product_cat-vegan","10":"first","11":"instock","12":"taxable","13":"shipping-taxable","14":"purchasable","15":"product-type-simple"},"acf":[],"_links":{"self":[{"href":"https:\/\/www.pharmacieonline.lu\/de\/wp-json\/wp\/v2\/product\/1327","targetHints":{"allow":["GET"]}}],"collection":[{"href":"https:\/\/www.pharmacieonline.lu\/de\/wp-json\/wp\/v2\/product"}],"about":[{"href":"https:\/\/www.pharmacieonline.lu\/de\/wp-json\/wp\/v2\/types\/product"}],"version-history":[{"count":0,"href":"https:\/\/www.pharmacieonline.lu\/de\/wp-json\/wp\/v2\/product\/1327\/revisions"}],"wp:featuredmedia":[{"embeddable":true,"href":"https:\/\/www.pharmacieonline.lu\/de\/wp-json\/wp\/v2\/media\/3592"}],"wp:attachment":[{"href":"https:\/\/www.pharmacieonline.lu\/de\/wp-json\/wp\/v2\/media?parent=1327"}],"wp:term":[{"taxonomy":"product_brand","embeddable":true,"href":"https:\/\/www.pharmacieonline.lu\/de\/wp-json\/wp\/v2\/product_brand?post=1327"},{"taxonomy":"product_cat","embeddable":true,"href":"https:\/\/www.pharmacieonline.lu\/de\/wp-json\/wp\/v2\/product_cat?post=1327"},{"taxonomy":"product_tag","embeddable":true,"href":"https:\/\/www.pharmacieonline.lu\/de\/wp-json\/wp\/v2\/product_tag?post=1327"}],"curies":[{"name":"wp","href":"https:\/\/api.w.org\/{rel}","templated":true}]}}