{"id":13618,"date":"2021-01-26T15:27:56","date_gmt":"2021-01-26T14:27:56","guid":{"rendered":"https:\/\/www.pharmacieonline.lu\/?post_type=product&#038;p=13618"},"modified":"2026-04-09T22:25:42","modified_gmt":"2026-04-09T20:25:42","slug":"nuxe-prodigieux-boost-base-lissante-30ml","status":"publish","type":"product","link":"https:\/\/www.pharmacieonline.lu\/de\/produit\/nuxe-prodigieux-boost-base-lissante-30ml\/","title":{"rendered":"NUXE PRODIGIEUX BOOST BASE LISSANTE 30ML"},"content":{"rendered":"<p>Cr\u00e8me Prodigieuse\u00ae Boost 5-in-1 Multi-Perfection Gl\u00e4ttungsgrundierung<\/p>\n<p>Anti-Aging-Unsch\u00e4rfebehandlung, Effekt auf nackte Haut<br \/>\nAlle Hauttypen.<\/p>\n<p>Dieser 5-in-1 Multi-Perfection Smoothing Primer mit einem Antioxidationskomplex aus Jasminbl\u00fcten und perfektionierenden Pulvern nat\u00fcrlichen Ursprungs wirkt auf 5 sichtbare Zeichen, die durch einen intensiven Lebensstil verursacht werden: 1. Zeichen des Alterns, Anzeichen von M\u00fcdigkeit, stumpfer Teint, Unvollkommenheiten, Glanz . Ab 15 Sekunden verschwimmen die Unregelm\u00e4\u00dfigkeiten. Tag f\u00fcr Tag werden die ersten Zeichen des Alterns reduziert.<br \/>\nDie unget\u00f6nte, unscharfe Textur zeigt eine perfekte Haut, auch ohne Make-up, mit einem nat\u00fcrlichen &#8222;nackten Haut&#8220; -Effekt.<br \/>\nEs ist nicht komedogen und respektiert das Gleichgewicht der Haut, es ist klinisch bewiesen.<\/p>\n<p>Morgens nach der Tagespflege anwenden.<br \/>\nTragen Sie die Gl\u00e4ttungsbasis auf, indem Sie die Bewegungen von innen nach au\u00dfen auf die zu korrigierenden Bereiche gl\u00e4tten.<\/p>\n<p>Ideal als Basis f\u00fcr Make-up und \/ oder Nachbesserungen w\u00e4hrend des Tages.<\/p>\n<p>ZUTATEN: AQUA \/ WASSER, DIMETHIKON, SILIKA, GLYCERIN, ALKOHOLDENAT., SQUALAN, DIMETHIKONKREUZPOLYMER, C14-22-ALKOHOLE, NATRIUMACRYLAT-COPOLYMER, C12-20-ALKYLGLATRAT, FRAGRYLX10-30, C12-20 ALKYLGLUCOSID, ACHLYLANX \/ FRAGRYLX10-30, C12-20 ALKYLGLUCOSID, ACHLYLANX \/ FRAGRYLENOX10 ACRYLKREUZPOLYMER, LECITHIN, RIBOSE, NATRIUMGLUCONIN GLUMOLUMOLUMOL HYDROXID, FAEX-EXTRAKT \/ YEAST-EXTRAKT, BIOS1, MICACCHARON-GOLD-EXTRAKT, BIOS1, MICACCHARON, 7749 OFFICINALIS-BLUMEN-EXTRAKT, TOCOPHEROL, BENZYL-SALICYLAT, LINALOOL, CITRONELLOL, ALPHA-IONIOLIOL<\/p>","protected":false},"excerpt":{"rendered":"<p>Cr\u00e8me Prodigieuse\u00ae Boost 5-in-1 Multi-Perfection Gl\u00e4ttungsgrundierung Anti-Aging-Unsch\u00e4rfebehandlung, Effekt auf nackte Haut Alle Hauttypen. Dieser 5-in-1 Multi-Perfection Smoothing Primer mit einem Antioxidationskomplex aus Jasminbl\u00fcten und perfektionierenden Pulvern nat\u00fcrlichen Ursprungs wirkt auf 5 sichtbare Zeichen, die durch einen intensiven Lebensstil verursacht werden: 1. Zeichen des Alterns, Anzeichen von M\u00fcdigkeit, stumpfer Teint, Unvollkommenheiten, Glanz . Ab 15 Sekunden [&hellip;]<\/p>\n","protected":false},"featured_media":13621,"template":"","meta":{"_acf_changed":false,"footnotes":""},"product_brand":[],"product_cat":[47,42,54,782],"product_tag":[],"class_list":{"0":"post-13618","1":"product","2":"type-product","3":"status-publish","4":"has-post-thumbnail","6":"product_cat-dermocosmetique","7":"product_cat-para-pharmacie","8":"product_cat-soins-du-visage","9":"product_cat-vegan","11":"first","12":"instock","13":"taxable","14":"shipping-taxable","15":"purchasable","16":"product-type-simple"},"acf":[],"_links":{"self":[{"href":"https:\/\/www.pharmacieonline.lu\/de\/wp-json\/wp\/v2\/product\/13618","targetHints":{"allow":["GET"]}}],"collection":[{"href":"https:\/\/www.pharmacieonline.lu\/de\/wp-json\/wp\/v2\/product"}],"about":[{"href":"https:\/\/www.pharmacieonline.lu\/de\/wp-json\/wp\/v2\/types\/product"}],"version-history":[{"count":0,"href":"https:\/\/www.pharmacieonline.lu\/de\/wp-json\/wp\/v2\/product\/13618\/revisions"}],"wp:featuredmedia":[{"embeddable":true,"href":"https:\/\/www.pharmacieonline.lu\/de\/wp-json\/wp\/v2\/media\/13621"}],"wp:attachment":[{"href":"https:\/\/www.pharmacieonline.lu\/de\/wp-json\/wp\/v2\/media?parent=13618"}],"wp:term":[{"taxonomy":"product_brand","embeddable":true,"href":"https:\/\/www.pharmacieonline.lu\/de\/wp-json\/wp\/v2\/product_brand?post=13618"},{"taxonomy":"product_cat","embeddable":true,"href":"https:\/\/www.pharmacieonline.lu\/de\/wp-json\/wp\/v2\/product_cat?post=13618"},{"taxonomy":"product_tag","embeddable":true,"href":"https:\/\/www.pharmacieonline.lu\/de\/wp-json\/wp\/v2\/product_tag?post=13618"}],"curies":[{"name":"wp","href":"https:\/\/api.w.org\/{rel}","templated":true}]}}