{"id":1362,"date":"2020-11-25T17:27:24","date_gmt":"2020-11-25T16:27:24","guid":{"rendered":"https:\/\/www.pharmacieonline.lu\/produit\/nuby-mouche-bebe-poire-a-bout-souple\/"},"modified":"2026-04-19T21:55:34","modified_gmt":"2026-04-19T19:55:34","slug":"nuby-mouche-bebe-poire-a-bout-souple","status":"publish","type":"product","link":"https:\/\/www.pharmacieonline.lu\/de\/produit\/nuby-mouche-bebe-poire-a-bout-souple\/","title":{"rendered":"NUBY MOUCHE-BEBE POIRE A BOUT SOUPLE"},"content":{"rendered":"<p>Der Baby-Nasenreiniger und die Ohrlampe sind dank einer feinen, aber effektiven Absaugung einfach zu bedienen.<\/p>\n<p>So verwenden Sie dieses Produkt:<\/p>\n<p>Dr\u00fccken Sie die Luft aus der Birne und legen Sie sie vorsichtig gegen die Nasenl\u00f6cher des Babys.<br \/>\nLassen Sie den Druck ab, damit die Absaugung ihren Job macht<br \/>\nReinigen Sie die Spitze, bevor Sie den Vorgang wiederholen.<\/p>\n<p>Die feste Textur der Birne erleichtert die Kontrolle des Saugens. Die Birne kann auch verwendet werden, um \u00fcbersch\u00fcssiges Ohrenschmalz aus dem Geh\u00f6rgang zu entfernen. Ersetzen Sie einfach die blaue Spitze durch die transparente flexible Spitze.<\/p>\n<p>N\u00fbby Soft-Tip-Baby-Nasenst\u00fcck<\/p>\n<p>Soft Purtex-Spitzen sind sicher und schonend f\u00fcr Nase und Ohren Ihres Babys!<\/p>\n<p>Die von Kinder\u00e4rzten empfohlene Methode zur Verstopfung der Nase bei Kindern ist die Aspiration. Dr\u00fccken Sie einfach die Gl\u00fchbirne des Nasensaugers zusammen, legen Sie sie vorsichtig gegen die Nasenl\u00f6cher des Babys und lassen Sie schlie\u00dflich den Druck ab. Reinigen Sie das Mundst\u00fcck nach jedem Gebrauch. Diese Methode ist einfach und effektiv!<\/p>","protected":false},"excerpt":{"rendered":"<p>Der Baby-Nasenreiniger und die Ohrlampe sind dank einer feinen, aber effektiven Absaugung einfach zu bedienen. So verwenden Sie dieses Produkt: Dr\u00fccken Sie die Luft aus der Birne und legen Sie sie vorsichtig gegen die Nasenl\u00f6cher des Babys. Lassen Sie den Druck ab, damit die Absaugung ihren Job macht Reinigen Sie die Spitze, bevor Sie den [&hellip;]<\/p>\n","protected":false},"featured_media":3595,"template":"","meta":{"_acf_changed":false,"footnotes":""},"product_brand":[],"product_cat":[42,130,44,114,113],"product_tag":[],"class_list":{"0":"post-1362","1":"product","2":"type-product","3":"status-publish","4":"has-post-thumbnail","6":"product_cat-para-pharmacie","7":"product_cat-troubles-respiratoires","8":"product_cat-bebe-maman","9":"product_cat-soins-de-bebe","10":"product_cat-sante-bebe","12":"first","13":"instock","14":"taxable","15":"shipping-taxable","16":"purchasable","17":"product-type-simple"},"acf":[],"_links":{"self":[{"href":"https:\/\/www.pharmacieonline.lu\/de\/wp-json\/wp\/v2\/product\/1362","targetHints":{"allow":["GET"]}}],"collection":[{"href":"https:\/\/www.pharmacieonline.lu\/de\/wp-json\/wp\/v2\/product"}],"about":[{"href":"https:\/\/www.pharmacieonline.lu\/de\/wp-json\/wp\/v2\/types\/product"}],"version-history":[{"count":0,"href":"https:\/\/www.pharmacieonline.lu\/de\/wp-json\/wp\/v2\/product\/1362\/revisions"}],"wp:featuredmedia":[{"embeddable":true,"href":"https:\/\/www.pharmacieonline.lu\/de\/wp-json\/wp\/v2\/media\/3595"}],"wp:attachment":[{"href":"https:\/\/www.pharmacieonline.lu\/de\/wp-json\/wp\/v2\/media?parent=1362"}],"wp:term":[{"taxonomy":"product_brand","embeddable":true,"href":"https:\/\/www.pharmacieonline.lu\/de\/wp-json\/wp\/v2\/product_brand?post=1362"},{"taxonomy":"product_cat","embeddable":true,"href":"https:\/\/www.pharmacieonline.lu\/de\/wp-json\/wp\/v2\/product_cat?post=1362"},{"taxonomy":"product_tag","embeddable":true,"href":"https:\/\/www.pharmacieonline.lu\/de\/wp-json\/wp\/v2\/product_tag?post=1362"}],"curies":[{"name":"wp","href":"https:\/\/api.w.org\/{rel}","templated":true}]}}