{"id":13635,"date":"2021-01-26T15:37:45","date_gmt":"2021-01-26T14:37:45","guid":{"rendered":"https:\/\/www.pharmacieonline.lu\/?post_type=product&#038;p=13635"},"modified":"2026-04-10T00:25:32","modified_gmt":"2026-04-09T22:25:32","slug":"nuxe-reve-miel-baume-visage-u-rec-50ml","status":"publish","type":"product","link":"https:\/\/www.pharmacieonline.lu\/de\/produit\/nuxe-reve-miel-baume-visage-u-rec-50ml\/","title":{"rendered":"NUXE REVE MIEL BAUME VISAGE U-REC 50ML"},"content":{"rendered":"<p>R\u00eave de Miel Ultra-Komfort-Gesichtsbalsam<\/p>\n<p>Pflegende Gesichtscreme &#8211; Pflegt, beruhigt, repariert<br \/>\nTrockene und empfindliche Haut.<\/p>\n<p>Enth\u00e4lt 92,9% Inhaltsstoffe nat\u00fcrlichen Ursprungs<\/p>\n<p>Diese cremige Gesichtscreme mit Honig, Propolis und Edel\u00f6len pflegt, beruhigt und repariert die Haut intensiv und sch\u00fctzt sie gleichzeitig vor \u00e4u\u00dferen Einfl\u00fcssen (Wind, K\u00e4lte, &#8230;). Die Haut gewinnt an Flexibilit\u00e4t und unendlichem Komfort zur\u00fcck. Rauheit, R\u00f6tung und Reiz- und Engegef\u00fchl nehmen ab.<\/p>\n<p>Ultra-cremige Balsam-Textur mit beruhigender Kraft.<\/p>\n<p>Tragen Sie R\u00eave de Miel\u00ae Ultra-Comforting Face Balm morgens und \/ oder abends auf ein gut gereinigtes Gesicht und einen gut gereinigten Hals auf.<\/p>\n<p>Kann entweder das ganze Jahr \u00fcber f\u00fcr trockene und empfindliche Haut oder bei extremer K\u00e4lte f\u00fcr normale Haut verwendet werden.<\/p>\n<p>ZUTATEN: AQUA \/ WASSER, BEHENYLALKOHOL, GLYCERIN, CERA ALBA \/ BIENENWACHS, COCOS NUCIFERA (KOKOSNUSS\u00d6L), MACADAMIA INTEGRIFOLIA SAMEN\u00d6L, ORYZA SATIVA (REIS) BRAN\u00d6L, BUTYLENE PARCAL, Butylen PARCONUT, BUTTERERMA Sonnenblumen) SEED OIL Unverseifbaren, Hydroxystearins\u00e4ure \/ Linolen- \/ OLEIC Polyglyceride, Cetearylalkohol, Cococaprylat \/ Caprat Arachidylalkohol, Dimethicon, COCO-glucosid, MEL \/ TERNOCRYCERIDE, SPARKLO-glucosid, MEL \/ HERNOCRYCERIDE, SPARKLOCA -GLUCOSID, MEL \/ HERNOCRYCERID, SPARF-GLUCOSID, MEL \/ HERNOCRYCERID, SPARF-GLUCOSID, MEL \/ HERNOCRYCERID, SPARF-GLUCOSID, MEL \/ HERNOCRYCERID, SPARF-GLUCOSID, MEL \/ HERNOCILCERCOPOLO-POLO-GLUCOSID, MEL \/ HERNOCILCERCOPOLO-POLF-GLUCOSID, MEL \/ HERNOCILCERCOL Acetat, Arachidylglucosid, Hydroxyethylacrylat \/ Natriumacryloyldimethyltaurat-Copolymer, Natriumhydroxid, Zitronens\u00e4ure, Ethylhexylyglycerin, Dimethylhydroilflumer, Hordeum vulgare CERA \/ SPENT Kornglut SOJABOHNEN\u00d6L, PROPOLIS-EXTRAKT, HYDROLYZIERTES LUPINPROTEIN, 10-HYDROXYDECANS\u00c4URE, SEBACIC ACI D, 1,10-DEKANEDIOL, POLYSORBAT 60, SORBITAN ISOSTEARAT, NATRIUMBENZOAT, SOLANUM LYCOPERSICUM (TOMATE) FRUCHTExtrakt, BETA-CAROTEN, DAUCUS CAROTA SATIVA (KAROTTE) WURZEL, LIN, LIN, LIN N3106 \/ A].<\/p>","protected":false},"excerpt":{"rendered":"<p>R\u00eave de Miel Ultra-Komfort-Gesichtsbalsam Pflegende Gesichtscreme &#8211; Pflegt, beruhigt, repariert Trockene und empfindliche Haut. Enth\u00e4lt 92,9% Inhaltsstoffe nat\u00fcrlichen Ursprungs Diese cremige Gesichtscreme mit Honig, Propolis und Edel\u00f6len pflegt, beruhigt und repariert die Haut intensiv und sch\u00fctzt sie gleichzeitig vor \u00e4u\u00dferen Einfl\u00fcssen (Wind, K\u00e4lte, &#8230;). Die Haut gewinnt an Flexibilit\u00e4t und unendlichem Komfort zur\u00fcck. Rauheit, R\u00f6tung [&hellip;]<\/p>\n","protected":false},"featured_media":13638,"template":"","meta":{"_acf_changed":false,"footnotes":""},"product_brand":[],"product_cat":[47,42,54],"product_tag":[],"class_list":{"0":"post-13635","1":"product","2":"type-product","3":"status-publish","4":"has-post-thumbnail","6":"product_cat-dermocosmetique","7":"product_cat-para-pharmacie","8":"product_cat-soins-du-visage","10":"first","11":"instock","12":"taxable","13":"shipping-taxable","14":"purchasable","15":"product-type-simple"},"acf":[],"_links":{"self":[{"href":"https:\/\/www.pharmacieonline.lu\/de\/wp-json\/wp\/v2\/product\/13635","targetHints":{"allow":["GET"]}}],"collection":[{"href":"https:\/\/www.pharmacieonline.lu\/de\/wp-json\/wp\/v2\/product"}],"about":[{"href":"https:\/\/www.pharmacieonline.lu\/de\/wp-json\/wp\/v2\/types\/product"}],"version-history":[{"count":0,"href":"https:\/\/www.pharmacieonline.lu\/de\/wp-json\/wp\/v2\/product\/13635\/revisions"}],"wp:featuredmedia":[{"embeddable":true,"href":"https:\/\/www.pharmacieonline.lu\/de\/wp-json\/wp\/v2\/media\/13638"}],"wp:attachment":[{"href":"https:\/\/www.pharmacieonline.lu\/de\/wp-json\/wp\/v2\/media?parent=13635"}],"wp:term":[{"taxonomy":"product_brand","embeddable":true,"href":"https:\/\/www.pharmacieonline.lu\/de\/wp-json\/wp\/v2\/product_brand?post=13635"},{"taxonomy":"product_cat","embeddable":true,"href":"https:\/\/www.pharmacieonline.lu\/de\/wp-json\/wp\/v2\/product_cat?post=13635"},{"taxonomy":"product_tag","embeddable":true,"href":"https:\/\/www.pharmacieonline.lu\/de\/wp-json\/wp\/v2\/product_tag?post=13635"}],"curies":[{"name":"wp","href":"https:\/\/api.w.org\/{rel}","templated":true}]}}