{"id":1365,"date":"2020-11-25T17:27:25","date_gmt":"2020-11-25T16:27:25","guid":{"rendered":"https:\/\/www.pharmacieonline.lu\/produit\/camilia-sol-buv-30-fl-ud\/"},"modified":"2026-04-28T10:40:24","modified_gmt":"2026-04-28T08:40:24","slug":"camilia-sol-buv-30-fl-ud","status":"publish","type":"product","link":"https:\/\/www.pharmacieonline.lu\/de\/produit\/camilia-sol-buv-30-fl-ud\/","title":{"rendered":"CAMILIA SOL BUV 30 FL UD"},"content":{"rendered":"<p>Indikation<br \/>\nHom\u00f6opathische Arzneimittel, die Bestandteile enthalten, die traditionell bei St\u00f6rungen verwendet werden, die auf das Zahnen bei S\u00e4uglingen zur\u00fcckzuf\u00fchren sind<\/p>\n<p>Verwendung<br \/>\nEine Einzeldosis pro Dosis, 2 bis 3 mal t\u00e4glich.<br \/>\nWenn Sie den Eindruck haben, dass die Wirkung von CAMILIA zu stark oder zu schwach ist, sprechen Sie mit Ihrem Arzt oder Apotheker.<br \/>\nOralem Weg.<br \/>\nWaschen Sie Ihre H\u00e4nde, bevor Sie Einzeldosen verwenden.<br \/>\nBewahren Sie nach dem \u00d6ffnen keinen Einzeldosisbeh\u00e4lter auf. Der Einzeldosisbeh\u00e4lter sollte nach jedem Gebrauch entsorgt werden.<br \/>\nKomposition<\/p>\n<p>Die Wirkstoffe sind:<\/p>\n<p>Chamomilla vulgaris 9 CH &#8230;.. 333,3 mg<br \/>\nPhytolacca decandra 5 CH &#8230;.. 333,3 mg<br \/>\nRheum 5 CH &#8230;.. 333,3 mg<\/p>\n<p>f\u00fcr einen Einzeldosisbeh\u00e4lter von 1 ml.<\/p>\n<p>Die andere Komponente ist gereinigtes Wasser.<\/p>","protected":false},"excerpt":{"rendered":"<p>Indikation Hom\u00f6opathische Arzneimittel, die Bestandteile enthalten, die traditionell bei St\u00f6rungen verwendet werden, die auf das Zahnen bei S\u00e4uglingen zur\u00fcckzuf\u00fchren sind Verwendung Eine Einzeldosis pro Dosis, 2 bis 3 mal t\u00e4glich. Wenn Sie den Eindruck haben, dass die Wirkung von CAMILIA zu stark oder zu schwach ist, sprechen Sie mit Ihrem Arzt oder Apotheker. Oralem Weg. [&hellip;]<\/p>\n","protected":false},"featured_media":3541,"template":"","meta":{"_acf_changed":false,"footnotes":""},"product_brand":[],"product_cat":[43,44,128,113,88],"product_tag":[],"class_list":{"0":"post-1365","1":"product","2":"type-product","3":"status-publish","4":"has-post-thumbnail","6":"product_cat-medicaments-en-vente-libre","7":"product_cat-bebe-maman","8":"product_cat-pousees-dentaires","9":"product_cat-sante-bebe","10":"product_cat-homeopathie","12":"first","13":"instock","14":"taxable","15":"shipping-taxable","16":"purchasable","17":"product-type-simple"},"acf":[],"_links":{"self":[{"href":"https:\/\/www.pharmacieonline.lu\/de\/wp-json\/wp\/v2\/product\/1365","targetHints":{"allow":["GET"]}}],"collection":[{"href":"https:\/\/www.pharmacieonline.lu\/de\/wp-json\/wp\/v2\/product"}],"about":[{"href":"https:\/\/www.pharmacieonline.lu\/de\/wp-json\/wp\/v2\/types\/product"}],"version-history":[{"count":0,"href":"https:\/\/www.pharmacieonline.lu\/de\/wp-json\/wp\/v2\/product\/1365\/revisions"}],"wp:featuredmedia":[{"embeddable":true,"href":"https:\/\/www.pharmacieonline.lu\/de\/wp-json\/wp\/v2\/media\/3541"}],"wp:attachment":[{"href":"https:\/\/www.pharmacieonline.lu\/de\/wp-json\/wp\/v2\/media?parent=1365"}],"wp:term":[{"taxonomy":"product_brand","embeddable":true,"href":"https:\/\/www.pharmacieonline.lu\/de\/wp-json\/wp\/v2\/product_brand?post=1365"},{"taxonomy":"product_cat","embeddable":true,"href":"https:\/\/www.pharmacieonline.lu\/de\/wp-json\/wp\/v2\/product_cat?post=1365"},{"taxonomy":"product_tag","embeddable":true,"href":"https:\/\/www.pharmacieonline.lu\/de\/wp-json\/wp\/v2\/product_tag?post=1365"}],"curies":[{"name":"wp","href":"https:\/\/api.w.org\/{rel}","templated":true}]}}