{"id":13657,"date":"2021-01-26T15:56:57","date_gmt":"2021-01-26T14:56:57","guid":{"rendered":"https:\/\/www.pharmacieonline.lu\/?post_type=product&#038;p=13657"},"modified":"2026-04-04T20:25:42","modified_gmt":"2026-04-04T18:25:42","slug":"nuxe-very-rose-eau-micell-apais-pn-400ml","status":"publish","type":"product","link":"https:\/\/www.pharmacieonline.lu\/de\/produit\/nuxe-very-rose-eau-micell-apais-pn-400ml\/","title":{"rendered":"NUXE VERY ROSE EAU MICELL APAIS 400ML NF"},"content":{"rendered":"<p>3-in-1-beruhigendes Mizellenwasser &#8211; Alle Hauttypen, auch empfindlich<\/p>\n<p>Entfernt Make-up, reinigt und macht weich &#8211; Gesicht und Augen<br \/>\nAlle Hauttypen, auch empfindlich.<\/p>\n<p>Enth\u00e4lt 97% Inhaltsstoffe nat\u00fcrlichen Ursprungs<\/p>\n<p>Dieses Mizellenwasser mit Rosenbl\u00fctenwasser entfernt Make-up und reinigt die Haut von Gesicht und Augen, wodurch Make-up beseitigt wird<\/p>\n<p>und Verunreinigungen. Angereichert mit einem Skin-Respect-Komplex, der zu 100% pflanzlichen Ursprungs ist, beruhigt es die Haut und respektiert ihr Gleichgewicht.<\/p>\n<p>Es macht die Haut frisch und weich und die Sinne verzaubert von seinem zarten Rosenduft.<\/p>\n<p>Das Entfernen von Make-up ist der wesentliche erste Schritt in Ihrer Hautpflege!<\/p>\n<p>Tragen Sie morgens und abends vorsichtig ein in Mizellenwasser getr\u00e4nktes Wattepad auf Gesicht und Augen auf.<\/p>\n<p>Wiederholen, bis die Baumwolle sauber ist.<\/p>\n<p>Keine Notwendigkeit zu sp\u00fclen.<\/p>\n<p>Vervollst\u00e4ndigen Sie Ihre Routine mit Behandlungen aus dem Very Rose Sortiment<\/p>\n<p>Inhaltsstoffe: Wasser \/ Wasser, Glycerin, PEG-6 Caprylic \/ Capric Glyceride Pentylenglycol, ROSA DAMASCENA Blumenwasser, PERFUM \/ FRAGRANCE, Natriumgluconat, Cetrimoniumbromid, XYLITYLYGLITOLUCODIUM, XYLITYLYGLITOLUCIDE, XYLITYLYGLUCOXIDE, ACHYLITOLITO4, Natriumgluconat, CITRIMONIUM -bromid, XYLITYLYGLITOLUCODIA4 AT ]]<\/p>","protected":false},"excerpt":{"rendered":"<p>3-in-1-beruhigendes Mizellenwasser &#8211; Alle Hauttypen, auch empfindlich Entfernt Make-up, reinigt und macht weich &#8211; Gesicht und Augen Alle Hauttypen, auch empfindlich. Enth\u00e4lt 97% Inhaltsstoffe nat\u00fcrlichen Ursprungs Dieses Mizellenwasser mit Rosenbl\u00fctenwasser entfernt Make-up und reinigt die Haut von Gesicht und Augen, wodurch Make-up beseitigt wird und Verunreinigungen. Angereichert mit einem Skin-Respect-Komplex, der zu 100% pflanzlichen Ursprungs [&hellip;]<\/p>\n","protected":false},"featured_media":13660,"template":"","meta":{"_acf_changed":false,"footnotes":""},"product_brand":[],"product_cat":[47,42,761,782],"product_tag":[],"class_list":{"0":"post-13657","1":"product","2":"type-product","3":"status-publish","4":"has-post-thumbnail","6":"product_cat-dermocosmetique","7":"product_cat-para-pharmacie","8":"product_cat-demaquillant-eau-micellaire-tonique","9":"product_cat-vegan","11":"first","12":"instock","13":"taxable","14":"shipping-taxable","15":"purchasable","16":"product-type-simple"},"acf":[],"_links":{"self":[{"href":"https:\/\/www.pharmacieonline.lu\/de\/wp-json\/wp\/v2\/product\/13657","targetHints":{"allow":["GET"]}}],"collection":[{"href":"https:\/\/www.pharmacieonline.lu\/de\/wp-json\/wp\/v2\/product"}],"about":[{"href":"https:\/\/www.pharmacieonline.lu\/de\/wp-json\/wp\/v2\/types\/product"}],"version-history":[{"count":0,"href":"https:\/\/www.pharmacieonline.lu\/de\/wp-json\/wp\/v2\/product\/13657\/revisions"}],"wp:featuredmedia":[{"embeddable":true,"href":"https:\/\/www.pharmacieonline.lu\/de\/wp-json\/wp\/v2\/media\/13660"}],"wp:attachment":[{"href":"https:\/\/www.pharmacieonline.lu\/de\/wp-json\/wp\/v2\/media?parent=13657"}],"wp:term":[{"taxonomy":"product_brand","embeddable":true,"href":"https:\/\/www.pharmacieonline.lu\/de\/wp-json\/wp\/v2\/product_brand?post=13657"},{"taxonomy":"product_cat","embeddable":true,"href":"https:\/\/www.pharmacieonline.lu\/de\/wp-json\/wp\/v2\/product_cat?post=13657"},{"taxonomy":"product_tag","embeddable":true,"href":"https:\/\/www.pharmacieonline.lu\/de\/wp-json\/wp\/v2\/product_tag?post=13657"}],"curies":[{"name":"wp","href":"https:\/\/api.w.org\/{rel}","templated":true}]}}