{"id":13661,"date":"2021-01-26T16:00:06","date_gmt":"2021-01-26T15:00:06","guid":{"rendered":"https:\/\/www.pharmacieonline.lu\/?post_type=product&#038;p=13661"},"modified":"2026-04-28T20:25:31","modified_gmt":"2026-04-28T18:25:31","slug":"nuxe-very-rose-eau-micell-hydra-ps-200ml","status":"publish","type":"product","link":"https:\/\/www.pharmacieonline.lu\/de\/produit\/nuxe-very-rose-eau-micell-hydra-ps-200ml\/","title":{"rendered":"NUXE VERY ROSE EAU MICELL HYDRA PS 200ML"},"content":{"rendered":"<p>3-in-1 feuchtigkeitsspendendes Mizellenwasser &#8211; Empfindliche, trockene bis sehr trockene Haut<\/p>\n<p>Entfernt Make-up, reinigt und macht weich &#8211; Gesicht und Augen<br \/>\nEmpfindliche, trockene bis sehr trockene Haut.<\/p>\n<p>Enth\u00e4lt 97% Inhaltsstoffe nat\u00fcrlichen Ursprungs<\/p>\n<p>Dieses Mizellenwasser mit Rosenbl\u00fctenwasser entfernt Make-up und reinigt die Haut von Gesicht und Augen, wodurch Make-up und Unreinheiten beseitigt werden.<br \/>\nAngereichert mit einem Skin-Respect-Komplex, der zu 100% pflanzlichen Ursprungs ist, beruhigt er trockene bis sehr trockene Haut und bietet ihnen noch mehr Komfort bei gleichzeitiger Wahrung ihres Gleichgewichts.<br \/>\nEs l\u00e4sst die Haut frisch und weich und die Sinne von seinem zarten Rosenduft verzaubert.<\/p>\n<p>Das Entfernen von Make-up ist der wesentliche erste Schritt in Ihrer Hautpflege!<\/p>\n<p>Tragen Sie morgens und abends vorsichtig ein in Mizellenwasser getr\u00e4nktes Wattepad auf Gesicht und Augen auf.<\/p>\n<p>Wiederholen, bis die Baumwolle sauber ist. Keine Notwendigkeit zu sp\u00fclen.<\/p>\n<p>Vervollst\u00e4ndigen Sie Ihre Routine mit Behandlungen aus dem Rosenbereich<\/p>\n<p>Inhaltsstoffe: Wasser \/ Wasser, Glycerin, PEG-6 Caprylic \/ Capric Glyceride Pentylenglycol, ROSA DAMASCENA Blumenwasser, PERFUM \/ FRAGRANCE, Natriumgluconat, XYLITYLGLUCOSIDE, ANHYDROXYLGLUCOSIDE, ANHYDROXYLENE GLYCOL, XYDROXYLITANIUM, XYDROXYLITON6, XYDROXYLITON610, XYDROXYLITON6 AT].<\/p>","protected":false},"excerpt":{"rendered":"<p>3-in-1 feuchtigkeitsspendendes Mizellenwasser &#8211; Empfindliche, trockene bis sehr trockene Haut Entfernt Make-up, reinigt und macht weich &#8211; Gesicht und Augen Empfindliche, trockene bis sehr trockene Haut. Enth\u00e4lt 97% Inhaltsstoffe nat\u00fcrlichen Ursprungs Dieses Mizellenwasser mit Rosenbl\u00fctenwasser entfernt Make-up und reinigt die Haut von Gesicht und Augen, wodurch Make-up und Unreinheiten beseitigt werden. Angereichert mit einem Skin-Respect-Komplex, [&hellip;]<\/p>\n","protected":false},"featured_media":13663,"template":"","meta":{"_acf_changed":false,"footnotes":""},"product_brand":[],"product_cat":[47,42,761,782],"product_tag":[],"class_list":{"0":"post-13661","1":"product","2":"type-product","3":"status-publish","4":"has-post-thumbnail","6":"product_cat-dermocosmetique","7":"product_cat-para-pharmacie","8":"product_cat-demaquillant-eau-micellaire-tonique","9":"product_cat-vegan","11":"first","12":"outofstock","13":"taxable","14":"shipping-taxable","15":"purchasable","16":"product-type-simple"},"acf":[],"_links":{"self":[{"href":"https:\/\/www.pharmacieonline.lu\/de\/wp-json\/wp\/v2\/product\/13661","targetHints":{"allow":["GET"]}}],"collection":[{"href":"https:\/\/www.pharmacieonline.lu\/de\/wp-json\/wp\/v2\/product"}],"about":[{"href":"https:\/\/www.pharmacieonline.lu\/de\/wp-json\/wp\/v2\/types\/product"}],"version-history":[{"count":0,"href":"https:\/\/www.pharmacieonline.lu\/de\/wp-json\/wp\/v2\/product\/13661\/revisions"}],"wp:featuredmedia":[{"embeddable":true,"href":"https:\/\/www.pharmacieonline.lu\/de\/wp-json\/wp\/v2\/media\/13663"}],"wp:attachment":[{"href":"https:\/\/www.pharmacieonline.lu\/de\/wp-json\/wp\/v2\/media?parent=13661"}],"wp:term":[{"taxonomy":"product_brand","embeddable":true,"href":"https:\/\/www.pharmacieonline.lu\/de\/wp-json\/wp\/v2\/product_brand?post=13661"},{"taxonomy":"product_cat","embeddable":true,"href":"https:\/\/www.pharmacieonline.lu\/de\/wp-json\/wp\/v2\/product_cat?post=13661"},{"taxonomy":"product_tag","embeddable":true,"href":"https:\/\/www.pharmacieonline.lu\/de\/wp-json\/wp\/v2\/product_tag?post=13661"}],"curies":[{"name":"wp","href":"https:\/\/api.w.org\/{rel}","templated":true}]}}