{"id":13666,"date":"2021-01-26T16:03:36","date_gmt":"2021-01-26T15:03:36","guid":{"rendered":"https:\/\/www.pharmacieonline.lu\/?post_type=product&#038;p=13666"},"modified":"2026-04-05T03:55:40","modified_gmt":"2026-04-05T01:55:40","slug":"nuxe-very-rose-huile-delicat-demaq-150ml","status":"publish","type":"product","link":"https:\/\/www.pharmacieonline.lu\/de\/produit\/nuxe-very-rose-huile-delicat-demaq-150ml\/","title":{"rendered":"NUXE VERY ROSE HUILE DEMAQ 150ML NF"},"content":{"rendered":"<p>Empfindliches Reinigungs\u00f6l<\/p>\n<p>Entfernt hartn\u00e4ckiges und wasserfestes Make-up, reinigt &#8211; Gesicht und Augen<br \/>\nAlle Hauttypen, auch empfindlich.<\/p>\n<p>Enth\u00e4lt 82% Inhaltsstoffe nat\u00fcrlichen Ursprungs<\/p>\n<p>Dieses hochwirksame Make-up-Entferner\u00f6l entfernt selbst hartn\u00e4ckigste oder wasserfesteste Make-ups und sch\u00fctzt die Haut vor Kalk und respektiert ihr Gleichgewicht. Reich an s\u00fc\u00dfem Mandel\u00f6l, verwandelt sich seine seidige Textur bei Kontakt mit Wasser in Milch und hinterl\u00e4sst keinen fettigen Film auf der Haut, wodurch Weichheit, Geschmeidigkeit und Komfort wiedererlangt werden.<\/p>\n<p>Das Entfernen von Make-up ist der wesentliche erste Schritt in Ihrer Hautpflege!<\/p>\n<p>3 Dosen in der Handfl\u00e4che erhitzen und mit geschlossenen Augen in die trockene Haut einmassieren.<\/p>\n<p>Dann mit etwas Wasser emulgieren und gr\u00fcndlich mit lauwarmem Wasser absp\u00fclen.<\/p>\n<p>Geeignet f\u00fcr Kontaktlinsentr\u00e4ger.<\/p>\n<p>Vervollst\u00e4ndigen Sie Ihre Routine mit Behandlungen aus dem Rosenbereich<\/p>\n<p>ZUTATEN: CAPRYL \/ CAPRIC-TRIGLYCERID, COCO-CAPRYLAT \/ CAPRAT, PEG-20-GLYCERYL-TRIISOSTEARAT, C12-15-ALKYLBENZOAT, ISOCETYL-STEAROYL-STEARAT, PRUNUS AMYGDALUS DULCL , PRUNUS AMYGDALUS DULCIS (SWEET ROSOLIA T4MOPEN \/ A) FLACTOR, A.<\/p>","protected":false},"excerpt":{"rendered":"<p>Empfindliches Reinigungs\u00f6l Entfernt hartn\u00e4ckiges und wasserfestes Make-up, reinigt &#8211; Gesicht und Augen Alle Hauttypen, auch empfindlich. Enth\u00e4lt 82% Inhaltsstoffe nat\u00fcrlichen Ursprungs Dieses hochwirksame Make-up-Entferner\u00f6l entfernt selbst hartn\u00e4ckigste oder wasserfesteste Make-ups und sch\u00fctzt die Haut vor Kalk und respektiert ihr Gleichgewicht. Reich an s\u00fc\u00dfem Mandel\u00f6l, verwandelt sich seine seidige Textur bei Kontakt mit Wasser in Milch [&hellip;]<\/p>\n","protected":false},"featured_media":13669,"template":"","meta":{"_acf_changed":false,"footnotes":""},"product_brand":[],"product_cat":[47,42,761,782],"product_tag":[],"class_list":{"0":"post-13666","1":"product","2":"type-product","3":"status-publish","4":"has-post-thumbnail","6":"product_cat-dermocosmetique","7":"product_cat-para-pharmacie","8":"product_cat-demaquillant-eau-micellaire-tonique","9":"product_cat-vegan","11":"first","12":"outofstock","13":"taxable","14":"shipping-taxable","15":"purchasable","16":"product-type-simple"},"acf":[],"_links":{"self":[{"href":"https:\/\/www.pharmacieonline.lu\/de\/wp-json\/wp\/v2\/product\/13666","targetHints":{"allow":["GET"]}}],"collection":[{"href":"https:\/\/www.pharmacieonline.lu\/de\/wp-json\/wp\/v2\/product"}],"about":[{"href":"https:\/\/www.pharmacieonline.lu\/de\/wp-json\/wp\/v2\/types\/product"}],"version-history":[{"count":0,"href":"https:\/\/www.pharmacieonline.lu\/de\/wp-json\/wp\/v2\/product\/13666\/revisions"}],"wp:featuredmedia":[{"embeddable":true,"href":"https:\/\/www.pharmacieonline.lu\/de\/wp-json\/wp\/v2\/media\/13669"}],"wp:attachment":[{"href":"https:\/\/www.pharmacieonline.lu\/de\/wp-json\/wp\/v2\/media?parent=13666"}],"wp:term":[{"taxonomy":"product_brand","embeddable":true,"href":"https:\/\/www.pharmacieonline.lu\/de\/wp-json\/wp\/v2\/product_brand?post=13666"},{"taxonomy":"product_cat","embeddable":true,"href":"https:\/\/www.pharmacieonline.lu\/de\/wp-json\/wp\/v2\/product_cat?post=13666"},{"taxonomy":"product_tag","embeddable":true,"href":"https:\/\/www.pharmacieonline.lu\/de\/wp-json\/wp\/v2\/product_tag?post=13666"}],"curies":[{"name":"wp","href":"https:\/\/api.w.org\/{rel}","templated":true}]}}