{"id":13670,"date":"2021-01-26T16:13:12","date_gmt":"2021-01-26T15:13:12","guid":{"rendered":"https:\/\/www.pharmacieonline.lu\/?post_type=product&#038;p=13670"},"modified":"2026-04-04T19:55:28","modified_gmt":"2026-04-04T17:55:28","slug":"nuxe-very-rose-lotion-peeling-ecl-150ml","status":"publish","type":"product","link":"https:\/\/www.pharmacieonline.lu\/de\/produit\/nuxe-very-rose-lotion-peeling-ecl-150ml\/","title":{"rendered":"NUXE VERY ROSE LOTION PEELING ECL 150ML"},"content":{"rendered":"<p>Radiance Peeling Lotion<\/p>\n<p>T\u00e4gliches Mikro-Peeling &#8211; Gesicht<br \/>\nAlle Hauttypen &#8211; Nacht.<\/p>\n<p>Enth\u00e4lt 98% Inhaltsstoffe nat\u00fcrlichen Ursprungs<\/p>\n<p>Inspiriert von fachm\u00e4nnischen Gesten bietet diese Peeling-Lotion ein sanftes t\u00e4gliches Peeling f\u00fcr einen neuen Hauteffekt Tag f\u00fcr Tag.<\/p>\n<p>Die zart duftende Rosenformel besteht aus Rosenbl\u00fctenwasser und Fruchts\u00e4uren und beseitigt nach und nach abgestorbene Hautzellen.<\/p>\n<p>Die Haut wird erneuert, glatter, der Teint strahlend und gleichm\u00e4\u00dfig.<\/p>\n<p>Tragen Sie die Lotion am Abend vor der Nachtpflege mit einem Wattepad auf ein sauberes und gereinigtes Gesicht auf.<\/p>\n<p>Vermeiden der Augenpartie. Ohne zu sp\u00fclen.<\/p>\n<p>Vermeiden Sie Sonneneinstrahlung und behandeln Sie sie tags\u00fcber mit Lichtschutzfaktor.<\/p>\n<p>Vervollst\u00e4ndigen Sie Ihre Routine mit Behandlungen aus dem Rosenbereich<\/p>\n<p>ZUTATEN: AQUA \/ WATER, Rosa Damascena Flower Wasser, Glycerin, ALCOHOL DENAT, NATRIUMHYDROXID, Glykols\u00e4ure, Milchs\u00e4ure, PHENOXYETHANOL, Chondrus Crispus \/ Carrageen, XYLUCIDUM GLUCIDHUCONATE, ACXYLUCIDHUCONATE, ACXYLUCIDHUCONITY, XYLUCIDHUCONATE, CITRAGEENAN, XYLUCIDHOL, ACXYLUCIDHUCONATE, Carrageen \/. DUFT, XYLITOL, SALICYLS\u00c4URE, CITRONELLOL [N4103 \/ A].<\/p>","protected":false},"excerpt":{"rendered":"<p>Radiance Peeling Lotion T\u00e4gliches Mikro-Peeling &#8211; Gesicht Alle Hauttypen &#8211; Nacht. Enth\u00e4lt 98% Inhaltsstoffe nat\u00fcrlichen Ursprungs Inspiriert von fachm\u00e4nnischen Gesten bietet diese Peeling-Lotion ein sanftes t\u00e4gliches Peeling f\u00fcr einen neuen Hauteffekt Tag f\u00fcr Tag. Die zart duftende Rosenformel besteht aus Rosenbl\u00fctenwasser und Fruchts\u00e4uren und beseitigt nach und nach abgestorbene Hautzellen. Die Haut wird erneuert, glatter, [&hellip;]<\/p>\n","protected":false},"featured_media":13672,"template":"","meta":{"_acf_changed":false,"footnotes":""},"product_brand":[],"product_cat":[47,42,54,782],"product_tag":[],"class_list":{"0":"post-13670","1":"product","2":"type-product","3":"status-publish","4":"has-post-thumbnail","6":"product_cat-dermocosmetique","7":"product_cat-para-pharmacie","8":"product_cat-soins-du-visage","9":"product_cat-vegan","11":"first","12":"outofstock","13":"taxable","14":"shipping-taxable","15":"purchasable","16":"product-type-simple"},"acf":[],"_links":{"self":[{"href":"https:\/\/www.pharmacieonline.lu\/de\/wp-json\/wp\/v2\/product\/13670","targetHints":{"allow":["GET"]}}],"collection":[{"href":"https:\/\/www.pharmacieonline.lu\/de\/wp-json\/wp\/v2\/product"}],"about":[{"href":"https:\/\/www.pharmacieonline.lu\/de\/wp-json\/wp\/v2\/types\/product"}],"version-history":[{"count":0,"href":"https:\/\/www.pharmacieonline.lu\/de\/wp-json\/wp\/v2\/product\/13670\/revisions"}],"wp:featuredmedia":[{"embeddable":true,"href":"https:\/\/www.pharmacieonline.lu\/de\/wp-json\/wp\/v2\/media\/13672"}],"wp:attachment":[{"href":"https:\/\/www.pharmacieonline.lu\/de\/wp-json\/wp\/v2\/media?parent=13670"}],"wp:term":[{"taxonomy":"product_brand","embeddable":true,"href":"https:\/\/www.pharmacieonline.lu\/de\/wp-json\/wp\/v2\/product_brand?post=13670"},{"taxonomy":"product_cat","embeddable":true,"href":"https:\/\/www.pharmacieonline.lu\/de\/wp-json\/wp\/v2\/product_cat?post=13670"},{"taxonomy":"product_tag","embeddable":true,"href":"https:\/\/www.pharmacieonline.lu\/de\/wp-json\/wp\/v2\/product_tag?post=13670"}],"curies":[{"name":"wp","href":"https:\/\/api.w.org\/{rel}","templated":true}]}}