{"id":13674,"date":"2021-01-26T16:16:21","date_gmt":"2021-01-26T15:16:21","guid":{"rendered":"https:\/\/www.pharmacieonline.lu\/?post_type=product&#038;p=13674"},"modified":"2026-04-05T15:55:26","modified_gmt":"2026-04-05T13:55:26","slug":"nuxe-very-rose-mousse-aerienn-nett-150ml","status":"publish","type":"product","link":"https:\/\/www.pharmacieonline.lu\/de\/produit\/nuxe-very-rose-mousse-aerienn-nett-150ml\/","title":{"rendered":"NUXE VERY ROSE MOUSSE AERIENN NETT 150ML"},"content":{"rendered":"<p>Luftreinigungsschaum<\/p>\n<p>Reinigt und beruhigt sanft &#8211; Gesicht<br \/>\nAlle Hauttypen, auch empfindlich.<\/p>\n<p>Enth\u00e4lt 94% Inhaltsstoffe nat\u00fcrlichen Ursprungs<\/p>\n<p>Dieser schmelzende Schaum mit dem s\u00fc\u00dfen Duft von Rose reinigt und beruhigt sanft und respektiert die Haut.<\/p>\n<p>Mit Rosenbl\u00fctenwasser formuliert, beseitigt es effektiv Unreinheiten, ohne die Haut auszutrocknen.<\/p>\n<p>Unter der Wirkung des geschmeidigen Luftschaums ist die Haut frisch und gereinigt.<\/p>\n<p>Dieser Schaum ist die angenehme Reinigungsgeste, die direkt unter der Dusche angewendet werden kann!<\/p>\n<p>Morgens und abends auf ein feuchtes Gesicht auftragen, dabei die Augenpartie meiden, dann einmassieren und mit lauwarmem Wasser absp\u00fclen.<\/p>\n<p>Vervollst\u00e4ndigen Sie Ihre Routine mit den Behandlungen aus dem Rosenbereich.<\/p>\n<p>ZUTATEN: AQUA \/ WATER, ROSA DAMASCENA Blumenwasser, Natriumlauroylsarcosinat, Pentylenglycol, GLYCERIN, Natriumcocoamphoacetat, Natriumcocoylglutamat, Maltooligosyl Glucoside, CAPRYLYL \/ CAPRYL Glucoside, PARFUM \/ DUFT, Zitronens\u00e4ure, hydriertem St\u00e4rkehydrolysat, Natriumchlorid, PHENOXYETHANOL , Natriumgluconat, XYLITYLGLUCOSID, ANHYDROXYLITOL, Natriumglycolat, CETRIMONIUMBROMID, XYLITOL, Natriumhydroxid [N4102 \/ A].<\/p>","protected":false},"excerpt":{"rendered":"<p>Luftreinigungsschaum Reinigt und beruhigt sanft &#8211; Gesicht Alle Hauttypen, auch empfindlich. Enth\u00e4lt 94% Inhaltsstoffe nat\u00fcrlichen Ursprungs Dieser schmelzende Schaum mit dem s\u00fc\u00dfen Duft von Rose reinigt und beruhigt sanft und respektiert die Haut. Mit Rosenbl\u00fctenwasser formuliert, beseitigt es effektiv Unreinheiten, ohne die Haut auszutrocknen. Unter der Wirkung des geschmeidigen Luftschaums ist die Haut frisch und [&hellip;]<\/p>\n","protected":false},"featured_media":13677,"template":"","meta":{"_acf_changed":false,"footnotes":""},"product_brand":[],"product_cat":[47,42,761,112,782],"product_tag":[],"class_list":{"0":"post-13674","1":"product","2":"type-product","3":"status-publish","4":"has-post-thumbnail","6":"product_cat-dermocosmetique","7":"product_cat-para-pharmacie","8":"product_cat-demaquillant-eau-micellaire-tonique","9":"product_cat-douche-bain","10":"product_cat-vegan","12":"first","13":"instock","14":"taxable","15":"shipping-taxable","16":"purchasable","17":"product-type-simple"},"acf":[],"_links":{"self":[{"href":"https:\/\/www.pharmacieonline.lu\/de\/wp-json\/wp\/v2\/product\/13674","targetHints":{"allow":["GET"]}}],"collection":[{"href":"https:\/\/www.pharmacieonline.lu\/de\/wp-json\/wp\/v2\/product"}],"about":[{"href":"https:\/\/www.pharmacieonline.lu\/de\/wp-json\/wp\/v2\/types\/product"}],"version-history":[{"count":0,"href":"https:\/\/www.pharmacieonline.lu\/de\/wp-json\/wp\/v2\/product\/13674\/revisions"}],"wp:featuredmedia":[{"embeddable":true,"href":"https:\/\/www.pharmacieonline.lu\/de\/wp-json\/wp\/v2\/media\/13677"}],"wp:attachment":[{"href":"https:\/\/www.pharmacieonline.lu\/de\/wp-json\/wp\/v2\/media?parent=13674"}],"wp:term":[{"taxonomy":"product_brand","embeddable":true,"href":"https:\/\/www.pharmacieonline.lu\/de\/wp-json\/wp\/v2\/product_brand?post=13674"},{"taxonomy":"product_cat","embeddable":true,"href":"https:\/\/www.pharmacieonline.lu\/de\/wp-json\/wp\/v2\/product_cat?post=13674"},{"taxonomy":"product_tag","embeddable":true,"href":"https:\/\/www.pharmacieonline.lu\/de\/wp-json\/wp\/v2\/product_tag?post=13674"}],"curies":[{"name":"wp","href":"https:\/\/api.w.org\/{rel}","templated":true}]}}