{"id":1377,"date":"2020-11-25T17:27:25","date_gmt":"2020-11-25T16:27:25","guid":{"rendered":"https:\/\/www.pharmacieonline.lu\/produit\/pures-assain-spray-75-ml\/"},"modified":"2026-04-02T04:26:30","modified_gmt":"2026-04-02T02:26:30","slug":"pures-assain-spray-75-ml","status":"publish","type":"product","link":"https:\/\/www.pharmacieonline.lu\/de\/produit\/pures-assain-spray-75-ml\/","title":{"rendered":"PURES ASSAIN SPRAY 75 ML"},"content":{"rendered":"<p>Um zu helfen:<br \/>\n&#8211; Luft reinigen<br \/>\n&#8211; Jagen Sie schlechte Ger\u00fcche und ihre Herkunft<br \/>\n&#8211; Atmen Sie sauberere Luft ein<\/p>\n<p>Dieses Produkt hilft, die Luft in Wohnr\u00e4umen, verschmutzter oder rauchiger Atmosph\u00e4re, Ger\u00fcchen von Bettzeug, Tieren, Kinder- und Erwachsenenzimmern, feuchten R\u00e4umen, Toiletten, K\u00fcchen, B\u00fcros, Werkst\u00e4tten, \u00f6ffentlichen Pl\u00e4tzen, Autos &#8230; zu reinigen.<\/p>\n<p>Produkt aus der Aromatherapie &#8211; HEBBD \u00e4therische \u00d6le (Botanisch und biochemisch definiertes \u00e4therisches \u00d6l) &#8211; \u00c4therische \u00d6le und pflanzlicher Alkohol, nicht durch Phthalate denaturiert: 100% nat\u00fcrlichen Ursprungs &#8211; Ohne Treibmittel * &#8211; Ohne F\u00e4rbung &#8211; Ohne Konservierungsmittel &#8211; Ohne Parf\u00fcm der Synthese.<\/p>","protected":false},"excerpt":{"rendered":"<p>Um zu helfen: &#8211; Luft reinigen &#8211; Jagen Sie schlechte Ger\u00fcche und ihre Herkunft &#8211; Atmen Sie sauberere Luft ein Dieses Produkt hilft, die Luft in Wohnr\u00e4umen, verschmutzter oder rauchiger Atmosph\u00e4re, Ger\u00fcchen von Bettzeug, Tieren, Kinder- und Erwachsenenzimmern, feuchten R\u00e4umen, Toiletten, K\u00fcchen, B\u00fcros, Werkst\u00e4tten, \u00f6ffentlichen Pl\u00e4tzen, Autos &#8230; zu reinigen. Produkt aus der Aromatherapie &#8211; [&hellip;]<\/p>\n","protected":false},"featured_media":3537,"template":"","meta":{"_acf_changed":false,"footnotes":""},"product_brand":[],"product_cat":[42,79,782],"product_tag":[],"class_list":{"0":"post-1377","1":"product","2":"type-product","3":"status-publish","4":"has-post-thumbnail","6":"product_cat-para-pharmacie","7":"product_cat-aromatherapie","8":"product_cat-vegan","10":"first","11":"instock","12":"taxable","13":"shipping-taxable","14":"purchasable","15":"product-type-simple"},"acf":[],"_links":{"self":[{"href":"https:\/\/www.pharmacieonline.lu\/de\/wp-json\/wp\/v2\/product\/1377","targetHints":{"allow":["GET"]}}],"collection":[{"href":"https:\/\/www.pharmacieonline.lu\/de\/wp-json\/wp\/v2\/product"}],"about":[{"href":"https:\/\/www.pharmacieonline.lu\/de\/wp-json\/wp\/v2\/types\/product"}],"version-history":[{"count":0,"href":"https:\/\/www.pharmacieonline.lu\/de\/wp-json\/wp\/v2\/product\/1377\/revisions"}],"wp:featuredmedia":[{"embeddable":true,"href":"https:\/\/www.pharmacieonline.lu\/de\/wp-json\/wp\/v2\/media\/3537"}],"wp:attachment":[{"href":"https:\/\/www.pharmacieonline.lu\/de\/wp-json\/wp\/v2\/media?parent=1377"}],"wp:term":[{"taxonomy":"product_brand","embeddable":true,"href":"https:\/\/www.pharmacieonline.lu\/de\/wp-json\/wp\/v2\/product_brand?post=1377"},{"taxonomy":"product_cat","embeddable":true,"href":"https:\/\/www.pharmacieonline.lu\/de\/wp-json\/wp\/v2\/product_cat?post=1377"},{"taxonomy":"product_tag","embeddable":true,"href":"https:\/\/www.pharmacieonline.lu\/de\/wp-json\/wp\/v2\/product_tag?post=1377"}],"curies":[{"name":"wp","href":"https:\/\/api.w.org\/{rel}","templated":true}]}}