{"id":1379,"date":"2020-11-25T17:27:25","date_gmt":"2020-11-25T16:27:25","guid":{"rendered":"https:\/\/www.pharmacieonline.lu\/produit\/dafalgan-500-mg-20-cpr-eff\/"},"modified":"2026-04-02T04:25:31","modified_gmt":"2026-04-02T02:25:31","slug":"dafalgan-500-mg-20-cpr-eff","status":"publish","type":"product","link":"https:\/\/www.pharmacieonline.lu\/de\/produit\/dafalgan-500-mg-20-cpr-eff\/","title":{"rendered":"DAFALGAN 500 MG 20 CPR EFF"},"content":{"rendered":"<p><\/p>\n<p>Douleur et fi\u00e8vre.<\/p>\n<p>Adultes et enfants &gt; 11 ans<\/p>\n<ul>\n<li>1 \u00e0 max. 2 comprim\u00e9s par prise<\/li>\n<li>Min. 4 h. entre deux prises<\/li>\n<li>Dose max.\n<ul>\n<li>8 comprim\u00e9s par jour durant max. 4 semaines<\/li>\n<li>6 comprim\u00e9s par jour &gt; 4 semaines<\/li>\n<\/ul>\n<\/li>\n<\/ul>\n<p>Mode d&#8217;administration<\/p>\n<ul>\n<li>Dissoudre les comprim\u00e9s dans un verre d&#8217;eau<\/li>\n<\/ul>\n<p><\/p>","protected":false},"excerpt":{"rendered":"<p>Douleur et fi\u00e8vre. Adultes et enfants &gt; 11 ans 1 \u00e0 max. 2 comprim\u00e9s par prise Min. 4 h. entre deux prises Dose max. 8 comprim\u00e9s par jour durant max. 4 semaines 6 comprim\u00e9s par jour &gt; 4 semaines Mode d&#8217;administration Dissoudre les comprim\u00e9s dans un verre d&#8217;eau<\/p>\n","protected":false},"featured_media":3542,"template":"","meta":{"_acf_changed":false,"footnotes":""},"product_brand":[],"product_cat":[43,94,93,86],"product_tag":[],"class_list":{"0":"post-1379","1":"product","2":"type-product","3":"status-publish","4":"has-post-thumbnail","6":"product_cat-medicaments-en-vente-libre","7":"product_cat-maux","8":"product_cat-fievre","9":"product_cat-grippe","11":"first","12":"instock","13":"taxable","14":"shipping-taxable","15":"purchasable","16":"product-type-simple"},"acf":[],"_links":{"self":[{"href":"https:\/\/www.pharmacieonline.lu\/de\/wp-json\/wp\/v2\/product\/1379","targetHints":{"allow":["GET"]}}],"collection":[{"href":"https:\/\/www.pharmacieonline.lu\/de\/wp-json\/wp\/v2\/product"}],"about":[{"href":"https:\/\/www.pharmacieonline.lu\/de\/wp-json\/wp\/v2\/types\/product"}],"version-history":[{"count":0,"href":"https:\/\/www.pharmacieonline.lu\/de\/wp-json\/wp\/v2\/product\/1379\/revisions"}],"wp:featuredmedia":[{"embeddable":true,"href":"https:\/\/www.pharmacieonline.lu\/de\/wp-json\/wp\/v2\/media\/3542"}],"wp:attachment":[{"href":"https:\/\/www.pharmacieonline.lu\/de\/wp-json\/wp\/v2\/media?parent=1379"}],"wp:term":[{"taxonomy":"product_brand","embeddable":true,"href":"https:\/\/www.pharmacieonline.lu\/de\/wp-json\/wp\/v2\/product_brand?post=1379"},{"taxonomy":"product_cat","embeddable":true,"href":"https:\/\/www.pharmacieonline.lu\/de\/wp-json\/wp\/v2\/product_cat?post=1379"},{"taxonomy":"product_tag","embeddable":true,"href":"https:\/\/www.pharmacieonline.lu\/de\/wp-json\/wp\/v2\/product_tag?post=1379"}],"curies":[{"name":"wp","href":"https:\/\/api.w.org\/{rel}","templated":true}]}}