{"id":13854,"date":"2021-01-28T08:53:10","date_gmt":"2021-01-28T07:53:10","guid":{"rendered":"https:\/\/www.pharmacieonline.lu\/?post_type=product&#038;p=13854"},"modified":"2026-04-10T04:25:34","modified_gmt":"2026-04-10T02:25:34","slug":"nuxe-super-serum10a-age-flac-pomp-30ml","status":"publish","type":"product","link":"https:\/\/www.pharmacieonline.lu\/de\/produit\/nuxe-super-serum10a-age-flac-pomp-30ml\/","title":{"rendered":"NUXE SUPER SERUM(10)A\/AGE FLAC POMP 30ML"},"content":{"rendered":"<p>Super Serum [10] &#8211; Das universelle Anti-Aging-Konzentrat<\/p>\n<p>Hyalurons\u00e4ureserum: Korrektur von Falten, Festigkeit und Flecken<\/p>\n<p>Enth\u00e4lt 95% Inhaltsstoffe nat\u00fcrlichen Ursprungs<\/p>\n<p>DAS SUPER ANTI AGING-KONZENTRAT F\u00dcR ALLE HAUTTYPEN<\/p>\n<p>Dieses Serum mit nat\u00fcrlicher Hyalurons\u00e4ure vereint die Expertise des NUXE-Labors f\u00fcr Pflanzen\u00f6le und Anti-Aging-Pflege und enth\u00e4lt Tausende von Mikrok\u00fcgelchen fraktionierter Pflanzen\u00f6le.<\/p>\n<p>Von den ersten Tropfen an verwandelt sich die Haut: gegl\u00e4ttet, prall und strahlend.<\/p>\n<p>In wenigen Wochen nachgewiesene Anti-Aging-Wirksamkeit (2): Feine Linien und Falten werden reduziert, 84% der Frauen finden ihre Haut glatter, 71% ihre Haut straffer.<\/p>\n<p>Dunkle Flecken werden korrigiert, 81% der Frauen finden ihren Teint gleichm\u00e4\u00dfiger.<\/p>\n<p>Anti-Aging-Wirksamkeit und ultimatives Vergn\u00fcgen dank seiner frischen und seidigen Textur mit subtilen pflanzlichen Noten, die g\u00f6ttlich auf der Haut schmilzt.<\/p>\n<p>Pflege in Frankreich formuliert und hergestellt.<\/p>\n<p>Tragen Sie Ihr universelles Anti-Aging-Serum morgens und \/ oder abends vor Ihrer t\u00e4glichen Hautpflege auf die gereinigte Haut auf: Nehmen Sie eine halbe Pipette Serum und tragen Sie es dann auf Gesicht, Hals und Dekollet\u00e9 auf. Sie k\u00f6nnen dann Ihre Tages- oder Nachtcreme auftragen.<\/p>\n<p>ZUTATEN: AQUA \/ WASSER, GLYCERIN, CAPRYL \/ CAPRIC TRIGLYCERIDE, BETAINE, PROPANEDIOL, NIACINAMID, PENTYLENGLYCOL, 1,2-HEXANEDIOL, COCO-CAPRYLAT \/ CAPRAT, CASTOR * OIL \/ IPROL COPOR , CELOPYBALLUS, CACROMONTULT, CARPANEDIOL Niacinamid GLYCOL, Parf\u00fcm \/ Duft, Citronens\u00e4ure, Natriumhydroxid, Hyalurons\u00e4ure, TRISODIUM Ethylendiamindisuccinat, Natriumhyaluronat, Passiflora incarnata EXTRACT, ALKALIGENES Polysacchariden XYL DE1 \/ NTICHANDIAMINE 4, benzyl- ALHYLENEDIAMINE disuccinat. * Rizinus\u00f6lderivat<\/p>","protected":false},"excerpt":{"rendered":"<p>Super Serum [10] &#8211; Das universelle Anti-Aging-Konzentrat Hyalurons\u00e4ureserum: Korrektur von Falten, Festigkeit und Flecken Enth\u00e4lt 95% Inhaltsstoffe nat\u00fcrlichen Ursprungs DAS SUPER ANTI AGING-KONZENTRAT F\u00dcR ALLE HAUTTYPEN Dieses Serum mit nat\u00fcrlicher Hyalurons\u00e4ure vereint die Expertise des NUXE-Labors f\u00fcr Pflanzen\u00f6le und Anti-Aging-Pflege und enth\u00e4lt Tausende von Mikrok\u00fcgelchen fraktionierter Pflanzen\u00f6le. Von den ersten Tropfen an verwandelt sich die [&hellip;]<\/p>\n","protected":false},"featured_media":13855,"template":"","meta":{"_acf_changed":false,"footnotes":""},"product_brand":[],"product_cat":[47,42,54,782],"product_tag":[],"class_list":{"0":"post-13854","1":"product","2":"type-product","3":"status-publish","4":"has-post-thumbnail","6":"product_cat-dermocosmetique","7":"product_cat-para-pharmacie","8":"product_cat-soins-du-visage","9":"product_cat-vegan","11":"first","12":"instock","13":"taxable","14":"shipping-taxable","15":"purchasable","16":"product-type-simple"},"acf":[],"_links":{"self":[{"href":"https:\/\/www.pharmacieonline.lu\/de\/wp-json\/wp\/v2\/product\/13854","targetHints":{"allow":["GET"]}}],"collection":[{"href":"https:\/\/www.pharmacieonline.lu\/de\/wp-json\/wp\/v2\/product"}],"about":[{"href":"https:\/\/www.pharmacieonline.lu\/de\/wp-json\/wp\/v2\/types\/product"}],"version-history":[{"count":0,"href":"https:\/\/www.pharmacieonline.lu\/de\/wp-json\/wp\/v2\/product\/13854\/revisions"}],"wp:featuredmedia":[{"embeddable":true,"href":"https:\/\/www.pharmacieonline.lu\/de\/wp-json\/wp\/v2\/media\/13855"}],"wp:attachment":[{"href":"https:\/\/www.pharmacieonline.lu\/de\/wp-json\/wp\/v2\/media?parent=13854"}],"wp:term":[{"taxonomy":"product_brand","embeddable":true,"href":"https:\/\/www.pharmacieonline.lu\/de\/wp-json\/wp\/v2\/product_brand?post=13854"},{"taxonomy":"product_cat","embeddable":true,"href":"https:\/\/www.pharmacieonline.lu\/de\/wp-json\/wp\/v2\/product_cat?post=13854"},{"taxonomy":"product_tag","embeddable":true,"href":"https:\/\/www.pharmacieonline.lu\/de\/wp-json\/wp\/v2\/product_tag?post=13854"}],"curies":[{"name":"wp","href":"https:\/\/api.w.org\/{rel}","templated":true}]}}