{"id":1387,"date":"2020-11-25T17:27:25","date_gmt":"2020-11-25T16:27:25","guid":{"rendered":"https:\/\/www.pharmacieonline.lu\/produit\/mepitel-film-67-cm-a-10-296100\/"},"modified":"2026-04-03T09:55:33","modified_gmt":"2026-04-03T07:55:33","slug":"mepitel-film-67-cm-a-10-296100","status":"publish","type":"product","link":"https:\/\/www.pharmacieonline.lu\/de\/produit\/mepitel-film-67-cm-a-10-296100\/","title":{"rendered":"MEPITEL FILM 6*7 CM A 10          296100"},"content":{"rendered":"<p>Mepitel Film ist f\u00fcr eine Vielzahl von oberfl\u00e4chlichen Wunden indiziert. Es kann alleine oder als Sekund\u00e4rverband verwendet werden. Dank der einzigartigen Safetac-Beschichtung ist die Mepitel-Folie beim Entfernen oder beim Verbandwechsel schmerzfrei und atraumatisch.<\/p>","protected":false},"excerpt":{"rendered":"<p>Mepitel Film ist f\u00fcr eine Vielzahl von oberfl\u00e4chlichen Wunden indiziert. Es kann alleine oder als Sekund\u00e4rverband verwendet werden. Dank der einzigartigen Safetac-Beschichtung ist die Mepitel-Folie beim Entfernen oder beim Verbandwechsel schmerzfrei und atraumatisch.<\/p>\n","protected":false},"featured_media":3549,"template":"","meta":{"_acf_changed":false,"footnotes":""},"product_brand":[],"product_cat":[775,790,45],"product_tag":[],"class_list":{"0":"post-1387","1":"product","2":"type-product","3":"status-publish","4":"has-post-thumbnail","6":"product_cat-premiers-soins-plaies-brulures","7":"product_cat-compresses-tulles-plaques","8":"product_cat-materiel-medical","10":"first","11":"instock","12":"taxable","13":"shipping-taxable","14":"purchasable","15":"product-type-simple"},"acf":[],"_links":{"self":[{"href":"https:\/\/www.pharmacieonline.lu\/de\/wp-json\/wp\/v2\/product\/1387","targetHints":{"allow":["GET"]}}],"collection":[{"href":"https:\/\/www.pharmacieonline.lu\/de\/wp-json\/wp\/v2\/product"}],"about":[{"href":"https:\/\/www.pharmacieonline.lu\/de\/wp-json\/wp\/v2\/types\/product"}],"version-history":[{"count":0,"href":"https:\/\/www.pharmacieonline.lu\/de\/wp-json\/wp\/v2\/product\/1387\/revisions"}],"wp:featuredmedia":[{"embeddable":true,"href":"https:\/\/www.pharmacieonline.lu\/de\/wp-json\/wp\/v2\/media\/3549"}],"wp:attachment":[{"href":"https:\/\/www.pharmacieonline.lu\/de\/wp-json\/wp\/v2\/media?parent=1387"}],"wp:term":[{"taxonomy":"product_brand","embeddable":true,"href":"https:\/\/www.pharmacieonline.lu\/de\/wp-json\/wp\/v2\/product_brand?post=1387"},{"taxonomy":"product_cat","embeddable":true,"href":"https:\/\/www.pharmacieonline.lu\/de\/wp-json\/wp\/v2\/product_cat?post=1387"},{"taxonomy":"product_tag","embeddable":true,"href":"https:\/\/www.pharmacieonline.lu\/de\/wp-json\/wp\/v2\/product_tag?post=1387"}],"curies":[{"name":"wp","href":"https:\/\/api.w.org\/{rel}","templated":true}]}}