{"id":1402,"date":"2020-11-25T17:27:26","date_gmt":"2020-11-25T16:27:26","guid":{"rendered":"https:\/\/www.pharmacieonline.lu\/produit\/vichy-aqualia-therm-spa-nuit-75-ml\/"},"modified":"2026-04-04T04:25:23","modified_gmt":"2026-04-04T02:25:23","slug":"vichy-aqualia-therm-spa-nuit-75-ml","status":"publish","type":"product","link":"https:\/\/www.pharmacieonline.lu\/de\/produit\/vichy-aqualia-therm-spa-nuit-75-ml\/","title":{"rendered":"VICHY AQUALIA THERM SPA NUIT 75 ML"},"content":{"rendered":"<p>Revitalisierende verj\u00fcngende Gelcreme.<\/p>\n<p>Indikation<br \/>\nFrauen jeden Alters mit dehydrierter Haut, die Anzeichen von Unbehagen und M\u00fcdigkeit zeigen.<\/p>\n<p>Auch f\u00fcr empfindliche Haut geeignet.<\/p>\n<p>Verwendung<br \/>\nTragen Sie jeden Abend eine d\u00fcnne Schicht auf Gesicht und Hals auf.<br \/>\nKann auch ein- oder zweimal pro Woche als Nachtmaske verwendet werden.<br \/>\nVermeiden Sie die Augenpartie.<br \/>\nKomposition<br \/>\nVichy Thermalwasser<br \/>\nHyalurons\u00e4ure<br \/>\nFrei von Parabenen<\/p>","protected":false},"excerpt":{"rendered":"<p>Revitalisierende verj\u00fcngende Gelcreme. Indikation Frauen jeden Alters mit dehydrierter Haut, die Anzeichen von Unbehagen und M\u00fcdigkeit zeigen. Auch f\u00fcr empfindliche Haut geeignet. Verwendung Tragen Sie jeden Abend eine d\u00fcnne Schicht auf Gesicht und Hals auf. Kann auch ein- oder zweimal pro Woche als Nachtmaske verwendet werden. Vermeiden Sie die Augenpartie. Komposition Vichy Thermalwasser Hyalurons\u00e4ure Frei [&hellip;]<\/p>\n","protected":false},"featured_media":3522,"template":"","meta":{"_acf_changed":false,"footnotes":""},"product_brand":[],"product_cat":[47,42,54],"product_tag":[],"class_list":{"0":"post-1402","1":"product","2":"type-product","3":"status-publish","4":"has-post-thumbnail","6":"product_cat-dermocosmetique","7":"product_cat-para-pharmacie","8":"product_cat-soins-du-visage","10":"first","11":"outofstock","12":"taxable","13":"shipping-taxable","14":"purchasable","15":"product-type-simple"},"acf":[],"_links":{"self":[{"href":"https:\/\/www.pharmacieonline.lu\/de\/wp-json\/wp\/v2\/product\/1402","targetHints":{"allow":["GET"]}}],"collection":[{"href":"https:\/\/www.pharmacieonline.lu\/de\/wp-json\/wp\/v2\/product"}],"about":[{"href":"https:\/\/www.pharmacieonline.lu\/de\/wp-json\/wp\/v2\/types\/product"}],"version-history":[{"count":0,"href":"https:\/\/www.pharmacieonline.lu\/de\/wp-json\/wp\/v2\/product\/1402\/revisions"}],"wp:featuredmedia":[{"embeddable":true,"href":"https:\/\/www.pharmacieonline.lu\/de\/wp-json\/wp\/v2\/media\/3522"}],"wp:attachment":[{"href":"https:\/\/www.pharmacieonline.lu\/de\/wp-json\/wp\/v2\/media?parent=1402"}],"wp:term":[{"taxonomy":"product_brand","embeddable":true,"href":"https:\/\/www.pharmacieonline.lu\/de\/wp-json\/wp\/v2\/product_brand?post=1402"},{"taxonomy":"product_cat","embeddable":true,"href":"https:\/\/www.pharmacieonline.lu\/de\/wp-json\/wp\/v2\/product_cat?post=1402"},{"taxonomy":"product_tag","embeddable":true,"href":"https:\/\/www.pharmacieonline.lu\/de\/wp-json\/wp\/v2\/product_tag?post=1402"}],"curies":[{"name":"wp","href":"https:\/\/api.w.org\/{rel}","templated":true}]}}