{"id":1415,"date":"2020-11-25T17:27:26","date_gmt":"2020-11-25T16:27:26","guid":{"rendered":"https:\/\/www.pharmacieonline.lu\/produit\/avene-xeracalm-ad-huile-400-ml\/"},"modified":"2026-04-03T07:55:32","modified_gmt":"2026-04-03T05:55:32","slug":"avene-xeracalm-ad-huile-400-ml","status":"publish","type":"product","link":"https:\/\/www.pharmacieonline.lu\/de\/produit\/avene-xeracalm-ad-huile-400-ml\/","title":{"rendered":"AVENE XERACALM AD HUILE 400 ML"},"content":{"rendered":"<p>Lipidauff\u00fcllendes Reinigungs\u00f6l.<br \/>\nEmpfindliche trockene bis sehr trockene Haut, die zu atopischem Ekzem und Juckreiz neigt.<br \/>\nS\u00e4uglinge, Kinder, Erwachsene Seifenfrei &#8211; physiologischer pH-Wert &#8211; nicht komedogen &#8211;<br \/>\nEntwickelt, um das Risiko allergischer Reaktionen zu minimieren<br \/>\nIndikation<br \/>\nXeraCalm A.D Lipid-auff\u00fcllendes Reinigungs\u00f6l wurde speziell entwickelt, um trockene, empfindliche Haut, die bei S\u00e4uglingen, Kindern und Erwachsenen zu atopischem Ekzem und Juckreiz neigt, sanft zu reinigen.<br \/>\nSEIFENFREI, PARFUMFREI, PHYSIOLOGISCHER pH<\/p>\n<p>Verwendung<br \/>\nEmulgieren Sie XeraCalm A.D Lipid-Replenishing Cleansing Oil zum Duschen in zuvor feuchten H\u00e4nden und tragen Sie es auf die Haut auf.<\/p>\n<p>Komposition<br \/>\nAVENE THERMALE FR\u00dcHLINGSWASSER (AVENE AQUA). GLYCERIN. PEG-7 GLYCERYL COCOATE. DISODIUM LAURETH SULFOSICCUNATE. NATRIUM-COCOAMPHOACETAT. PEG-25 HYDROGENIERTES CASTOR\u00d6L. CETEARETH-60 MYRISTYLGLYCOL PEG-200 HYDROGENIERTES GLYCERYLPALMAT. LAURETH-3. COCO-GLUCOSID. AQUAPHILUS DOLOMIAE EXTRAKT. ARGININE. CAPRYLYL GLYCOL. ZITRONENS\u00c4URE. ABEND PRIMROSE OIL \/ PALM OIL AMINOPROPANEDIOL ESTERS. GLYCINE. OENOTHERA BIENNIS (ABEND PRIMROSE) \u00d6L (OENOTHERA BIENNIS \u00d6L) SORBISCHE S\u00c4URE. TOCOPHEROL.<\/p>","protected":false},"excerpt":{"rendered":"<p>Lipidauff\u00fcllendes Reinigungs\u00f6l. Empfindliche trockene bis sehr trockene Haut, die zu atopischem Ekzem und Juckreiz neigt. S\u00e4uglinge, Kinder, Erwachsene Seifenfrei &#8211; physiologischer pH-Wert &#8211; nicht komedogen &#8211; Entwickelt, um das Risiko allergischer Reaktionen zu minimieren Indikation XeraCalm A.D Lipid-auff\u00fcllendes Reinigungs\u00f6l wurde speziell entwickelt, um trockene, empfindliche Haut, die bei S\u00e4uglingen, Kindern und Erwachsenen zu atopischem Ekzem [&hellip;]<\/p>\n","protected":false},"featured_media":21696,"template":"","meta":{"_acf_changed":false,"footnotes":""},"product_brand":[],"product_cat":[47,42,112],"product_tag":[],"class_list":{"0":"post-1415","1":"product","2":"type-product","3":"status-publish","4":"has-post-thumbnail","6":"product_cat-dermocosmetique","7":"product_cat-para-pharmacie","8":"product_cat-douche-bain","10":"first","11":"outofstock","12":"taxable","13":"shipping-taxable","14":"purchasable","15":"product-type-simple"},"acf":[],"_links":{"self":[{"href":"https:\/\/www.pharmacieonline.lu\/de\/wp-json\/wp\/v2\/product\/1415","targetHints":{"allow":["GET"]}}],"collection":[{"href":"https:\/\/www.pharmacieonline.lu\/de\/wp-json\/wp\/v2\/product"}],"about":[{"href":"https:\/\/www.pharmacieonline.lu\/de\/wp-json\/wp\/v2\/types\/product"}],"version-history":[{"count":0,"href":"https:\/\/www.pharmacieonline.lu\/de\/wp-json\/wp\/v2\/product\/1415\/revisions"}],"wp:featuredmedia":[{"embeddable":true,"href":"https:\/\/www.pharmacieonline.lu\/de\/wp-json\/wp\/v2\/media\/21696"}],"wp:attachment":[{"href":"https:\/\/www.pharmacieonline.lu\/de\/wp-json\/wp\/v2\/media?parent=1415"}],"wp:term":[{"taxonomy":"product_brand","embeddable":true,"href":"https:\/\/www.pharmacieonline.lu\/de\/wp-json\/wp\/v2\/product_brand?post=1415"},{"taxonomy":"product_cat","embeddable":true,"href":"https:\/\/www.pharmacieonline.lu\/de\/wp-json\/wp\/v2\/product_cat?post=1415"},{"taxonomy":"product_tag","embeddable":true,"href":"https:\/\/www.pharmacieonline.lu\/de\/wp-json\/wp\/v2\/product_tag?post=1415"}],"curies":[{"name":"wp","href":"https:\/\/api.w.org\/{rel}","templated":true}]}}