{"id":14217,"date":"2021-01-28T17:11:58","date_gmt":"2021-01-28T16:11:58","guid":{"rendered":"https:\/\/www.pharmacieonline.lu\/?post_type=product&#038;p=14217"},"modified":"2026-04-09T01:55:28","modified_gmt":"2026-04-08T23:55:28","slug":"avene-cicalfate-spray-assech-repa-100ml","status":"publish","type":"product","link":"https:\/\/www.pharmacieonline.lu\/de\/produit\/avene-cicalfate-spray-assech-repa-100ml\/","title":{"rendered":"AVENE CICALFATE+ SPRAY ASSECH REPA 100ML"},"content":{"rendered":"<p>Trocknet, repariert und beruhigt gereizte Haut, die zur Mazeration neigt.<br \/>\nJeden Tag f\u00fcr die ganze Familie.<br \/>\nGesicht, K\u00f6rper, Sitz.<br \/>\n* f\u00f6rdert die epidermale Reparatur<\/p>\n<p>Eine komplette Formel in einer praktischen und hygienischen Spr\u00fchflasche. CICALFATE + SPRAY trocknet und repariert * Reizungen in einem Spray dank einer einzigartigen Kombination von Wirkstoffen:<\/p>\n<p>1. Trocknen<br \/>\nABSORBIERENDE PULVER trocknen oberfl\u00e4chliche Reizungen schnell ab.<\/p>\n<p>2. Reparatur<br \/>\n[C + -RESTORE] TM, der erste Wirkstoff zur postbiotischen Reparatur, der aus Av\u00e8ne Thermal Spring Water gewonnen wird, f\u00f6rdert die epidermale Reparatur.<\/p>\n<p>3. Desinfektionsmittel<br \/>\nDie Kombination von KUPFERSULFAT &#8211; ZINKSULFAT begrenzt das Risiko einer bakteriellen Proliferation.<\/p>\n<p>4. Beruhigend<br \/>\nCicalfate + Spray ist reich an THERMISCHEM WASSER VON AVENE und beruhigt geschw\u00e4chte Haut.<\/p>\n<p>* f\u00f6rdert die epidermale Reparatur<\/p>\n<p>Ohne Parf\u00fcm.<\/p>\n<p>AVENE THERMAL SPRING WATER (AVENE AQUA). ZINKOXID. HYDROGENIERTES STARCHHYDROLYZAT. WASSER (AQUA). 1,2-HEXANEDIOL. AQUAPHILUS DOLOMIAE FERMENT FILTRATE. ARGININE. CAPRYLYL GLYCOL. KUPFERSULFAT. Hektik. SCLEROTIUM GUM. TROMETHAMIN. ZINKSULFAT.<\/p>","protected":false},"excerpt":{"rendered":"<p>Trocknet, repariert und beruhigt gereizte Haut, die zur Mazeration neigt. Jeden Tag f\u00fcr die ganze Familie. Gesicht, K\u00f6rper, Sitz. * f\u00f6rdert die epidermale Reparatur Eine komplette Formel in einer praktischen und hygienischen Spr\u00fchflasche. CICALFATE + SPRAY trocknet und repariert * Reizungen in einem Spray dank einer einzigartigen Kombination von Wirkstoffen: 1. Trocknen ABSORBIERENDE PULVER trocknen [&hellip;]<\/p>\n","protected":false},"featured_media":14219,"template":"","meta":{"_acf_changed":false,"footnotes":""},"product_brand":[],"product_cat":[47,42,56],"product_tag":[],"class_list":{"0":"post-14217","1":"product","2":"type-product","3":"status-publish","4":"has-post-thumbnail","6":"product_cat-dermocosmetique","7":"product_cat-para-pharmacie","8":"product_cat-soins-du-corps","10":"first","11":"instock","12":"taxable","13":"shipping-taxable","14":"purchasable","15":"product-type-simple"},"acf":[],"_links":{"self":[{"href":"https:\/\/www.pharmacieonline.lu\/de\/wp-json\/wp\/v2\/product\/14217","targetHints":{"allow":["GET"]}}],"collection":[{"href":"https:\/\/www.pharmacieonline.lu\/de\/wp-json\/wp\/v2\/product"}],"about":[{"href":"https:\/\/www.pharmacieonline.lu\/de\/wp-json\/wp\/v2\/types\/product"}],"version-history":[{"count":0,"href":"https:\/\/www.pharmacieonline.lu\/de\/wp-json\/wp\/v2\/product\/14217\/revisions"}],"wp:featuredmedia":[{"embeddable":true,"href":"https:\/\/www.pharmacieonline.lu\/de\/wp-json\/wp\/v2\/media\/14219"}],"wp:attachment":[{"href":"https:\/\/www.pharmacieonline.lu\/de\/wp-json\/wp\/v2\/media?parent=14217"}],"wp:term":[{"taxonomy":"product_brand","embeddable":true,"href":"https:\/\/www.pharmacieonline.lu\/de\/wp-json\/wp\/v2\/product_brand?post=14217"},{"taxonomy":"product_cat","embeddable":true,"href":"https:\/\/www.pharmacieonline.lu\/de\/wp-json\/wp\/v2\/product_cat?post=14217"},{"taxonomy":"product_tag","embeddable":true,"href":"https:\/\/www.pharmacieonline.lu\/de\/wp-json\/wp\/v2\/product_tag?post=14217"}],"curies":[{"name":"wp","href":"https:\/\/api.w.org\/{rel}","templated":true}]}}