{"id":14275,"date":"2021-01-29T10:15:22","date_gmt":"2021-01-29T09:15:22","guid":{"rendered":"https:\/\/www.pharmacieonline.lu\/?post_type=product&#038;p=14275"},"modified":"2026-04-10T04:25:27","modified_gmt":"2026-04-10T02:25:27","slug":"eucerin-aquaphor-baume-repar-cutane-198g","status":"publish","type":"product","link":"https:\/\/www.pharmacieonline.lu\/de\/produit\/eucerin-aquaphor-baume-repar-cutane-198g\/","title":{"rendered":"EUCERIN AQUAPHOR BAUME REPAR CUTANE 198G"},"content":{"rendered":"<p>Dieser wasserlose Balsam schafft eine ideale Umgebung, um den Heilungsprozess gesch\u00e4digter Haut zu erleichtern oder das Gef\u00fchl von Reizungen zu verringern<\/p>\n<p>Verwenden<br \/>\nSo oft wie n\u00f6tig auf die betroffenen Bereiche auftragen. Nicht auf blutende, offene oder nasse Wunden auftragen.<\/p>\n<p>Komposition<br \/>\nParaffinum Liquidum, Cera Microcristallina, Ceresin, Lanolinalkohol (Eucerit\u00ae), Panthenol, Glycerin, Bisabolol.<\/p>","protected":false},"excerpt":{"rendered":"<p>Dieser wasserlose Balsam schafft eine ideale Umgebung, um den Heilungsprozess gesch\u00e4digter Haut zu erleichtern oder das Gef\u00fchl von Reizungen zu verringern Verwenden So oft wie n\u00f6tig auf die betroffenen Bereiche auftragen. Nicht auf blutende, offene oder nasse Wunden auftragen. Komposition Paraffinum Liquidum, Cera Microcristallina, Ceresin, Lanolinalkohol (Eucerit\u00ae), Panthenol, Glycerin, Bisabolol.<\/p>\n","protected":false},"featured_media":14277,"template":"","meta":{"_acf_changed":false,"footnotes":""},"product_brand":[],"product_cat":[47,42,56],"product_tag":[],"class_list":{"0":"post-14275","1":"product","2":"type-product","3":"status-publish","4":"has-post-thumbnail","6":"product_cat-dermocosmetique","7":"product_cat-para-pharmacie","8":"product_cat-soins-du-corps","10":"first","11":"instock","12":"taxable","13":"shipping-taxable","14":"purchasable","15":"product-type-simple"},"acf":[],"_links":{"self":[{"href":"https:\/\/www.pharmacieonline.lu\/de\/wp-json\/wp\/v2\/product\/14275","targetHints":{"allow":["GET"]}}],"collection":[{"href":"https:\/\/www.pharmacieonline.lu\/de\/wp-json\/wp\/v2\/product"}],"about":[{"href":"https:\/\/www.pharmacieonline.lu\/de\/wp-json\/wp\/v2\/types\/product"}],"version-history":[{"count":0,"href":"https:\/\/www.pharmacieonline.lu\/de\/wp-json\/wp\/v2\/product\/14275\/revisions"}],"wp:featuredmedia":[{"embeddable":true,"href":"https:\/\/www.pharmacieonline.lu\/de\/wp-json\/wp\/v2\/media\/14277"}],"wp:attachment":[{"href":"https:\/\/www.pharmacieonline.lu\/de\/wp-json\/wp\/v2\/media?parent=14275"}],"wp:term":[{"taxonomy":"product_brand","embeddable":true,"href":"https:\/\/www.pharmacieonline.lu\/de\/wp-json\/wp\/v2\/product_brand?post=14275"},{"taxonomy":"product_cat","embeddable":true,"href":"https:\/\/www.pharmacieonline.lu\/de\/wp-json\/wp\/v2\/product_cat?post=14275"},{"taxonomy":"product_tag","embeddable":true,"href":"https:\/\/www.pharmacieonline.lu\/de\/wp-json\/wp\/v2\/product_tag?post=14275"}],"curies":[{"name":"wp","href":"https:\/\/api.w.org\/{rel}","templated":true}]}}