{"id":14288,"date":"2021-01-29T10:25:08","date_gmt":"2021-01-29T09:25:08","guid":{"rendered":"https:\/\/www.pharmacieonline.lu\/?post_type=product&#038;p=14288"},"modified":"2026-04-09T22:25:44","modified_gmt":"2026-04-09T20:25:44","slug":"eucerin-hyaluron-filler-extra-riche-jour","status":"publish","type":"product","link":"https:\/\/www.pharmacieonline.lu\/de\/produit\/eucerin-hyaluron-filler-extra-riche-jour\/","title":{"rendered":"EUCERIN HYALURON FILLER EXTRA RICHE JOUR"},"content":{"rendered":"<p>Eucerin Hyaluron-FIller Extra reichhaltige Tagescreme<\/p>\n<p>Intensive t\u00e4gliche Fl\u00fcssigkeitszufuhr und Faltenreduzierung bei trockener Haut mit 5% Harnstoff und Hyalurons\u00e4ure<\/p>\n<p>Eucerin Hyaluron-Filler Extra reichhaltige Tagescreme spendet intensive Feuchtigkeit und reduziert sichtbar feine Linien und Falten, die durch trockene Haut verursacht werden. Es enth\u00e4lt 5% Harnstoff und Hyalurons\u00e4ure.<\/p>\n<p>Verwendung<br \/>\nTragen Sie eine d\u00fcnne Schicht Eucerin Hyal-Urea Anti-Falten-Tagespflege auf Ihr Gesicht auf und massieren Sie sie.<\/p>\n<p>Komposition<br \/>\nAqua, Glycerin, Cetearylalkohol, Harnstoff, Butylmethoxydibenzoylmethan, Octocrylen, Natriumlactat, Butylenglykoldicaprylat \/ Dicaprat, Butyrospermum Parkii-Butter, Dimethicon, hydriertes Coco-Glycerid-Prylus Amygdalus Prunus Amygdalus Dulcginat, Arginyllycisyloxyphenazin, Prunus Amygdalus Dulginat, Mphenyllycisyloxyphenazin SE, Polymethylsilsesquioxan, Natriumhyaluronat, Chondrus Crispus, Glycin-Soja-Keim-Extrakt, 1,2-Hexandiol, Cly-3idacyls\u00e4ure , Polyglyceryl-3-methylglucose, Trodium Distate, Triglycerid, Milchs\u00e4ure, Ethylhexylglycerin, Phenoxyethanol.<\/p>","protected":false},"excerpt":{"rendered":"<p>Eucerin Hyaluron-FIller Extra reichhaltige Tagescreme Intensive t\u00e4gliche Fl\u00fcssigkeitszufuhr und Faltenreduzierung bei trockener Haut mit 5% Harnstoff und Hyalurons\u00e4ure Eucerin Hyaluron-Filler Extra reichhaltige Tagescreme spendet intensive Feuchtigkeit und reduziert sichtbar feine Linien und Falten, die durch trockene Haut verursacht werden. Es enth\u00e4lt 5% Harnstoff und Hyalurons\u00e4ure. Verwendung Tragen Sie eine d\u00fcnne Schicht Eucerin Hyal-Urea Anti-Falten-Tagespflege auf [&hellip;]<\/p>\n","protected":false},"featured_media":14290,"template":"","meta":{"_acf_changed":false,"footnotes":""},"product_brand":[],"product_cat":[47,42,54],"product_tag":[],"class_list":{"0":"post-14288","1":"product","2":"type-product","3":"status-publish","4":"has-post-thumbnail","6":"product_cat-dermocosmetique","7":"product_cat-para-pharmacie","8":"product_cat-soins-du-visage","10":"first","11":"outofstock","12":"taxable","13":"shipping-taxable","14":"purchasable","15":"product-type-simple"},"acf":[],"_links":{"self":[{"href":"https:\/\/www.pharmacieonline.lu\/de\/wp-json\/wp\/v2\/product\/14288","targetHints":{"allow":["GET"]}}],"collection":[{"href":"https:\/\/www.pharmacieonline.lu\/de\/wp-json\/wp\/v2\/product"}],"about":[{"href":"https:\/\/www.pharmacieonline.lu\/de\/wp-json\/wp\/v2\/types\/product"}],"version-history":[{"count":0,"href":"https:\/\/www.pharmacieonline.lu\/de\/wp-json\/wp\/v2\/product\/14288\/revisions"}],"wp:featuredmedia":[{"embeddable":true,"href":"https:\/\/www.pharmacieonline.lu\/de\/wp-json\/wp\/v2\/media\/14290"}],"wp:attachment":[{"href":"https:\/\/www.pharmacieonline.lu\/de\/wp-json\/wp\/v2\/media?parent=14288"}],"wp:term":[{"taxonomy":"product_brand","embeddable":true,"href":"https:\/\/www.pharmacieonline.lu\/de\/wp-json\/wp\/v2\/product_brand?post=14288"},{"taxonomy":"product_cat","embeddable":true,"href":"https:\/\/www.pharmacieonline.lu\/de\/wp-json\/wp\/v2\/product_cat?post=14288"},{"taxonomy":"product_tag","embeddable":true,"href":"https:\/\/www.pharmacieonline.lu\/de\/wp-json\/wp\/v2\/product_tag?post=14288"}],"curies":[{"name":"wp","href":"https:\/\/api.w.org\/{rel}","templated":true}]}}