{"id":1431,"date":"2020-11-25T17:27:26","date_gmt":"2020-11-25T16:27:26","guid":{"rendered":"https:\/\/www.pharmacieonline.lu\/produit\/naaprep-promo-4515-fl-5-ml\/"},"modified":"2026-04-29T22:25:28","modified_gmt":"2026-04-29T20:25:28","slug":"naaprep-promo-4515-fl-5-ml","status":"publish","type":"product","link":"https:\/\/www.pharmacieonline.lu\/de\/produit\/naaprep-promo-4515-fl-5-ml\/","title":{"rendered":"NAAPREP PROMO 45+15 FL 5 ML"},"content":{"rendered":"<p>Sterile physiologische L\u00f6sung (0,9% NaCl) zur Nasen- und Ohrenhygiene oder zum Waschen der Augen bei Babys und Kindern oder zur Inhalation durch Spray (Aerosoltherapie). Jetzt in PROMO mit 15 Flaschen freier Fl\u00fcssigkeit.<\/p>\n<p>Indikation<\/p>\n<p>Sterile physiologische Kochsalzl\u00f6sung mit Natriumchlorid und gereinigtem Wasser.<\/p>\n<p>Verwendung<\/p>\n<p>Verwenden Sie niemals die gleiche Dosis f\u00fcr verschiedene Zwecke. Die Einzeldosis-Durchstechflasche ist ein Einwegmaterial f\u00fcr den individuellen Gebrauch. Nehmen Sie eine Durchstechflasche ab und drehen Sie die Kappe, um sie zu \u00f6ffnen.<\/p>\n<p>Naaprep \u2122 kann je nach Bedarf 1 bis 6 Mal t\u00e4glich verwendet werden, um Nase oder Augen zu sp\u00fclen.<\/p>\n<p>F\u00fcr die Nasenhygiene: physiologisches Wasser zum Sp\u00fclen oder Reinigen einer trockenen oder verstopften Nase<\/p>\n<p>Anleitung: Neigen Sie Ihren Kopf nach hinten. Setzen Sie das Ende der Durchstechflasche vorsichtig in eines der Nasenl\u00f6cher und dr\u00fccken Sie die Durchstechflasche vorsichtig zusammen. Wiederholen Sie dies f\u00fcr das andere Nasenloch. Halten Sie Ihren Kopf aufrecht, damit der Schleim aus der Nase flie\u00dft und \u00fcbersch\u00fcssiges Produkt abwischt. Putzen Sie Ihre Nase nicht innerhalb von 10 Minuten nach der Verabreichung zu stark.<br \/>\nVorsichtsma\u00dfnahmen: Lassen Sie einige Tropfen des Produkts ohne Druck in die Nase des Babys flie\u00dfen, um das Risiko einer Kontamination des Mittelohrs zu vermeiden.<\/p>\n<p>F\u00fcr die Augenhygiene: physiologisches Wasser als Sp\u00fclung oder Augensp\u00fclung zur Reinigung der Augen<\/p>\n<p>Gebrauchsanweisung: Geben Sie ein paar Tropfen der sterilen physiologischen L\u00f6sung in jedes Auge und stellen Sie sicher, dass die Durchstechflasche nicht mit deren Oberfl\u00e4che in Kontakt kommt. Wischen Sie \u00fcbersch\u00fcssige Fl\u00fcssigkeit mit steriler Gaze ab.<br \/>\nVorsichtsma\u00dfnahmen: Warten Sie eine Viertelstunde, bevor Sie ein anderes Augenpflegeprodukt verwenden.<\/p>\n<p>Physiologisches Wasser zum Sp\u00fclen von Wunden<\/p>\n<p>Gebrauchsanweisung: Sp\u00fclen Sie die Wunde mit dem gesamten Inhalt einer Durchstechflasche. Achten Sie darauf, dass die Durchstechflasche nicht mit der Wunde in Kontakt kommt.<br \/>\nVorsichtsma\u00dfnahmen: Wischen Sie \u00fcbersch\u00fcssige Fl\u00fcssigkeit nur um die Wunde herum ab.<\/p>\n<p>Physiologisches Wasser f\u00fcr die Ohrenhygiene<\/p>\n<p>Verwenden Sie f\u00fcr eine perfekte Ohrenhygiene Naaprep \u2122, um l\u00f6sliches Ohrenschmalz zu entfernen und den \u00e4u\u00dferen Geh\u00f6rgang zu sp\u00fclen, nachdem Sie eine physiologische Tensidl\u00f6sung f\u00fcr das Ohr verwendet haben.<br \/>\nGebrauchsanweisung: Sp\u00fclen Sie den \u00e4u\u00dferen Geh\u00f6rgang mit Naaprep \u2122. Verwenden Sie eine Durchstechflasche Naaprep \u2122 f\u00fcr beide Ohren. \u00dcbersch\u00fcssige Fl\u00fcssigkeit mit Gaze abwischen.<\/p>\n<p>Physiologisches Wasser zur Verwendung in der Aerosoltherapie<\/p>\n<p>Gebrauchsanweisung: Befolgen Sie die Anweisungen Ihres Arztes, wenn Sie verd\u00fcnnte Aerosolmedikamente verwenden, oder konsultieren Sie die Produktbeilage f\u00fcr detailliertere Anweisungen zur Verwendung verd\u00fcnnter physiologischer Kochsalzl\u00f6sung. Wenn nur Naaprep \u2122 verwendet wird, befolgen Sie die Anweisungen des Aerosolger\u00e4ts.<br \/>\nVorsichtsma\u00dfnahmen: Fragen Sie Ihren Arzt vor dem ersten Gebrauch oder bei \u00dcberempfindlichkeit der Atemwege, schweren Atemwegserkrankungen oder Herz-Kreislauf-Erkrankungen um Rat.<\/p>\n<p>WIE SPEICHERE NAAPREP \u2122?<\/p>\n<p>Da das Produkt kein Konservierungsmittel enth\u00e4lt, ist es wichtig, den Inhalt der Durchstechflasche direkt nach dem \u00d6ffnen zu verwenden. Werfen Sie teilweise benutzte, ge\u00f6ffnete oder besch\u00e4digte Fl\u00e4schchen weg und entsorgen Sie die verbleibende Aerosolfl\u00fcssigkeit nach Gebrauch.<\/p>\n<p>Verwenden Sie das Produkt nicht nach dem auf der Einzeldosis angegebenen Verfallsdatum.<\/p>\n<p>AUSSERHALB DER REICHWEITE VON KINDERN.<\/p>\n<p>Komposition<\/p>\n<p>0,9 g Natriumchlorid \/ 100 ml gereinigtes Wasser<\/p>","protected":false},"excerpt":{"rendered":"<p>Sterile physiologische L\u00f6sung (0,9% NaCl) zur Nasen- und Ohrenhygiene oder zum Waschen der Augen bei Babys und Kindern oder zur Inhalation durch Spray (Aerosoltherapie). Jetzt in PROMO mit 15 Flaschen freier Fl\u00fcssigkeit. Indikation Sterile physiologische Kochsalzl\u00f6sung mit Natriumchlorid und gereinigtem Wasser. Verwendung Verwenden Sie niemals die gleiche Dosis f\u00fcr verschiedene Zwecke. Die Einzeldosis-Durchstechflasche ist ein [&hellip;]<\/p>\n","protected":false},"featured_media":3516,"template":"","meta":{"_acf_changed":false,"footnotes":""},"product_brand":[],"product_cat":[42,131,44,113],"product_tag":[],"class_list":{"0":"post-1431","1":"product","2":"type-product","3":"status-publish","4":"has-post-thumbnail","6":"product_cat-para-pharmacie","7":"product_cat-serum-physiologiques","8":"product_cat-bebe-maman","9":"product_cat-sante-bebe","11":"first","12":"instock","13":"taxable","14":"shipping-taxable","15":"purchasable","16":"product-type-simple"},"acf":[],"_links":{"self":[{"href":"https:\/\/www.pharmacieonline.lu\/de\/wp-json\/wp\/v2\/product\/1431","targetHints":{"allow":["GET"]}}],"collection":[{"href":"https:\/\/www.pharmacieonline.lu\/de\/wp-json\/wp\/v2\/product"}],"about":[{"href":"https:\/\/www.pharmacieonline.lu\/de\/wp-json\/wp\/v2\/types\/product"}],"version-history":[{"count":0,"href":"https:\/\/www.pharmacieonline.lu\/de\/wp-json\/wp\/v2\/product\/1431\/revisions"}],"wp:featuredmedia":[{"embeddable":true,"href":"https:\/\/www.pharmacieonline.lu\/de\/wp-json\/wp\/v2\/media\/3516"}],"wp:attachment":[{"href":"https:\/\/www.pharmacieonline.lu\/de\/wp-json\/wp\/v2\/media?parent=1431"}],"wp:term":[{"taxonomy":"product_brand","embeddable":true,"href":"https:\/\/www.pharmacieonline.lu\/de\/wp-json\/wp\/v2\/product_brand?post=1431"},{"taxonomy":"product_cat","embeddable":true,"href":"https:\/\/www.pharmacieonline.lu\/de\/wp-json\/wp\/v2\/product_cat?post=1431"},{"taxonomy":"product_tag","embeddable":true,"href":"https:\/\/www.pharmacieonline.lu\/de\/wp-json\/wp\/v2\/product_tag?post=1431"}],"curies":[{"name":"wp","href":"https:\/\/api.w.org\/{rel}","templated":true}]}}