{"id":1437,"date":"2020-11-25T17:27:26","date_gmt":"2020-11-25T16:27:26","guid":{"rendered":"https:\/\/www.pharmacieonline.lu\/produit\/pediakid-fer-vit-b-125-ml\/"},"modified":"2026-04-16T03:55:57","modified_gmt":"2026-04-16T01:55:57","slug":"pediakid-fer-vit-b-125-ml","status":"publish","type":"product","link":"https:\/\/www.pharmacieonline.lu\/de\/produit\/pediakid-fer-vit-b-125-ml\/","title":{"rendered":"PEDIAKID FER + VIT B 125 ML"},"content":{"rendered":"<p>Zutaten: Agavensirup 40%, gereinigtes Wasser, Akazienfasern 15%, Hydroglycerin-Pflanzenextrakt 7,5% (Wasser, pflanzliches Glycerin, Spirulina, Karotte, Spinat, Topinambur, Geduld), Vitamin- und Mineralkomplex: Pyrophosphat<br \/>\nvon Eisen, Vitamine B1-B2-B3-B5-B6-B8-B9-B12; Aromen wie nat\u00fcrliches Bananenaroma, nat\u00fcrliches Bananenkonzentrat,<br \/>\nKonservierungsmittel: Kaliumsorbat, S\u00e4ureregulator: Zitronens\u00e4ure.<\/p>\n<p>Gluten-frei<\/p>\n<p>Durchschnittliche N\u00e4hrwertangaben \/ 4 Teel\u00f6ffel (20 ml) *:<\/p>\n<p>Eisen: 14 mg **<br \/>\nVitamin B1: 1,1 mg **<br \/>\nVitamin B2: 1,4 mg **<br \/>\nVitamin B3: 16 mg **<br \/>\nVitamin B5: 6 mg **<br \/>\nVitamin B6: 1,4 mg **<br \/>\nVitamin B8: 50 \u00b5g **<br \/>\nVitamin B9: 200 \u00b5g **<br \/>\nVitamin B12: 2,5 \u00b5g **<br \/>\nSpirulina-Extrakt (Spirulina maxima): 370 mg<br \/>\nKarottenextrakt (Daucus carota): 370 mg<br \/>\nSpinatextrakt (Spinacia oleracea): 370 mg<br \/>\nTopinambur-Extrakt (Helianthus tuberosus): 370 mg<br \/>\nGeduldsextrakt (Rumex patientia): 370 mg<\/p>\n<p>* Diese Werte k\u00f6nnen geringf\u00fcgigen Abweichungen unterliegen, die normalerweise bei Produkten nat\u00fcrlichen Ursprungs auftreten.<\/p>\n<p>** 100% AR (Referenzbeitr\u00e4ge)<\/p>","protected":false},"excerpt":{"rendered":"<p class=\"qtranxs-available-languages-message qtranxs-available-languages-message-de\">\n<h1>PEDIAKID FER + VITAMINES B<\/h1>\n<div class=\"slogan-reviews\"><span class=\"product-slogan\">Optimise les apports en fer<\/span><span class=\"product-insidecontent\">Flacon de 125 ml<\/span><\/div>\n<div id=\"short_description_block\" class=\"short_description\">\n<div id=\"short_description_content\" class=\"rte\">\n<ul>\n<li>Riche en Vitamines B et en Fer biodisponible qui participe \u00e0 la r\u00e9duction de la fatigue<\/li>\n<\/ul>\n<p>&nbsp;<\/p>\n<p><strong>Le + produit :\u00a0<\/strong><strong>Une innovation exclusive : Le Nectar d\u2019Agave<\/strong><\/p>\n<p>Plus doux et moins \u00e9pais que le miel, ce sucre d\u2019origine v\u00e9g\u00e9tale fabriqu\u00e9 au Mexique est contenu dans toutes les formulations PEDIAKID\u00ae Sirops. Il est constitu\u00e9 de sucres naturels, non raffin\u00e9s, ce qui lui conf\u00e8re des qualit\u00e9s nutritionnelles sp\u00e9cifiques.<\/p>\n<p><strong>Conseils d&#8217;utilisation :<\/strong>\u00a0D\u00e8s lors que l\u2019alimentation est diversifi\u00e9e<\/p>\n<ul>\n<li><strong>Avant 5 ans<\/strong>\u00a0: 1 cuill\u00e8re \u00e0 caf\u00e9 2 fois par jour, apr\u00e8s les repas.<\/li>\n<li><strong>Apr\u00e8s 5 ans\u00a0<\/strong>: 2 cuill\u00e8res \u00e0 caf\u00e9 2 fois par jour, apr\u00e8s les repas.<\/li>\n<\/ul>\n<p>En programme de 1 mois. Peut convenir \u00e9galement \u00e0 l\u2019adulte de plus de 15 ans.<\/p>\n<p><strong>Recommandations\u00a0<\/strong>: A conserver hors de la port\u00e9e des enfants, \u00e0 l&#8217;abri de la chaleur et de l\u2019humidit\u00e9. A consommer dans le cadre d&#8217;une alimentation vari\u00e9e et \u00e9quilibr\u00e9e, et d\u2019un mode de vie sain. Il est recommand\u00e9 de ne pas d\u00e9passer le dosage conseill\u00e9. A consommer de pr\u00e9f\u00e9rence avant la date indiqu\u00e9e sur l\u2019emballage.\u00a0A conserver au r\u00e9frig\u00e9rateur et consommer dans les 30 jours apr\u00e8s ouverture.<\/p>\n<\/div>\n<\/div>\n","protected":false},"featured_media":3478,"template":"","meta":{"_acf_changed":false,"footnotes":""},"product_brand":[],"product_cat":[42,953,78,782],"product_tag":[],"class_list":{"0":"post-1437","1":"product","2":"type-product","3":"status-publish","4":"has-post-thumbnail","6":"product_cat-para-pharmacie","7":"product_cat-complements-alimentaires","8":"product_cat-phytotherapie","9":"product_cat-vegan","11":"first","12":"instock","13":"taxable","14":"shipping-taxable","15":"purchasable","16":"product-type-simple"},"acf":[],"_links":{"self":[{"href":"https:\/\/www.pharmacieonline.lu\/de\/wp-json\/wp\/v2\/product\/1437","targetHints":{"allow":["GET"]}}],"collection":[{"href":"https:\/\/www.pharmacieonline.lu\/de\/wp-json\/wp\/v2\/product"}],"about":[{"href":"https:\/\/www.pharmacieonline.lu\/de\/wp-json\/wp\/v2\/types\/product"}],"version-history":[{"count":0,"href":"https:\/\/www.pharmacieonline.lu\/de\/wp-json\/wp\/v2\/product\/1437\/revisions"}],"wp:featuredmedia":[{"embeddable":true,"href":"https:\/\/www.pharmacieonline.lu\/de\/wp-json\/wp\/v2\/media\/3478"}],"wp:attachment":[{"href":"https:\/\/www.pharmacieonline.lu\/de\/wp-json\/wp\/v2\/media?parent=1437"}],"wp:term":[{"taxonomy":"product_brand","embeddable":true,"href":"https:\/\/www.pharmacieonline.lu\/de\/wp-json\/wp\/v2\/product_brand?post=1437"},{"taxonomy":"product_cat","embeddable":true,"href":"https:\/\/www.pharmacieonline.lu\/de\/wp-json\/wp\/v2\/product_cat?post=1437"},{"taxonomy":"product_tag","embeddable":true,"href":"https:\/\/www.pharmacieonline.lu\/de\/wp-json\/wp\/v2\/product_tag?post=1437"}],"curies":[{"name":"wp","href":"https:\/\/api.w.org\/{rel}","templated":true}]}}