{"id":1440,"date":"2020-11-25T17:27:26","date_gmt":"2020-11-25T16:27:26","guid":{"rendered":"https:\/\/www.pharmacieonline.lu\/produit\/pediakid-sommeil-125-ml\/"},"modified":"2026-04-16T16:25:19","modified_gmt":"2026-04-16T14:25:19","slug":"pediakid-sommeil-125-ml","status":"publish","type":"product","link":"https:\/\/www.pharmacieonline.lu\/de\/produit\/pediakid-sommeil-125-ml\/","title":{"rendered":"PEDIAKID SOMMEIL 125 ML"},"content":{"rendered":"<p>Zutaten: Agavensirup 40%, gereinigtes Wasser, Akazienfaser 15%, Hydroglycerin-Pflanzenextrakt 8% (Wasser,<br \/>\npflanzliches Glycerin, Orangenbl\u00fcte, Lavendel, Kamille, Zitronenmelisse, Majoran, Wei\u00dfdorn), nat\u00fcrliches Kirschkonzentrat, Aromen einschlie\u00dflich nat\u00fcrlichem Kirschgeschmack, Konservierungsmittel: Kaliumsorbat, S\u00e4ureregulator: Zitronens\u00e4ure, Magnesiumgluconat, Gluconatmangan, Natriumphosphat.<\/p>\n<p>Gluten-frei<\/p>\n<p>Durchschnittliche N\u00e4hrwertangaben \/ 2 Teel\u00f6ffel (10 ml) *:<\/p>\n<p>Magnesium: 0,2 mg (0,05% AR)<br \/>\nMangan: 0,14 mg (7% AR)<br \/>\nPhosphor: 0,06 mg (0,01% AR)<br \/>\nOrangenbl\u00fctenextrakt: 170 mg<br \/>\nLavendelextrakt: 170 mg<br \/>\nKamillenextrakt: 170 mg<br \/>\nZitronenmelissextrakt: 170 mg<br \/>\nMajoran-Extrakt: 170 mg<br \/>\nWei\u00dfdorn-Extrakt: 170 mg<\/p>\n<p>* Diese Werte k\u00f6nnen geringf\u00fcgigen Abweichungen unterliegen, die normalerweise bei Produkten nat\u00fcrlichen Ursprungs auftreten.<\/p>\n<p>AR: Referenzbeitr\u00e4ge<\/p>","protected":false},"excerpt":{"rendered":"<p class=\"qtranxs-available-languages-message qtranxs-available-languages-message-de\">\n<h1>PEDIAKID SOMMEIL<\/h1>\n<div class=\"slogan-reviews\"><span class=\"product-slogan\">Am\u00e9liore la qualit\u00e9 du sommeil et favorise l&#8217;endormissement<\/span><span class=\"product-insidecontent\">Flacon de 125 ml\u00a0<\/span><\/div>\n<div id=\"short_description_block\" class=\"short_description\">\n<div id=\"short_description_content\" class=\"rte\">\n<ul>\n<li>Aux extraits de fleur d\u2019Oranger, Lavande, Marjolaine et Aub\u00e9pine, pour contribuer au sommeil naturel<\/li>\n<li>Aux extraits de Camomille qui am\u00e9liore la qualit\u00e9 du sommeil<\/li>\n<li>Aux extraits de M\u00e9lisse pour favoriser l\u2019endormissement<\/li>\n<\/ul>\n<p>&nbsp;<\/p>\n<p><strong>Le + produit :\u00a0<\/strong><strong>Une innovation exclusive : Le Nectar d\u2019Agave !<\/strong><\/p>\n<p>Plus doux et moins \u00e9pais que le miel, ce sucre d\u2019origine v\u00e9g\u00e9tale fabriqu\u00e9 au Mexique est contenu dans toutes les formulations PEDIAKID\u00ae Sirops. Il est constitu\u00e9 de sucres naturels, non raffin\u00e9s, ce qui lui conf\u00e8re des qualit\u00e9s nutritionnelles sp\u00e9cifiques.<\/p>\n<p><strong>Conseils d&#8217;utilisation :\u00a0<\/strong>Peut \u00eatre utilis\u00e9 d\u00e8s lors que l\u2019alimentation est\u00a0diversifi\u00e9e. Agiter avant emploi.<\/p>\n<ul>\n<li><strong>Avant 5 ans\u00a0<\/strong>: 1 cuill\u00e8re \u00e0 caf\u00e9 avant le coucher.<\/li>\n<li><strong>Apr\u00e8s 5 ans<\/strong>\u00a0: 2 cuill\u00e8res \u00e0 caf\u00e9 avant le coucher.<\/li>\n<\/ul>\n<p>En programme de 1 \u00e0 2 mois. A renouveler\u00a0plusieurs fois dans l\u2019ann\u00e9e si n\u00e9cessaire.<br \/>\nCe produit peut \u00e9galement convenir \u00e0 l\u2019adulte\u00a0de plus de 15 ans.<\/p>\n<p><strong>Recommandations\u00a0<\/strong>: A conserver hors de la port\u00e9e des enfants, \u00e0 l&#8217;abri de la chaleur et de l\u2019humidit\u00e9. A consommer dans le cadre d&#8217;une alimentation vari\u00e9e et \u00e9quilibr\u00e9e, et d\u2019un mode de vie sain. Il est recommand\u00e9 de ne pas d\u00e9passer le dosage conseill\u00e9. A consommer de pr\u00e9f\u00e9rence avant la date indiqu\u00e9e sur l\u2019emballage.\u00a0A conserver au r\u00e9frig\u00e9rateur et consommer dans les 30 jours apr\u00e8s ouverture.<\/p>\n<\/div>\n<\/div>\n","protected":false},"featured_media":3483,"template":"","meta":{"_acf_changed":false,"footnotes":""},"product_brand":[],"product_cat":[42,953,78,782],"product_tag":[],"class_list":{"0":"post-1440","1":"product","2":"type-product","3":"status-publish","4":"has-post-thumbnail","6":"product_cat-para-pharmacie","7":"product_cat-complements-alimentaires","8":"product_cat-phytotherapie","9":"product_cat-vegan","11":"first","12":"instock","13":"taxable","14":"shipping-taxable","15":"purchasable","16":"product-type-simple"},"acf":[],"_links":{"self":[{"href":"https:\/\/www.pharmacieonline.lu\/de\/wp-json\/wp\/v2\/product\/1440","targetHints":{"allow":["GET"]}}],"collection":[{"href":"https:\/\/www.pharmacieonline.lu\/de\/wp-json\/wp\/v2\/product"}],"about":[{"href":"https:\/\/www.pharmacieonline.lu\/de\/wp-json\/wp\/v2\/types\/product"}],"version-history":[{"count":0,"href":"https:\/\/www.pharmacieonline.lu\/de\/wp-json\/wp\/v2\/product\/1440\/revisions"}],"wp:featuredmedia":[{"embeddable":true,"href":"https:\/\/www.pharmacieonline.lu\/de\/wp-json\/wp\/v2\/media\/3483"}],"wp:attachment":[{"href":"https:\/\/www.pharmacieonline.lu\/de\/wp-json\/wp\/v2\/media?parent=1440"}],"wp:term":[{"taxonomy":"product_brand","embeddable":true,"href":"https:\/\/www.pharmacieonline.lu\/de\/wp-json\/wp\/v2\/product_brand?post=1440"},{"taxonomy":"product_cat","embeddable":true,"href":"https:\/\/www.pharmacieonline.lu\/de\/wp-json\/wp\/v2\/product_cat?post=1440"},{"taxonomy":"product_tag","embeddable":true,"href":"https:\/\/www.pharmacieonline.lu\/de\/wp-json\/wp\/v2\/product_tag?post=1440"}],"curies":[{"name":"wp","href":"https:\/\/api.w.org\/{rel}","templated":true}]}}