{"id":1446,"date":"2020-11-25T17:27:26","date_gmt":"2020-11-25T16:27:26","guid":{"rendered":"https:\/\/www.pharmacieonline.lu\/produit\/toularynx-bromhexine-sir-180-ml\/"},"modified":"2026-04-02T22:25:58","modified_gmt":"2026-04-02T20:25:58","slug":"toularynx-bromhexine-sir-180-ml","status":"publish","type":"product","link":"https:\/\/www.pharmacieonline.lu\/de\/produit\/toularynx-bromhexine-sir-180-ml\/","title":{"rendered":"TOULARYNX BROMHEXINE SIR 180 ML"},"content":{"rendered":"<p>Indikation<br \/>\nAtemwegserkrankungen<\/p>\n<p>akute Bronchitis, Tracheobronchitis, chronische Bronchitis<br \/>\nChronisch obstruktive Lungenerkrankung, Bronchiektasie (= dauerhafte und irreversible Vergr\u00f6\u00dferung der Bronchien durch Zerst\u00f6rung ihres fibrokartilagin\u00e4ren Ger\u00fcsts)<br \/>\nakute und chronische Sinusitis<\/p>\n<p>Trockene Keratokonjunktivitis<\/p>\n<p>Sj\u00f6gren-Syndrom<\/p>\n<p>Verwendung<br \/>\nErwachsene und Kinder&gt; 15 Jahre<\/p>\n<p>3 mal t\u00e4glich 15 ml nach dem Essen<br \/>\nMaximale Dosis pro Dosis: 32 mg<br \/>\nMaximale Tagesdosis: 96 mg<\/p>\n<p>Kinder<br \/>\n10 bis 15 Jahre alt: 3 mal t\u00e4glich 10 ml nach dem Essen<br \/>\n5 bis 10 Jahre alt: 3 mal t\u00e4glich 5 ml nach dem Essen<br \/>\n2 bis 5 Jahre: 2 bis 3 mal t\u00e4glich 2 &#8211; 5 ml nach dem Essen<\/p>","protected":false},"excerpt":{"rendered":"<p>Indikation Atemwegserkrankungen akute Bronchitis, Tracheobronchitis, chronische Bronchitis Chronisch obstruktive Lungenerkrankung, Bronchiektasie (= dauerhafte und irreversible Vergr\u00f6\u00dferung der Bronchien durch Zerst\u00f6rung ihres fibrokartilagin\u00e4ren Ger\u00fcsts) akute und chronische Sinusitis Trockene Keratokonjunktivitis Sj\u00f6gren-Syndrom Verwendung Erwachsene und Kinder&gt; 15 Jahre 3 mal t\u00e4glich 15 ml nach dem Essen Maximale Dosis pro Dosis: 32 mg Maximale Tagesdosis: 96 mg Kinder [&hellip;]<\/p>\n","protected":false},"featured_media":3490,"template":"","meta":{"_acf_changed":false,"footnotes":""},"product_brand":[],"product_cat":[107,43,82],"product_tag":[],"class_list":{"0":"post-1446","1":"product","2":"type-product","3":"status-publish","4":"has-post-thumbnail","6":"product_cat-toux-seche","7":"product_cat-medicaments-en-vente-libre","8":"product_cat-toux","10":"first","11":"instock","12":"taxable","13":"shipping-taxable","14":"purchasable","15":"product-type-simple"},"acf":[],"_links":{"self":[{"href":"https:\/\/www.pharmacieonline.lu\/de\/wp-json\/wp\/v2\/product\/1446","targetHints":{"allow":["GET"]}}],"collection":[{"href":"https:\/\/www.pharmacieonline.lu\/de\/wp-json\/wp\/v2\/product"}],"about":[{"href":"https:\/\/www.pharmacieonline.lu\/de\/wp-json\/wp\/v2\/types\/product"}],"version-history":[{"count":0,"href":"https:\/\/www.pharmacieonline.lu\/de\/wp-json\/wp\/v2\/product\/1446\/revisions"}],"wp:featuredmedia":[{"embeddable":true,"href":"https:\/\/www.pharmacieonline.lu\/de\/wp-json\/wp\/v2\/media\/3490"}],"wp:attachment":[{"href":"https:\/\/www.pharmacieonline.lu\/de\/wp-json\/wp\/v2\/media?parent=1446"}],"wp:term":[{"taxonomy":"product_brand","embeddable":true,"href":"https:\/\/www.pharmacieonline.lu\/de\/wp-json\/wp\/v2\/product_brand?post=1446"},{"taxonomy":"product_cat","embeddable":true,"href":"https:\/\/www.pharmacieonline.lu\/de\/wp-json\/wp\/v2\/product_cat?post=1446"},{"taxonomy":"product_tag","embeddable":true,"href":"https:\/\/www.pharmacieonline.lu\/de\/wp-json\/wp\/v2\/product_tag?post=1446"}],"curies":[{"name":"wp","href":"https:\/\/api.w.org\/{rel}","templated":true}]}}