{"id":1449,"date":"2020-11-25T17:27:26","date_gmt":"2020-11-25T16:27:26","guid":{"rendered":"https:\/\/www.pharmacieonline.lu\/produit\/widmer-emuls-hydro-act-uv30-50-ml-parf\/"},"modified":"2026-04-03T07:55:32","modified_gmt":"2026-04-03T05:55:32","slug":"widmer-emuls-hydro-act-uv30-50-ml-parf","status":"publish","type":"product","link":"https:\/\/www.pharmacieonline.lu\/de\/produit\/widmer-emuls-hydro-act-uv30-50-ml-parf\/","title":{"rendered":"WIDMER EMULS HYDRO-ACT UV30 50 ML PARF"},"content":{"rendered":"<p>EMULSION: \u00d6L \/ WASSER<\/p>\n<p>F\u00fcr normale und Mischhaut<br \/>\nFeuchtigkeitsspendende Tagespflege<br \/>\nSch\u00fctzt<\/p>\n<p>Feuchtigkeitsemulsion Hydro-Active UV 30 sch\u00fctzt, pflegt und hydratisiert die Haut intensiv. UVA- und UVB-Filter sch\u00fctzen die empfindliche Gesichtshaut t\u00e4glich vor sch\u00e4dlichen UV-Strahlen. Die hochwirksame Tagespflege sch\u00fctzt langfristig vor vorzeitiger Hautalterung und sch\u00e4dlichen Umwelteinfl\u00fcssen. Dar\u00fcber hinaus stimuliert und bewahrt die innovative Wirkstoffkombination die hauteigenen nat\u00fcrlichen Anti-Aging-Funktionen.<\/p>\n<p>Biostimulanzien und Hyalurons\u00e4ure ersetzen die nat\u00fcrlichen feuchtigkeitsspeichernden Substanzen in der Hornschicht der Haut. Kreatin, ein nat\u00fcrlicher endogener Bestandteil des K\u00f6rpers und der Haut (ein Aminos\u00e4urederivat), f\u00f6rdert die Hauterneuerung. Panthenol beruhigt gereizte Haut. Vitamin E neutralisiert sch\u00e4dliche freie Radikale. Shea Butter ist ein hochwertiges Pflanzenlipid, das die Lipide der Haut wiederherstellt, die Haut gl\u00e4ttet und vor sch\u00e4dlichen Umwelteinfl\u00fcssen sch\u00fctzt.<\/p>\n<p>Komposition<br \/>\nAqua, Isopropylisostearat, Glycerin, Butylenglykol, Cyclopentasiloxan, Triethylhexanoin, Panthenol, Polymethylmethacrylat, Squalan, Tocopherylacetat, Phenoxyethanol, Cetearylolivat, Cetylalkohol, Butyrospermum Parkii (Shea Butterlycumumum) Butterolospermum), Kaliumbutterlycospermum Butterlycospermum (Shea Butterlycospermum), Kaliumbutterlycospermum Parkii (Shea Butterolospermumbutter), Dimethylalkohol, Butyrospermum Parkii (Shea Butterlycospermum), Dimethyl (Shea Butterlycospermum), Dimethyl (Shea Butterlycospermum) Polyisobuten, Acrylate \/ C10-30-Alkylacrylat-Crosspolymer, Arginin, Kollagenaminos\u00e4uren, Xanthangummi, Dinatrium-EDTA, Carbomer, Natriumhyaluronat, Polysorbat 20, Sorbitanoisostearat, Cocysorbat 20, Sorbitano-Isostearat-Clucosid<\/p>","protected":false},"excerpt":{"rendered":"<p>EMULSION: \u00d6L \/ WASSER F\u00fcr normale und Mischhaut Feuchtigkeitsspendende Tagespflege Sch\u00fctzt Feuchtigkeitsemulsion Hydro-Active UV 30 sch\u00fctzt, pflegt und hydratisiert die Haut intensiv. UVA- und UVB-Filter sch\u00fctzen die empfindliche Gesichtshaut t\u00e4glich vor sch\u00e4dlichen UV-Strahlen. Die hochwirksame Tagespflege sch\u00fctzt langfristig vor vorzeitiger Hautalterung und sch\u00e4dlichen Umwelteinfl\u00fcssen. Dar\u00fcber hinaus stimuliert und bewahrt die innovative Wirkstoffkombination die hauteigenen nat\u00fcrlichen [&hellip;]<\/p>\n","protected":false},"featured_media":3502,"template":"","meta":{"_acf_changed":false,"footnotes":""},"product_brand":[],"product_cat":[47,42,54,782],"product_tag":[],"class_list":{"0":"post-1449","1":"product","2":"type-product","3":"status-publish","4":"has-post-thumbnail","6":"product_cat-dermocosmetique","7":"product_cat-para-pharmacie","8":"product_cat-soins-du-visage","9":"product_cat-vegan","11":"first","12":"instock","13":"taxable","14":"shipping-taxable","15":"purchasable","16":"product-type-simple"},"acf":[],"_links":{"self":[{"href":"https:\/\/www.pharmacieonline.lu\/de\/wp-json\/wp\/v2\/product\/1449","targetHints":{"allow":["GET"]}}],"collection":[{"href":"https:\/\/www.pharmacieonline.lu\/de\/wp-json\/wp\/v2\/product"}],"about":[{"href":"https:\/\/www.pharmacieonline.lu\/de\/wp-json\/wp\/v2\/types\/product"}],"version-history":[{"count":0,"href":"https:\/\/www.pharmacieonline.lu\/de\/wp-json\/wp\/v2\/product\/1449\/revisions"}],"wp:featuredmedia":[{"embeddable":true,"href":"https:\/\/www.pharmacieonline.lu\/de\/wp-json\/wp\/v2\/media\/3502"}],"wp:attachment":[{"href":"https:\/\/www.pharmacieonline.lu\/de\/wp-json\/wp\/v2\/media?parent=1449"}],"wp:term":[{"taxonomy":"product_brand","embeddable":true,"href":"https:\/\/www.pharmacieonline.lu\/de\/wp-json\/wp\/v2\/product_brand?post=1449"},{"taxonomy":"product_cat","embeddable":true,"href":"https:\/\/www.pharmacieonline.lu\/de\/wp-json\/wp\/v2\/product_cat?post=1449"},{"taxonomy":"product_tag","embeddable":true,"href":"https:\/\/www.pharmacieonline.lu\/de\/wp-json\/wp\/v2\/product_tag?post=1449"}],"curies":[{"name":"wp","href":"https:\/\/api.w.org\/{rel}","templated":true}]}}