{"id":1461,"date":"2020-11-25T17:27:27","date_gmt":"2020-11-25T16:27:27","guid":{"rendered":"https:\/\/www.pharmacieonline.lu\/produit\/pures-anti-pique-spray-75-ml\/"},"modified":"2026-04-03T07:55:31","modified_gmt":"2026-04-03T05:55:31","slug":"pures-anti-pique-spray-75-ml","status":"publish","type":"product","link":"https:\/\/www.pharmacieonline.lu\/de\/produit\/pures-anti-pique-spray-75-ml\/","title":{"rendered":"PURES ANTI-PIQUE SPRAY 75 ML"},"content":{"rendered":"<p>Das Anti-Stich-Spray hat eine doppelte Wirkung: Abwehrmittel und beruhigend. \u2022 Abwehrmittel: Basierend auf Citriodiol\u00ae, einem nat\u00fcrlichen Wirkstoff aus dem \u00e4therischen \u00d6l von Eucalyptus citriodora, weist es M\u00fccken in gem\u00e4\u00dfigten und tropischen Gebieten bis zu 7 Stunden lang wirksam gegen M\u00fccken (Aedes albopictus und Culex pipiens) ab. bis 6.30 Uhr f\u00fcr M\u00fccken (Aedes aegypti und Anopheles gambiae).<\/p>\n<p>\u2022 Beruhigend: Dieses Produkt ist dank seiner 5 \u00e4therischen \u00d6le (Teebaum, Zitronengras von Java, Lavandin Grosso, Niaouli und Pfefferminze) auch bei Bissen ideal, um sofort zu beruhigen.<\/p>\n<p>Spr\u00fchen Sie ohne Treibgas.<\/p>\n<p>Nicht phototoxisch.<\/p>\n<p>Verwenden<br \/>\nVor Gebrauch gut sch\u00fctteln. 6 Sprays pro zu sch\u00fctzender Bereich. Reiben Sie, um das Produkt gleichm\u00e4\u00dfig zu verteilen. Spr\u00fchen Sie das Produkt f\u00fcr das Gesicht auf die H\u00e4nde und tragen Sie es dann auf die Wangen und die Stirn auf. Wiederholen Sie die Anwendung bei Bedarf, ohne 3 Anwendungen pro Tag zu \u00fcberschreiten. Nach Gebrauch die H\u00e4nde waschen. Nach dem Schwimmen erneut auftragen. Bei Kindern (&gt; 30 Monate) nicht mehr als 7 Sprays pro Tag \u00fcberschreiten (1 Spray = 0,18 ml).<\/p>\n<p>Komposition<br \/>\nAktiv 100% nat\u00fcrlichen Ursprungs<\/p>","protected":false},"excerpt":{"rendered":"<p>Das Anti-Stich-Spray hat eine doppelte Wirkung: Abwehrmittel und beruhigend. \u2022 Abwehrmittel: Basierend auf Citriodiol\u00ae, einem nat\u00fcrlichen Wirkstoff aus dem \u00e4therischen \u00d6l von Eucalyptus citriodora, weist es M\u00fccken in gem\u00e4\u00dfigten und tropischen Gebieten bis zu 7 Stunden lang wirksam gegen M\u00fccken (Aedes albopictus und Culex pipiens) ab. bis 6.30 Uhr f\u00fcr M\u00fccken (Aedes aegypti und Anopheles [&hellip;]<\/p>\n","protected":false},"featured_media":3434,"template":"","meta":{"_acf_changed":false,"footnotes":""},"product_brand":[],"product_cat":[42,79,782],"product_tag":[],"class_list":{"0":"post-1461","1":"product","2":"type-product","3":"status-publish","4":"has-post-thumbnail","6":"product_cat-para-pharmacie","7":"product_cat-aromatherapie","8":"product_cat-vegan","10":"first","11":"instock","12":"taxable","13":"shipping-taxable","14":"purchasable","15":"product-type-simple"},"acf":[],"_links":{"self":[{"href":"https:\/\/www.pharmacieonline.lu\/de\/wp-json\/wp\/v2\/product\/1461","targetHints":{"allow":["GET"]}}],"collection":[{"href":"https:\/\/www.pharmacieonline.lu\/de\/wp-json\/wp\/v2\/product"}],"about":[{"href":"https:\/\/www.pharmacieonline.lu\/de\/wp-json\/wp\/v2\/types\/product"}],"version-history":[{"count":0,"href":"https:\/\/www.pharmacieonline.lu\/de\/wp-json\/wp\/v2\/product\/1461\/revisions"}],"wp:featuredmedia":[{"embeddable":true,"href":"https:\/\/www.pharmacieonline.lu\/de\/wp-json\/wp\/v2\/media\/3434"}],"wp:attachment":[{"href":"https:\/\/www.pharmacieonline.lu\/de\/wp-json\/wp\/v2\/media?parent=1461"}],"wp:term":[{"taxonomy":"product_brand","embeddable":true,"href":"https:\/\/www.pharmacieonline.lu\/de\/wp-json\/wp\/v2\/product_brand?post=1461"},{"taxonomy":"product_cat","embeddable":true,"href":"https:\/\/www.pharmacieonline.lu\/de\/wp-json\/wp\/v2\/product_cat?post=1461"},{"taxonomy":"product_tag","embeddable":true,"href":"https:\/\/www.pharmacieonline.lu\/de\/wp-json\/wp\/v2\/product_tag?post=1461"}],"curies":[{"name":"wp","href":"https:\/\/api.w.org\/{rel}","templated":true}]}}