{"id":1465,"date":"2020-11-25T17:27:27","date_gmt":"2020-11-25T16:27:27","guid":{"rendered":"https:\/\/www.pharmacieonline.lu\/produit\/dafalgan-forte-1-g-10-cpr\/"},"modified":"2026-04-03T10:25:55","modified_gmt":"2026-04-03T08:25:55","slug":"dafalgan-forte-1-g-10-cpr","status":"publish","type":"product","link":"https:\/\/www.pharmacieonline.lu\/de\/produit\/dafalgan-forte-1-g-10-cpr\/","title":{"rendered":"DAFALGAN FORTE 1 G 10 CPR"},"content":{"rendered":"<p><\/p>\n<p>Douleur et fi\u00e8vre.<\/p>\n<p>Adultes et enfants &gt; 15 ans<\/p>\n<ul>\n<li>Posologie usuelle: 1 g par prise, toutes les 6 \u00e0 8 heures<\/li>\n<li>Intervalle min. entre 2 prises: 4 heures<\/li>\n<li>Dose max.\n<ul>\n<li>4 comprim\u00e9s par jour durant max. 4 semaines<\/li>\n<li>3 comprim\u00e9s par jour &gt; 4 semaines<\/li>\n<\/ul>\n<\/li>\n<\/ul>\n<p>Mode d&#8217;administration<\/p>\n<ul>\n<li>Avaler les comprim\u00e9s avec un verre d&#8217;eau<\/li>\n<li>En cas de probl\u00e8mes de d\u00e9glutition le comprim\u00e9 peut \u00eatre cass\u00e9 en deux pour faciliter la prise.<\/li>\n<\/ul>\n<p><\/p>","protected":false},"excerpt":{"rendered":"<p>Douleur et fi\u00e8vre. Adultes et enfants &gt; 15 ans Posologie usuelle: 1 g par prise, toutes les 6 \u00e0 8 heures Intervalle min. entre 2 prises: 4 heures Dose max. 4 comprim\u00e9s par jour durant max. 4 semaines 3 comprim\u00e9s par jour &gt; 4 semaines Mode d&#8217;administration Avaler les comprim\u00e9s avec un verre d&#8217;eau En [&hellip;]<\/p>\n","protected":false},"featured_media":3449,"template":"","meta":{"_acf_changed":false,"footnotes":""},"product_brand":[],"product_cat":[43,94,93,86],"product_tag":[],"class_list":{"0":"post-1465","1":"product","2":"type-product","3":"status-publish","4":"has-post-thumbnail","6":"product_cat-medicaments-en-vente-libre","7":"product_cat-maux","8":"product_cat-fievre","9":"product_cat-grippe","11":"first","12":"instock","13":"taxable","14":"shipping-taxable","15":"purchasable","16":"product-type-simple"},"acf":[],"_links":{"self":[{"href":"https:\/\/www.pharmacieonline.lu\/de\/wp-json\/wp\/v2\/product\/1465","targetHints":{"allow":["GET"]}}],"collection":[{"href":"https:\/\/www.pharmacieonline.lu\/de\/wp-json\/wp\/v2\/product"}],"about":[{"href":"https:\/\/www.pharmacieonline.lu\/de\/wp-json\/wp\/v2\/types\/product"}],"version-history":[{"count":0,"href":"https:\/\/www.pharmacieonline.lu\/de\/wp-json\/wp\/v2\/product\/1465\/revisions"}],"wp:featuredmedia":[{"embeddable":true,"href":"https:\/\/www.pharmacieonline.lu\/de\/wp-json\/wp\/v2\/media\/3449"}],"wp:attachment":[{"href":"https:\/\/www.pharmacieonline.lu\/de\/wp-json\/wp\/v2\/media?parent=1465"}],"wp:term":[{"taxonomy":"product_brand","embeddable":true,"href":"https:\/\/www.pharmacieonline.lu\/de\/wp-json\/wp\/v2\/product_brand?post=1465"},{"taxonomy":"product_cat","embeddable":true,"href":"https:\/\/www.pharmacieonline.lu\/de\/wp-json\/wp\/v2\/product_cat?post=1465"},{"taxonomy":"product_tag","embeddable":true,"href":"https:\/\/www.pharmacieonline.lu\/de\/wp-json\/wp\/v2\/product_tag?post=1465"}],"curies":[{"name":"wp","href":"https:\/\/api.w.org\/{rel}","templated":true}]}}