{"id":1488,"date":"2020-11-25T17:27:27","date_gmt":"2020-11-25T16:27:27","guid":{"rendered":"https:\/\/www.pharmacieonline.lu\/produit\/pures-anti-poux-shamp-poudoux-200ml\/"},"modified":"2026-04-03T07:55:31","modified_gmt":"2026-04-03T05:55:31","slug":"pures-anti-poux-shamp-poudoux-200ml","status":"publish","type":"product","link":"https:\/\/www.pharmacieonline.lu\/de\/produit\/pures-anti-poux-shamp-poudoux-200ml\/","title":{"rendered":"PURES ANTI-POUX SHAMP POUDOUX 200ML"},"content":{"rendered":"<p>Zus\u00e4tzlich zur Anti-L\u00e4use-Lotion wird dieses nat\u00fcrliche Shampoo * mit \u00e4therischen \u00d6len verwendet, um Nissen und tote L\u00e4use zu entfernen. Angereichert mit Aloe Vera reinigt und beruhigt es die Kopfhaut. Dieses nat\u00fcrliche Shampoo aus kontrolliert biologischem Anbau mit frischem Duft trocknet das Haar nicht aus und ist f\u00fcr den h\u00e4ufigen Gebrauch formuliert.<\/p>\n<p>Verwendung<br \/>\nTragen Sie dieses nat\u00fcrliche Shampoo * auf nasses Haar und Schaum auf. Dann gr\u00fcndlich mit Wasser absp\u00fclen.<\/p>\n<p>* nat\u00fcrlichen Ursprungs<\/p>\n<p>Komposition<br \/>\nessentielle \u00d6le :<\/p>\n<p>Echter Lavendel, Lavandin Grosso, Geranie, Ylang Ylang.<\/p>\n<p>ZUTATEN:<br \/>\nAQUA, NATRIUMLAURYLSULFAT, LAVANDULA ANGUSTIFOLIA-BLUMENWASSER *, INULIN, NATRIUM-COCOAMPHOACETAT, NATRIUM-PCA, GLYCERIN, CAPRYLYL \/ CAPRYLGLUCOSIN, CITRINS\u00c4URE, SODIUMCHLORZ, CITRINS\u00c4URE, SODIUMCHLORZ, GLITZER, CITRINS\u00c4URE, SODIUMCHLORZ, ZITRINS\u00c4URE, SODIUMCHLORZ, ZITRINS\u00c4URE, SODIUMCHOLOR, NATRIUMCHLORID, NATRIUMBENZOOLAT, OERYLAT, GLYCERINGLYCERIN, GLYCERIN, GLYCERIN, GLYCERINGLAS, OBERRYLAT, NATRIUMCHLORID, NATRIUMBENZOOLAT, OERYLIA, GLYCERIN *, OBERLIA, GLYCERIN * , Pelargonium Graveolens \u00d6l *, Kaliumsorbat, Hydrogenated Palm Glycerides Citrate, Hydrogenated Palm Glycerides Citrate, Hydrogenated Palm Glycerides Citrate, Hydrogenated Palm Glycerides Citrate, Hydrogenated Palm Glycerides Citrate, Hydrogenated Palm Glycerides Citrate, BENZOLYLODENSIS, BENZOCOPHEROLATE, BENZOOPHEROLATE.<\/p>\n<p>* Zutaten aus dem \u00f6kologischen Landbau. ** aus Bio-Zutaten verarbeitet<\/p>","protected":false},"excerpt":{"rendered":"<p>Zus\u00e4tzlich zur Anti-L\u00e4use-Lotion wird dieses nat\u00fcrliche Shampoo * mit \u00e4therischen \u00d6len verwendet, um Nissen und tote L\u00e4use zu entfernen. Angereichert mit Aloe Vera reinigt und beruhigt es die Kopfhaut. Dieses nat\u00fcrliche Shampoo aus kontrolliert biologischem Anbau mit frischem Duft trocknet das Haar nicht aus und ist f\u00fcr den h\u00e4ufigen Gebrauch formuliert. Verwendung Tragen Sie dieses [&hellip;]<\/p>\n","protected":false},"featured_media":3438,"template":"","meta":{"_acf_changed":false,"footnotes":""},"product_brand":[],"product_cat":[110,42,80,79,782],"product_tag":[],"class_list":{"0":"post-1488","1":"product","2":"type-product","3":"status-publish","4":"has-post-thumbnail","6":"product_cat-shampoing","7":"product_cat-para-pharmacie","8":"product_cat-anti-poux","9":"product_cat-aromatherapie","10":"product_cat-vegan","12":"first","13":"instock","14":"taxable","15":"shipping-taxable","16":"purchasable","17":"product-type-simple"},"acf":[],"_links":{"self":[{"href":"https:\/\/www.pharmacieonline.lu\/de\/wp-json\/wp\/v2\/product\/1488","targetHints":{"allow":["GET"]}}],"collection":[{"href":"https:\/\/www.pharmacieonline.lu\/de\/wp-json\/wp\/v2\/product"}],"about":[{"href":"https:\/\/www.pharmacieonline.lu\/de\/wp-json\/wp\/v2\/types\/product"}],"version-history":[{"count":0,"href":"https:\/\/www.pharmacieonline.lu\/de\/wp-json\/wp\/v2\/product\/1488\/revisions"}],"wp:featuredmedia":[{"embeddable":true,"href":"https:\/\/www.pharmacieonline.lu\/de\/wp-json\/wp\/v2\/media\/3438"}],"wp:attachment":[{"href":"https:\/\/www.pharmacieonline.lu\/de\/wp-json\/wp\/v2\/media?parent=1488"}],"wp:term":[{"taxonomy":"product_brand","embeddable":true,"href":"https:\/\/www.pharmacieonline.lu\/de\/wp-json\/wp\/v2\/product_brand?post=1488"},{"taxonomy":"product_cat","embeddable":true,"href":"https:\/\/www.pharmacieonline.lu\/de\/wp-json\/wp\/v2\/product_cat?post=1488"},{"taxonomy":"product_tag","embeddable":true,"href":"https:\/\/www.pharmacieonline.lu\/de\/wp-json\/wp\/v2\/product_tag?post=1488"}],"curies":[{"name":"wp","href":"https:\/\/api.w.org\/{rel}","templated":true}]}}