{"id":1489,"date":"2020-11-25T17:27:27","date_gmt":"2020-11-25T16:27:27","guid":{"rendered":"https:\/\/www.pharmacieonline.lu\/produit\/vitry-pince-epiler-extra-inox-coul-m-eff\/"},"modified":"2026-04-09T18:25:33","modified_gmt":"2026-04-09T16:25:33","slug":"vitry-pince-epiler-extra-inox-coul-m-eff","status":"publish","type":"product","link":"https:\/\/www.pharmacieonline.lu\/de\/produit\/vitry-pince-epiler-extra-inox-coul-m-eff\/","title":{"rendered":"VITRY PINCE EPILER EXTRA INOX COUL M EFF"},"content":{"rendered":"<p>Vitry bringt sein neuestes Pinzettenmodell auf den Markt!<\/p>\n<p>Die Yatagan-Pinzette kombiniert Vitry-Know-how mit einem Hauch von Innovation.<\/p>\n<p>Mit dem fein abgeschr\u00e4gten Kiefer k\u00f6nnen Sie die feinsten und widerstandsf\u00e4higsten Haare zupfen.<\/p>","protected":false},"excerpt":{"rendered":"<p>Vitry bringt sein neuestes Pinzettenmodell auf den Markt! Die Yatagan-Pinzette kombiniert Vitry-Know-how mit einem Hauch von Innovation. Mit dem fein abgeschr\u00e4gten Kiefer k\u00f6nnen Sie die feinsten und widerstandsf\u00e4higsten Haare zupfen.<\/p>\n","protected":false},"featured_media":3457,"template":"","meta":{"_acf_changed":false,"footnotes":""},"product_brand":[],"product_cat":[42,955],"product_tag":[],"class_list":{"0":"post-1489","1":"product","2":"type-product","3":"status-publish","4":"has-post-thumbnail","6":"product_cat-para-pharmacie","7":"product_cat-accessoires-manucure-pedicure","9":"first","10":"instock","11":"taxable","12":"shipping-taxable","13":"purchasable","14":"product-type-simple"},"acf":[],"_links":{"self":[{"href":"https:\/\/www.pharmacieonline.lu\/de\/wp-json\/wp\/v2\/product\/1489","targetHints":{"allow":["GET"]}}],"collection":[{"href":"https:\/\/www.pharmacieonline.lu\/de\/wp-json\/wp\/v2\/product"}],"about":[{"href":"https:\/\/www.pharmacieonline.lu\/de\/wp-json\/wp\/v2\/types\/product"}],"version-history":[{"count":0,"href":"https:\/\/www.pharmacieonline.lu\/de\/wp-json\/wp\/v2\/product\/1489\/revisions"}],"wp:featuredmedia":[{"embeddable":true,"href":"https:\/\/www.pharmacieonline.lu\/de\/wp-json\/wp\/v2\/media\/3457"}],"wp:attachment":[{"href":"https:\/\/www.pharmacieonline.lu\/de\/wp-json\/wp\/v2\/media?parent=1489"}],"wp:term":[{"taxonomy":"product_brand","embeddable":true,"href":"https:\/\/www.pharmacieonline.lu\/de\/wp-json\/wp\/v2\/product_brand?post=1489"},{"taxonomy":"product_cat","embeddable":true,"href":"https:\/\/www.pharmacieonline.lu\/de\/wp-json\/wp\/v2\/product_cat?post=1489"},{"taxonomy":"product_tag","embeddable":true,"href":"https:\/\/www.pharmacieonline.lu\/de\/wp-json\/wp\/v2\/product_tag?post=1489"}],"curies":[{"name":"wp","href":"https:\/\/api.w.org\/{rel}","templated":true}]}}